{"id":8952,"date":"2022-12-09T09:28:01","date_gmt":"2022-12-09T09:28:01","guid":{"rendered":"https:\/\/luxmanlight.com\/?page_id=8952"},"modified":"2026-02-08T08:47:35","modified_gmt":"2026-02-08T08:47:35","slug":"centro-de-download","status":"publish","type":"page","link":"https:\/\/luxmanlight.com\/pt\/download-center\/","title":{"rendered":"Centro de download"},"content":{"rendered":"<div data-elementor-type=\"wp-page\" data-elementor-id=\"8952\" class=\"elementor elementor-8952\" data-elementor-post-type=\"page\">\n\t\t\t\t<div class=\"elementor-element elementor-element-9d338e5 e-flex e-con-boxed e-con e-parent\" data-id=\"9d338e5\" data-element_type=\"container\" data-e-type=\"container\">\n\t\t\t\t\t<div class=\"e-con-inner\">\n\t\t\t\t<div class=\"elementor-element elementor-element-9d14bb0 elementor-widget elementor-widget-heading\" data-id=\"9d14bb0\" data-element_type=\"widget\" data-e-type=\"widget\" data-widget_type=\"heading.default\">\n\t\t\t\t\t<h2 class=\"elementor-heading-title elementor-size-default\">Centro de download<\/h2>\t\t\t\t<\/div>\n\t\t\t\t<div class=\"elementor-element elementor-element-a6139b2 elementor-widget elementor-widget-text-editor\" data-id=\"a6139b2\" data-element_type=\"widget\" data-e-type=\"widget\" data-widget_type=\"text-editor.default\">\n\t\t\t\t\t\t\t\t\t<table data-v-md-line=\"3\"><thead><tr><th>S\u00e9rie de produtos<\/th><th>Link para download<\/th><\/tr><\/thead><tbody><tr><td>Cat\u00e1logo de lumin\u00e1rias solares Luxman 2019<\/td><td><a href=\"https:\/\/luxmanlight.com\/wp-content\/uploads\/2022\/11\/luxman-solar-street-light-catalog-2019.pdf\">Download<\/a><\/td><\/tr><tr><td>Ilumina\u00e7\u00e3o P\u00fablica Solar \u2013 S\u00e9rie S3<\/td><td><a href=\"https:\/\/luxmanlight.com\/wp-content\/uploads\/2022\/04\/Solar-Street-Light-S3-Series.pdf\">Download<\/a><\/td><\/tr><tr><td>Lumin\u00e1ria de rua LED solar integrada da s\u00e9rie S2<\/td><td><a href=\"https:\/\/luxmanlight.com\/wp-content\/uploads\/2021\/09\/S2-Series-Integrated-Solar-LED-Street-Light-Specification.pdf\">Download<\/a><\/td><\/tr><\/tbody><\/table>\t\t\t\t\t\t\t\t<\/div>\n\t\t\t\t\t<\/div>\n\t\t\t\t<\/div>\n\t\t\t\t<\/div>","protected":false},"excerpt":{"rendered":"<p>Download center Product Series Download Link Luxman Solar Street Light Catalog 2019 Download Solar Street Light \u2013 S3 Series Download [&hellip;]<\/p>\n","protected":false},"author":8,"featured_media":0,"parent":0,"menu_order":0,"comment_status":"closed","ping_status":"closed","template":"elementor_header_footer","meta":{"site-sidebar-layout":"default","site-content-layout":"","ast-site-content-layout":"default","site-content-style":"default","site-sidebar-style":"default","ast-global-header-display":"","ast-banner-title-visibility":"","ast-main-header-display":"","ast-hfb-above-header-display":"","ast-hfb-below-header-display":"","ast-hfb-mobile-header-display":"","site-post-title":"","ast-breadcrumbs-content":"","ast-featured-img":"","footer-sml-layout":"","ast-disable-related-posts":"","theme-transparent-header-meta":"","adv-header-id-meta":"","stick-header-meta":"","header-above-stick-meta":"","header-main-stick-meta":"","header-below-stick-meta":"","astra-migrate-meta-layouts":"default","ast-page-background-enabled":"default","ast-page-background-meta":{"desktop":{"background-color":"var(--ast-global-color-5)","background-image":"","background-repeat":"repeat","background-position":"center center","background-size":"auto","background-attachment":"scroll","background-type":"","background-media":"","overlay-type":"","overlay-color":"","overlay-opacity":"","overlay-gradient":""},"tablet":{"background-color":"","background-image":"","background-repeat":"repeat","background-position":"center center","background-size":"auto","background-attachment":"scroll","background-type":"","background-media":"","overlay-type":"","overlay-color":"","overlay-opacity":"","overlay-gradient":""},"mobile":{"background-color":"","background-image":"","background-repeat":"repeat","background-position":"center center","background-size":"auto","background-attachment":"scroll","background-type":"","background-media":"","overlay-type":"","overlay-color":"","overlay-opacity":"","overlay-gradient":""}},"ast-content-background-meta":{"desktop":{"background-color":"var(--ast-global-color-4)","background-image":"","background-repeat":"repeat","background-position":"center center","background-size":"auto","background-attachment":"scroll","background-type":"","background-media":"","overlay-type":"","overlay-color":"","overlay-opacity":"","overlay-gradient":""},"tablet":{"background-color":"var(--ast-global-color-4)","background-image":"","background-repeat":"repeat","background-position":"center center","background-size":"auto","background-attachment":"scroll","background-type":"","background-media":"","overlay-type":"","overlay-color":"","overlay-opacity":"","overlay-gradient":""},"mobile":{"background-color":"var(--ast-global-color-4)","background-image":"","background-repeat":"repeat","background-position":"center center","background-size":"auto","background-attachment":"scroll","background-type":"","background-media":"","overlay-type":"","overlay-color":"","overlay-opacity":"","overlay-gradient":""}},"footnotes":""},"class_list":["post-8952","page","type-page","status-publish","hentry"],"_links":{"self":[{"href":"https:\/\/luxmanlight.com\/pt\/wp-json\/wp\/v2\/pages\/8952","targetHints":{"allow":["GET"]}}],"collection":[{"href":"https:\/\/luxmanlight.com\/pt\/wp-json\/wp\/v2\/pages"}],"about":[{"href":"https:\/\/luxmanlight.com\/pt\/wp-json\/wp\/v2\/types\/page"}],"author":[{"embeddable":true,"href":"https:\/\/luxmanlight.com\/pt\/wp-json\/wp\/v2\/users\/8"}],"replies":[{"embeddable":true,"href":"https:\/\/luxmanlight.com\/pt\/wp-json\/wp\/v2\/comments?post=8952"}],"version-history":[{"count":3,"href":"https:\/\/luxmanlight.com\/pt\/wp-json\/wp\/v2\/pages\/8952\/revisions"}],"predecessor-version":[{"id":71721,"href":"https:\/\/luxmanlight.com\/pt\/wp-json\/wp\/v2\/pages\/8952\/revisions\/71721"}],"wp:attachment":[{"href":"https:\/\/luxmanlight.com\/pt\/wp-json\/wp\/v2\/media?parent=8952"}],"curies":[{"name":"wp","href":"https:\/\/api.w.org\/{rel}","templated":true}]}}