{"id":1815,"date":"2019-04-04T06:55:11","date_gmt":"2019-04-04T06:55:11","guid":{"rendered":"https:\/\/luxmanlight.com\/?page_id=1815"},"modified":"2026-01-12T12:24:25","modified_gmt":"2026-01-12T12:24:25","slug":"sobre-a-fabrica-de-iluminacao-publica-solar-luxman","status":"publish","type":"page","link":"https:\/\/luxmanlight.com\/pt\/about-luxman-solar-street-light-factory\/","title":{"rendered":"Sobre o LUXMAN GROUP"},"content":{"rendered":"<div data-elementor-type=\"wp-page\" data-elementor-id=\"1815\" class=\"elementor elementor-1815\" data-elementor-post-type=\"page\">\n\t\t\t\t<div class=\"elementor-element elementor-element-040ab15 e-flex e-con-boxed e-con e-parent\" data-id=\"040ab15\" data-element_type=\"container\" data-e-type=\"container\" data-settings=\"{&quot;background_background&quot;:&quot;classic&quot;}\">\n\t\t\t\t\t<div class=\"e-con-inner\">\n\t\t\t\t<div class=\"elementor-element elementor-element-2e4cd6f elementor-widget elementor-widget-heading\" data-id=\"2e4cd6f\" data-element_type=\"widget\" data-e-type=\"widget\" data-widget_type=\"heading.default\">\n\t\t\t\t\t<h2 class=\"elementor-heading-title elementor-size-default\">O segredo est\u00e1 todo no sutil<\/h2>\t\t\t\t<\/div>\n\t\t\t\t<div class=\"elementor-element elementor-element-ba2c5b6 elementor-widget elementor-widget-text-editor\" data-id=\"ba2c5b6\" data-element_type=\"widget\" data-e-type=\"widget\" data-widget_type=\"text-editor.default\">\n\t\t\t\t\t\t\t\t\t<p>O controle de qualidade \u00e9 implementado em todos os processos para garantir que os clientes recebam produtos livres de defeitos e que atendam \u00e0s suas necessidades.<\/p>\t\t\t\t\t\t\t\t<\/div>\n\t\t\t\t\t<\/div>\n\t\t\t\t<\/div>\n\t\t<div class=\"elementor-element elementor-element-d609314 e-flex e-con-boxed e-con e-parent\" data-id=\"d609314\" data-element_type=\"container\" data-e-type=\"container\">\n\t\t\t\t\t<div class=\"e-con-inner\">\n\t\t\t\t<div class=\"elementor-element elementor-element-be7393a elementor-widget elementor-widget-heading\" data-id=\"be7393a\" data-element_type=\"widget\" data-e-type=\"widget\" data-widget_type=\"heading.default\">\n\t\t\t\t\t<h3 class=\"elementor-heading-title elementor-size-default\">Sobre o Luxman Group<\/h3>\t\t\t\t<\/div>\n\t\t\t\t<div class=\"elementor-element elementor-element-c0614ee elementor-widget-divider--view-line elementor-widget elementor-widget-divider\" data-id=\"c0614ee\" data-element_type=\"widget\" data-e-type=\"widget\" data-widget_type=\"divider.default\">\n\t\t\t\t\t\t\t<div class=\"elementor-divider\">\n\t\t\t<span class=\"elementor-divider-separator\">\n\t\t\t\t\t\t<\/span>\n\t\t<\/div>\n\t\t\t\t\t\t<\/div>\n\t\t\t\t<div class=\"elementor-element elementor-element-fad1194 elementor-widget elementor-widget-heading\" data-id=\"fad1194\" data-element_type=\"widget\" data-e-type=\"widget\" data-widget_type=\"heading.default\">\n\t\t\t\t\t<h1 class=\"elementor-heading-title elementor-size-default\">Comprometidos em nos tornar a f\u00e1brica de postes de ilumina\u00e7\u00e3o solar mais profissional do mundo.<\/h1>\t\t\t\t<\/div>\n\t\t\t\t<div class=\"elementor-element elementor-element-f43b0e9 elementor-widget elementor-widget-text-editor\" data-id=\"f43b0e9\" data-element_type=\"widget\" data-e-type=\"widget\" data-widget_type=\"text-editor.default\">\n\t\t\t\t\t\t\t\t\t<p><a href=\"https:\/\/luxmanlight.com\/pt\/\">Shenzhen Luxman Light Co., Ltd<\/a>A LUXMAN, fundada em 2010, concentra-se na pesquisa e desenvolvimento de produtos de energia verde, na produ\u00e7\u00e3o de lumin\u00e1rias solares para uso externo e na venda de produtos de energia de baixo carbono para \u00e1reas externas. A f\u00e1brica de lumin\u00e1rias solares LUXMAN possui uma linha de produ\u00e7\u00e3o padr\u00e3o para lumin\u00e1rias solares, prioriza a importa\u00e7\u00e3o e a exporta\u00e7\u00e3o e conta com uma equipe especializada em gest\u00e3o, desenvolvimento, fabrica\u00e7\u00e3o e marketing. Comprometida em fornecer aos clientes globais produtos de energia verde seguros, port\u00e1teis, eficientes e sustent\u00e1veis, a LUXMAN implementa rigorosamente um sistema de gest\u00e3o da qualidade completo e cient\u00edfico, tendo obtido as certifica\u00e7\u00f5es ISO 9001 (sistema de gest\u00e3o da qualidade) e ISO 14001 (prote\u00e7\u00e3o ambiental). Seus produtos s\u00e3o vendidos em diversos pa\u00edses ao redor do mundo, e a empresa conquistou uma excelente reputa\u00e7\u00e3o. As lumin\u00e1rias solares LUXMAN j\u00e1 foram instaladas na China, Europa, Austr\u00e1lia, Am\u00e9rica do Sul, Sudeste Asi\u00e1tico e Oriente M\u00e9dio. A qualidade est\u00e1vel dos produtos e o servi\u00e7o preciso e \u00e1gil conquistaram elogios un\u00e2nimes de nossos clientes, tanto nacionais quanto internacionais.<\/p><p>Fazemos parcerias com empresas para personalizar solu\u00e7\u00f5es inovadoras de energia e sustentabilidade que s\u00e3o informadas por nossos anos de experi\u00eancia como l\u00edderes de mercado. E trabalhamos diligentemente para ficar \u00e0 frente de um clima de energia em constante evolu\u00e7\u00e3o com demandas crescentes.<\/p><h2><span style=\"color: #ff6600;\"><strong><b>O que torna o Luxman diferente?<\/b><\/strong><\/span><\/h2><p>A Luxman Light coloca seus clientes e qualidade em primeiro lugar. A equipe ostenta uma riqueza de experi\u00eancia com d\u00e9cadas de conhecimento pr\u00e1tico no espa\u00e7o de ilumina\u00e7\u00e3o e nova energia.<\/p><p>Como l\u00edder global em ilumina\u00e7\u00e3o fotovoltaica, a Luxman faz parcerias com empresas para personalizar solu\u00e7\u00f5es inovadoras de energia e sustentabilidade, baseadas em muitos anos de experi\u00eancia na vanguarda da energia fotovoltaica.<\/p><h2><span style=\"color: #ff6600;\"><strong><b>Um produto de alta qualidade<\/b><\/strong><\/span><\/h2><p>Otimiza\u00e7\u00e3o e melhoria s\u00e3o essenciais para os neg\u00f3cios da Luxman. O centro de testes da Luxman \u00e9 equipado com os equipamentos mais avan\u00e7ados, permitindo que a equipe teste rigorosamente todos os seus produtos antes de lan\u00e7\u00e1-los no mercado.<\/p><p>Os produtos s\u00e3o testados quanto \u00e0 qualidade usando mult\u00edmetros e outras m\u00e1quinas de teste el\u00e9trico, m\u00e1quinas de teste \u00e0 prova d&#039;\u00e1gua, m\u00e1quinas de teste de alta e baixa temperatura e sistemas de monitoramento para garantir que os produtos funcionem 24 horas por dia, sete dias por semana.<\/p><p>Todos os novos produtos s\u00e3o testados, incluindo um per\u00edodo de monitoramento do desempenho operacional.<\/p><h2><span style=\"color: #ff6600;\"><strong><b>Atendimento ao cliente e p\u00f3s-venda perfeitos\u00a0<\/b><\/strong><\/span><\/h2><p>O grupo Luxman est\u00e1 comprometido em fornecer aos clientes um servi\u00e7o consultivo e orientado a resultados desde o in\u00edcio at\u00e9 o ponto de entrega e al\u00e9m. Seus representantes de vendas e engenheiros permanecer\u00e3o em contato durante todo o processo.<\/p><p>o processo de aquisi\u00e7\u00e3o para responder a quaisquer perguntas e antecipar quaisquer desafios.<\/p><p>Com uma gama de produtos prontos para o mercado e solu\u00e7\u00f5es colaborativas, a Luxman agora se tornou uma plataforma \u00fanica e completa para todas as necessidades de ilumina\u00e7\u00e3o solar.<\/p>\t\t\t\t\t\t\t\t<\/div>\n\t\t\t\t\t<\/div>\n\t\t\t\t<\/div>\n\t\t<div class=\"elementor-element elementor-element-a074bf1 e-flex e-con-boxed e-con e-parent\" data-id=\"a074bf1\" data-element_type=\"container\" data-e-type=\"container\" data-settings=\"{&quot;background_background&quot;:&quot;classic&quot;}\">\n\t\t\t\t\t<div class=\"e-con-inner\">\n\t\t<div class=\"elementor-element elementor-element-fbdc1cf e-con-full e-flex e-con e-child\" data-id=\"fbdc1cf\" data-element_type=\"container\" data-e-type=\"container\">\n\t\t\t\t<div class=\"elementor-element elementor-element-0cc5ed3 elementor-view-stacked elementor-position-inline-start elementor-shape-circle elementor-mobile-position-block-start elementor-widget elementor-widget-icon-box\" data-id=\"0cc5ed3\" data-element_type=\"widget\" data-e-type=\"widget\" data-widget_type=\"icon-box.default\">\n\t\t\t\t\t\t\t<div class=\"elementor-icon-box-wrapper\">\n\n\t\t\t\t\t\t<div class=\"elementor-icon-box-icon\">\n\t\t\t\t<span  class=\"elementor-icon\">\n\t\t\t\t<svg aria-hidden=\"true\" class=\"e-font-icon-svg e-fab-servicestack\" viewbox=\"0 0 496 512\" xmlns=\"http:\/\/www.w3.org\/2000\/svg\"><path d=\"M88 216c81.7 10.2 273.7 102.3 304 232H0c99.5-8.1 184.5-137 88-232zm32-152c32.3 35.6 47.7 83.9 46.4 133.6C249.3 231.3 373.7 321.3 400 448h96C455.3 231.9 222.8 79.5 120 64z\"><\/path><\/svg>\t\t\t\t<\/span>\n\t\t\t<\/div>\n\t\t\t\n\t\t\t\t\t\t<div class=\"elementor-icon-box-content\">\n\n\t\t\t\t\t\t\t\t\t<h3 class=\"elementor-icon-box-title\">\n\t\t\t\t\t\t<span  >\n\t\t\t\t\t\t\tAtendimento ao cliente dedicado\t\t\t\t\t\t<\/span>\n\t\t\t\t\t<\/h3>\n\t\t\t\t\n\t\t\t\t\t\t\t\t\t<p class=\"elementor-icon-box-description\">\n\t\t\t\t\t\tNossa equipe altamente treinada acompanhar\u00e1 e cuidar\u00e1 de tudo, desde a consulta inicial at\u00e9 a oferta de pre\u00e7o, implementa\u00e7\u00e3o do projeto, orienta\u00e7\u00e3o no local e monitoramento da resposta do mercado. Para itens com defeito, somos respons\u00e1veis e cooperativos, realizando trocas ou reparos r\u00e1pidos. Servi\u00e7o de projeto de ilumina\u00e7\u00e3o gratuito.\t\t\t\t\t<\/p>\n\t\t\t\t\n\t\t\t<\/div>\n\t\t\t\n\t\t<\/div>\n\t\t\t\t\t\t<\/div>\n\t\t\t\t<\/div>\n\t\t<div class=\"elementor-element elementor-element-712ece5 e-con-full e-flex e-con e-child\" data-id=\"712ece5\" data-element_type=\"container\" data-e-type=\"container\">\n\t\t\t\t<div class=\"elementor-element elementor-element-414b978 elementor-view-stacked elementor-position-inline-start elementor-shape-circle elementor-mobile-position-block-start elementor-widget elementor-widget-icon-box\" data-id=\"414b978\" data-element_type=\"widget\" data-e-type=\"widget\" data-widget_type=\"icon-box.default\">\n\t\t\t\t\t\t\t<div class=\"elementor-icon-box-wrapper\">\n\n\t\t\t\t\t\t<div class=\"elementor-icon-box-icon\">\n\t\t\t\t<span  class=\"elementor-icon\">\n\t\t\t\t<svg aria-hidden=\"true\" class=\"e-font-icon-svg e-fas-fingerprint\" viewbox=\"0 0 512 512\" xmlns=\"http:\/\/www.w3.org\/2000\/svg\"><path d=\"M256.12 245.96c-13.25 0-24 10.74-24 24 1.14 72.25-8.14 141.9-27.7 211.55-2.73 9.72 2.15 30.49 23.12 30.49 10.48 0 20.11-6.92 23.09-17.52 13.53-47.91 31.04-125.41 29.48-224.52.01-13.25-10.73-24-23.99-24zm-.86-81.73C194 164.16 151.25 211.3 152.1 265.32c.75 47.94-3.75 95.91-13.37 142.55-2.69 12.98 5.67 25.69 18.64 28.36 13.05 2.67 25.67-5.66 28.36-18.64 10.34-50.09 15.17-101.58 14.37-153.02-.41-25.95 19.92-52.49 54.45-52.34 31.31.47 57.15 25.34 57.62 55.47.77 48.05-2.81 96.33-10.61 143.55-2.17 13.06 6.69 25.42 19.76 27.58 19.97 3.33 26.81-15.1 27.58-19.77 8.28-50.03 12.06-101.21 11.27-152.11-.88-55.8-47.94-101.88-104.91-102.72zm-110.69-19.78c-10.3-8.34-25.37-6.8-33.76 3.48-25.62 31.5-39.39 71.28-38.75 112 .59 37.58-2.47 75.27-9.11 112.05-2.34 13.05 6.31 25.53 19.36 27.89 20.11 3.5 27.07-14.81 27.89-19.36 7.19-39.84 10.5-80.66 9.86-121.33-.47-29.88 9.2-57.88 28-80.97 8.35-10.28 6.79-25.39-3.49-33.76zm109.47-62.33c-15.41-.41-30.87 1.44-45.78 4.97-12.89 3.06-20.87 15.98-17.83 28.89 3.06 12.89 16 20.83 28.89 17.83 11.05-2.61 22.47-3.77 34-3.69 75.43 1.13 137.73 61.5 138.88 134.58.59 37.88-1.28 76.11-5.58 113.63-1.5 13.17 7.95 25.08 21.11 26.58 16.72 1.95 25.51-11.88 26.58-21.11a929.06 929.06 0 0 0 5.89-119.85c-1.56-98.75-85.07-180.33-186.16-181.83zm252.07 121.45c-2.86-12.92-15.51-21.2-28.61-18.27-12.94 2.86-21.12 15.66-18.26 28.61 4.71 21.41 4.91 37.41 4.7 61.6-.11 13.27 10.55 24.09 23.8 24.2h.2c13.17 0 23.89-10.61 24-23.8.18-22.18.4-44.11-5.83-72.34zm-40.12-90.72C417.29 43.46 337.6 1.29 252.81.02 183.02-.82 118.47 24.91 70.46 72.94 24.09 119.37-.9 181.04.14 246.65l-.12 21.47c-.39 13.25 10.03 24.31 23.28 24.69.23.02.48.02.72.02 12.92 0 23.59-10.3 23.97-23.3l.16-23.64c-.83-52.5 19.16-101.86 56.28-139 38.76-38.8 91.34-59.67 147.68-58.86 69.45 1.03 134.73 35.56 174.62 92.39 7.61 10.86 22.56 13.45 33.42 5.86 10.84-7.62 13.46-22.59 5.84-33.43z\"><\/path><\/svg>\t\t\t\t<\/span>\n\t\t\t<\/div>\n\t\t\t\n\t\t\t\t\t\t<div class=\"elementor-icon-box-content\">\n\n\t\t\t\t\t\t\t\t\t<h3 class=\"elementor-icon-box-title\">\n\t\t\t\t\t\t<span  >\n\t\t\t\t\t\t\tTecnologia Avan\u00e7ada\t\t\t\t\t\t<\/span>\n\t\t\t\t\t<\/h3>\n\t\t\t\t\n\t\t\t\t\t\t\t\t\t<p class=\"elementor-icon-box-description\">\n\t\t\t\t\t\tTecnologia de controle remoto\/aplicativo inteligente para monitorar o status de funcionamento da l\u00e2mpada. O controlador inteligente de gerenciamento de energia permite uma dura\u00e7\u00e3o de ilumina\u00e7\u00e3o extremamente longa. Servi\u00e7o de personaliza\u00e7\u00e3o do produto de acordo com as necessidades do cliente.\t\t\t\t\t<\/p>\n\t\t\t\t\n\t\t\t<\/div>\n\t\t\t\n\t\t<\/div>\n\t\t\t\t\t\t<\/div>\n\t\t\t\t<\/div>\n\t\t<div class=\"elementor-element elementor-element-c2fbb09 e-con-full e-flex e-con e-child\" data-id=\"c2fbb09\" data-element_type=\"container\" data-e-type=\"container\">\n\t\t\t\t<div class=\"elementor-element elementor-element-9c193be elementor-view-stacked elementor-position-inline-start elementor-shape-circle elementor-mobile-position-block-start elementor-widget elementor-widget-icon-box\" data-id=\"9c193be\" data-element_type=\"widget\" data-e-type=\"widget\" data-widget_type=\"icon-box.default\">\n\t\t\t\t\t\t\t<div class=\"elementor-icon-box-wrapper\">\n\n\t\t\t\t\t\t<div class=\"elementor-icon-box-icon\">\n\t\t\t\t<span  class=\"elementor-icon\">\n\t\t\t\t<svg aria-hidden=\"true\" class=\"e-font-icon-svg e-fab-renren\" viewbox=\"0 0 512 512\" xmlns=\"http:\/\/www.w3.org\/2000\/svg\"><path d=\"M214 169.1c0 110.4-61 205.4-147.6 247.4C30 373.2 8 317.7 8 256.6 8 133.9 97.1 32.2 214 12.5v156.6zM255 504c-42.9 0-83.3-11-118.5-30.4C193.7 437.5 239.9 382.9 255 319c15.5 63.9 61.7 118.5 118.8 154.7C338.7 493 298.3 504 255 504zm190.6-87.5C359 374.5 298 279.6 298 169.1V12.5c116.9 19.7 206 121.4 206 244.1 0 61.1-22 116.6-58.4 159.9z\"><\/path><\/svg>\t\t\t\t<\/span>\n\t\t\t<\/div>\n\t\t\t\n\t\t\t\t\t\t<div class=\"elementor-icon-box-content\">\n\n\t\t\t\t\t\t\t\t\t<h3 class=\"elementor-icon-box-title\">\n\t\t\t\t\t\t<span  >\n\t\t\t\t\t\t\tCapacidade de produ\u00e7\u00e3o\t\t\t\t\t\t<\/span>\n\t\t\t\t\t<\/h3>\n\t\t\t\t\n\t\t\t\t\t\t\t\t\t<p class=\"elementor-icon-box-description\">\n\t\t\t\t\t\tManter um estoque de produtos padr\u00e3o para encurtar o tempo de produ\u00e7\u00e3o e entrega r\u00e1pida em 2 a 3 dias. 5 linhas de produ\u00e7\u00e3o e equipamentos avan\u00e7ados permitem que a capacidade de produ\u00e7\u00e3o em massa chegue a 20.000 pe\u00e7as por m\u00eas.\t\t\t\t\t<\/p>\n\t\t\t\t\n\t\t\t<\/div>\n\t\t\t\n\t\t<\/div>\n\t\t\t\t\t\t<\/div>\n\t\t\t\t<\/div>\n\t\t<div class=\"elementor-element elementor-element-566bf1c e-con-full e-flex e-con e-child\" data-id=\"566bf1c\" data-element_type=\"container\" data-e-type=\"container\">\n\t\t\t\t<div class=\"elementor-element elementor-element-c1d0c28 elementor-view-stacked elementor-position-inline-start elementor-shape-circle elementor-mobile-position-block-start elementor-widget elementor-widget-icon-box\" data-id=\"c1d0c28\" data-element_type=\"widget\" data-e-type=\"widget\" data-widget_type=\"icon-box.default\">\n\t\t\t\t\t\t\t<div class=\"elementor-icon-box-wrapper\">\n\n\t\t\t\t\t\t<div class=\"elementor-icon-box-icon\">\n\t\t\t\t<span  class=\"elementor-icon\">\n\t\t\t\t<svg aria-hidden=\"true\" class=\"e-font-icon-svg e-fab-sketch\" viewbox=\"0 0 512 512\" xmlns=\"http:\/\/www.w3.org\/2000\/svg\"><path d=\"M27.5 162.2L9 187.1h90.5l6.9-130.7-78.9 105.8zM396.3 45.7L267.7 32l135.7 147.2-7.1-133.5zM112.2 218.3l-11.2-22H9.9L234.8 458zm2-31.2h284l-81.5-88.5L256.3 33zm297.3 9.1L277.6 458l224.8-261.7h-90.9zM415.4 69L406 56.4l.9 17.3 6.1 113.4h90.3zM113.5 93.5l-4.6 85.6L244.7 32 116.1 45.7zm287.7 102.7h-290l42.4 82.9L256.3 480l144.9-283.8z\"><\/path><\/svg>\t\t\t\t<\/span>\n\t\t\t<\/div>\n\t\t\t\n\t\t\t\t\t\t<div class=\"elementor-icon-box-content\">\n\n\t\t\t\t\t\t\t\t\t<h3 class=\"elementor-icon-box-title\">\n\t\t\t\t\t\t<span  >\n\t\t\t\t\t\t\tQualidade Est\u00e1vel\t\t\t\t\t\t<\/span>\n\t\t\t\t\t<\/h3>\n\t\t\t\t\n\t\t\t\t\t\t\t\t\t<p class=\"elementor-icon-box-description\">\n\t\t\t\t\t\tImplementar o sistema japon\u00eas de gest\u00e3o de QC e QA, realizando inspe\u00e7\u00e3o e controle de pr\u00e9-entrega por terceiros em cada pedido.\t\t\t\t\t<\/p>\n\t\t\t\t\n\t\t\t<\/div>\n\t\t\t\n\t\t<\/div>\n\t\t\t\t\t\t<\/div>\n\t\t\t\t<\/div>\n\t\t\t\t\t<\/div>\n\t\t\t\t<\/div>\n\t\t\t\t<\/div>","protected":false},"excerpt":{"rendered":"<p>Secret all in the subtle Quality control is implemented in every process that ensures customers receive products free from defects [&hellip;]<\/p>\n","protected":false},"author":8,"featured_media":0,"parent":0,"menu_order":0,"comment_status":"closed","ping_status":"closed","template":"elementor_header_footer","meta":{"site-sidebar-layout":"default","site-content-layout":"","ast-site-content-layout":"full-width-container","site-content-style":"default","site-sidebar-style":"default","ast-global-header-display":"","ast-banner-title-visibility":"","ast-main-header-display":"","ast-hfb-above-header-display":"","ast-hfb-below-header-display":"","ast-hfb-mobile-header-display":"","site-post-title":"","ast-breadcrumbs-content":"","ast-featured-img":"","footer-sml-layout":"","ast-disable-related-posts":"","theme-transparent-header-meta":"","adv-header-id-meta":"","stick-header-meta":"","header-above-stick-meta":"","header-main-stick-meta":"","header-below-stick-meta":"","astra-migrate-meta-layouts":"default","ast-page-background-enabled":"default","ast-page-background-meta":{"desktop":{"background-color":"var(--ast-global-color-5)","background-image":"","background-repeat":"repeat","background-position":"center center","background-size":"auto","background-attachment":"scroll","background-type":"","background-media":"","overlay-type":"","overlay-color":"","overlay-opacity":"","overlay-gradient":""},"tablet":{"background-color":"","background-image":"","background-repeat":"repeat","background-position":"center center","background-size":"auto","background-attachment":"scroll","background-type":"","background-media":"","overlay-type":"","overlay-color":"","overlay-opacity":"","overlay-gradient":""},"mobile":{"background-color":"","background-image":"","background-repeat":"repeat","background-position":"center center","background-size":"auto","background-attachment":"scroll","background-type":"","background-media":"","overlay-type":"","overlay-color":"","overlay-opacity":"","overlay-gradient":""}},"ast-content-background-meta":{"desktop":{"background-color":"var(--ast-global-color-4)","background-image":"","background-repeat":"repeat","background-position":"center center","background-size":"auto","background-attachment":"scroll","background-type":"","background-media":"","overlay-type":"","overlay-color":"","overlay-opacity":"","overlay-gradient":""},"tablet":{"background-color":"var(--ast-global-color-4)","background-image":"","background-repeat":"repeat","background-position":"center center","background-size":"auto","background-attachment":"scroll","background-type":"","background-media":"","overlay-type":"","overlay-color":"","overlay-opacity":"","overlay-gradient":""},"mobile":{"background-color":"var(--ast-global-color-4)","background-image":"","background-repeat":"repeat","background-position":"center center","background-size":"auto","background-attachment":"scroll","background-type":"","background-media":"","overlay-type":"","overlay-color":"","overlay-opacity":"","overlay-gradient":""}},"footnotes":""},"class_list":["post-1815","page","type-page","status-publish","hentry"],"_links":{"self":[{"href":"https:\/\/luxmanlight.com\/pt\/wp-json\/wp\/v2\/pages\/1815","targetHints":{"allow":["GET"]}}],"collection":[{"href":"https:\/\/luxmanlight.com\/pt\/wp-json\/wp\/v2\/pages"}],"about":[{"href":"https:\/\/luxmanlight.com\/pt\/wp-json\/wp\/v2\/types\/page"}],"author":[{"embeddable":true,"href":"https:\/\/luxmanlight.com\/pt\/wp-json\/wp\/v2\/users\/8"}],"replies":[{"embeddable":true,"href":"https:\/\/luxmanlight.com\/pt\/wp-json\/wp\/v2\/comments?post=1815"}],"version-history":[{"count":13,"href":"https:\/\/luxmanlight.com\/pt\/wp-json\/wp\/v2\/pages\/1815\/revisions"}],"predecessor-version":[{"id":69810,"href":"https:\/\/luxmanlight.com\/pt\/wp-json\/wp\/v2\/pages\/1815\/revisions\/69810"}],"wp:attachment":[{"href":"https:\/\/luxmanlight.com\/pt\/wp-json\/wp\/v2\/media?parent=1815"}],"curies":[{"name":"wp","href":"https:\/\/api.w.org\/{rel}","templated":true}]}}