{"id":71979,"date":"2026-02-09T01:49:03","date_gmt":"2026-02-09T01:49:03","guid":{"rendered":"https:\/\/luxmanlight.com\/?page_id=71979"},"modified":"2026-02-09T01:49:50","modified_gmt":"2026-02-09T01:49:50","slug":"tour-declairage-mobile-solaire-et-eolienne","status":"publish","type":"page","link":"https:\/\/luxmanlight.com\/fr\/product_entries\/mobile-solar-wind-lighting-tower\/","title":{"rendered":"Tour d&#039;\u00e9clairage mobile solaire et \u00e9olienne"},"content":{"rendered":"<div data-elementor-type=\"wp-page\" data-elementor-id=\"71979\" class=\"elementor elementor-71979\" data-elementor-post-type=\"page\">\n\t\t\t\t<div class=\"elementor-element elementor-element-72a9453 e-flex e-con-boxed e-con e-parent\" data-id=\"72a9453\" data-element_type=\"container\" data-e-type=\"container\" data-settings=\"{&quot;background_background&quot;:&quot;classic&quot;}\">\n\t\t\t\t\t<div class=\"e-con-inner\">\n\t\t\t\t<div class=\"elementor-element elementor-element-6e4c323 elementor-widget elementor-widget-heading\" data-id=\"6e4c323\" data-element_type=\"widget\" data-e-type=\"widget\" data-widget_type=\"heading.default\">\n\t\t\t\t\t<h1 class=\"elementor-heading-title elementor-size-default\">Tour d&#039;\u00e9clairage mobile solaire et \u00e9olienne<\/h1>\t\t\t\t<\/div>\n\t\t\t\t<div class=\"elementor-element elementor-element-3c78017 elementor-widget-divider--view-line elementor-widget elementor-widget-divider\" data-id=\"3c78017\" data-element_type=\"widget\" data-e-type=\"widget\" data-widget_type=\"divider.default\">\n\t\t\t\t\t\t\t<div class=\"elementor-divider\">\n\t\t\t<span class=\"elementor-divider-separator\">\n\t\t\t\t\t\t<\/span>\n\t\t<\/div>\n\t\t\t\t\t\t<\/div>\n\t\t\t\t\t<\/div>\n\t\t\t\t<\/div>\n\t\t<div class=\"elementor-element elementor-element-03b067a e-flex e-con-boxed e-con e-parent\" data-id=\"03b067a\" data-element_type=\"container\" data-e-type=\"container\">\n\t\t\t\t\t<div class=\"e-con-inner\">\n\t\t<div class=\"elementor-element elementor-element-e7c8417 e-con-full elementor-hidden-tablet elementor-hidden-mobile e-flex e-con e-child\" data-id=\"e7c8417\" data-element_type=\"container\" data-e-type=\"container\">\n\t\t\t\t<div class=\"elementor-element elementor-element-0abede5 elementor-widget elementor-widget-spacer\" data-id=\"0abede5\" data-element_type=\"widget\" data-e-type=\"widget\" data-widget_type=\"spacer.default\">\n\t\t\t\t\t\t\t<div class=\"elementor-spacer\">\n\t\t\t<div class=\"elementor-spacer-inner\"><\/div>\n\t\t<\/div>\n\t\t\t\t\t\t<\/div>\n\t\t\t\t<div class=\"elementor-element elementor-element-1d7cd7e elementor-hidden-tablet elementor-hidden-mobile elementor-nav-menu--dropdown-tablet elementor-nav-menu__text-align-aside elementor-nav-menu--toggle elementor-nav-menu--burger elementor-widget elementor-widget-nav-menu\" data-id=\"1d7cd7e\" data-element_type=\"widget\" data-e-type=\"widget\" data-settings=\"{&quot;layout&quot;:&quot;vertical&quot;,&quot;submenu_icon&quot;:{&quot;value&quot;:&quot;&lt;i aria-hidden=\\&quot;true\\&quot; class=\\&quot;\\&quot;&gt;&lt;\\\/i&gt;&quot;,&quot;library&quot;:&quot;&quot;},&quot;toggle&quot;:&quot;burger&quot;}\" data-widget_type=\"nav-menu.default\">\n\t\t\t\t\t\t\t\t<nav aria-label=\"Menu\" class=\"elementor-nav-menu--main elementor-nav-menu__container elementor-nav-menu--layout-vertical e--pointer-none\">\n\t\t\t\t<ul id=\"menu-1-1d7cd7e\" class=\"elementor-nav-menu sm-vertical\"><li class=\"menu-item menu-item-type-custom menu-item-object-custom menu-item-19141\"><a href=\"https:\/\/luxmanlight.com\/fr\/ma-serie-de-lampadaires-solaires\/\" class=\"elementor-item menu-link\">MY SERIES LAMPADAIRE SOLAIRE<\/a><\/li>\n<li class=\"menu-item menu-item-type-custom menu-item-object-custom menu-item-19142\"><a href=\"https:\/\/luxmanlight.com\/fr\/lampadaire-solaire-serie-mp\/\" class=\"elementor-item menu-link\">LAMPADAIRE SOLAIRE S\u00c9RIE MP<\/a><\/li>\n<li class=\"menu-item menu-item-type-custom menu-item-object-custom menu-item-3043\"><a href=\"https:\/\/luxmanlight.com\/fr\/lampadaire-solaire-serie-s3\/\" class=\"elementor-item menu-link\">LAMPADAIRES SOLAIRES TOUT-EN-UN<\/a><\/li>\n<li class=\"menu-item menu-item-type-custom menu-item-object-custom menu-item-19143\"><a href=\"https:\/\/luxmanlight.com\/fr\/article-de-produit\/lampadaire-solaire-serie-hs-2\/\" class=\"elementor-item menu-link\">LAMPADAIRE SOLAIRE S\u00c9RIE HS<\/a><\/li>\n<li class=\"menu-item menu-item-type-custom menu-item-object-custom menu-item-3348\"><a href=\"https:\/\/luxmanlight.com\/fr\/reverbere-solaire-de-type-divise-g2\/\" class=\"elementor-item menu-link\">G2 Split Type Solar Street Light<\/a><\/li>\n<li class=\"menu-item menu-item-type-custom menu-item-object-custom menu-item-1447\"><a href=\"https:\/\/luxmanlight.com\/fr\/videosurveillance-solaire-s3\/\" class=\"elementor-item menu-link\">S\u00e9rie S3C - Lampe de s\u00e9curit\u00e9 solaire<\/a><\/li>\n<li class=\"menu-item menu-item-type-custom menu-item-object-custom menu-item-1444\"><a href=\"https:\/\/luxmanlight.com\/fr\/serie-s2\/\" class=\"elementor-item menu-link\">S\u00e9rie S2 - Lampes \u00e0 \u00e9nergie solaire<\/a><\/li>\n<li class=\"menu-item menu-item-type-custom menu-item-object-custom menu-item-3044\"><a href=\"https:\/\/luxmanlight.com\/fr\/lampadaire-solaire-serie-ss\/\" class=\"elementor-item menu-link\">S\u00e9rie SS - Lampadaire solaire<\/a><\/li>\n<li class=\"menu-item menu-item-type-custom menu-item-object-custom menu-item-1446\"><a href=\"https:\/\/luxmanlight.com\/fr\/entrees_produit\/serie-sf\/\" class=\"elementor-item menu-link\">S\u00e9rie SF - Lampes solaires s\u00e9par\u00e9es<\/a><\/li>\n<li class=\"menu-item menu-item-type-custom menu-item-object-custom menu-item-6600\"><a href=\"https:\/\/luxmanlight.com\/fr\/feux-de-signalisation-solaires\/\" class=\"elementor-item menu-link\">Feux de signalisation solaires<\/a><\/li>\n<li class=\"menu-item menu-item-type-custom menu-item-object-custom menu-item-18107\"><a href=\"https:\/\/luxmanlight.com\/fr\/entrees_produit\/tour-declairage-solaire-mobile\/\" class=\"elementor-item menu-link\">Tour d'\u00e9clairage solaire mobile<\/a><\/li>\n<li class=\"menu-item menu-item-type-post_type menu-item-object-page menu-item-71664\"><a href=\"https:\/\/luxmanlight.com\/fr\/product-item\/solar-wind-hybrid-street-light\/\" class=\"elementor-item menu-link\">\u00c9clairage public hybride solaire-ventaire<\/a><\/li>\n<li class=\"menu-item menu-item-type-post_type menu-item-object-page menu-item-71665\"><a href=\"https:\/\/luxmanlight.com\/fr\/product-item\/eagle-gen4-led-street-light\/\" class=\"elementor-item menu-link\">R\u00e9verb\u00e8re \u00e0 LED<\/a><\/li>\n<li class=\"menu-item menu-item-type-post_type menu-item-object-page menu-item-71666\"><a href=\"https:\/\/luxmanlight.com\/fr\/product-item\/solar-flood-light\/\" class=\"elementor-item menu-link\">Projecteur solaire<\/a><\/li>\n<li class=\"menu-item menu-item-type-post_type menu-item-object-page menu-item-71706\"><a href=\"https:\/\/luxmanlight.com\/fr\/product_entries\/solar-accessories\/\" class=\"elementor-item menu-link\">Accessoires solaires<\/a><\/li>\n<li class=\"menu-item menu-item-type-post_type menu-item-object-page menu-item-71707\"><a href=\"https:\/\/luxmanlight.com\/fr\/product_entries\/new-product\/\" class=\"elementor-item menu-link\">Nouveau produit<\/a><\/li>\n<\/ul>\t\t\t<\/nav>\n\t\t\t\t\t<div class=\"elementor-menu-toggle\" role=\"button\" tabindex=\"0\" aria-label=\"Basculement du menu\" aria-expanded=\"false\">\n\t\t\t<svg aria-hidden=\"true\" role=\"presentation\" class=\"elementor-menu-toggle__icon--open e-font-icon-svg e-eicon-menu-bar\" viewbox=\"0 0 1000 1000\" xmlns=\"http:\/\/www.w3.org\/2000\/svg\"><path d=\"M104 333H896C929 333 958 304 958 271S929 208 896 208H104C71 208 42 237 42 271S71 333 104 333ZM104 583H896C929 583 958 554 958 521S929 458 896 458H104C71 458 42 487 42 521S71 583 104 583ZM104 833H896C929 833 958 804 958 771S929 708 896 708H104C71 708 42 737 42 771S71 833 104 833Z\"><\/path><\/svg><svg aria-hidden=\"true\" role=\"presentation\" class=\"elementor-menu-toggle__icon--close e-font-icon-svg e-eicon-close\" viewbox=\"0 0 1000 1000\" xmlns=\"http:\/\/www.w3.org\/2000\/svg\"><path d=\"M742 167L500 408 258 167C246 154 233 150 217 150 196 150 179 158 167 167 154 179 150 196 150 212 150 229 154 242 171 254L408 500 167 742C138 771 138 800 167 829 196 858 225 858 254 829L496 587 738 829C750 842 767 846 783 846 800 846 817 842 829 829 842 817 846 804 846 783 846 767 842 750 829 737L588 500 833 258C863 229 863 200 833 171 804 137 775 137 742 167Z\"><\/path><\/svg>\t\t<\/div>\n\t\t\t\t\t<nav class=\"elementor-nav-menu--dropdown elementor-nav-menu__container\" aria-hidden=\"true\">\n\t\t\t\t<ul id=\"menu-2-1d7cd7e\" class=\"elementor-nav-menu sm-vertical\"><li class=\"menu-item menu-item-type-custom menu-item-object-custom menu-item-19141\"><a href=\"https:\/\/luxmanlight.com\/fr\/ma-serie-de-lampadaires-solaires\/\" class=\"elementor-item menu-link\" tabindex=\"-1\">MY SERIES LAMPADAIRE SOLAIRE<\/a><\/li>\n<li class=\"menu-item menu-item-type-custom menu-item-object-custom menu-item-19142\"><a href=\"https:\/\/luxmanlight.com\/fr\/lampadaire-solaire-serie-mp\/\" class=\"elementor-item menu-link\" tabindex=\"-1\">LAMPADAIRE SOLAIRE S\u00c9RIE MP<\/a><\/li>\n<li class=\"menu-item menu-item-type-custom menu-item-object-custom menu-item-3043\"><a href=\"https:\/\/luxmanlight.com\/fr\/lampadaire-solaire-serie-s3\/\" class=\"elementor-item menu-link\" tabindex=\"-1\">LAMPADAIRES SOLAIRES TOUT-EN-UN<\/a><\/li>\n<li class=\"menu-item menu-item-type-custom menu-item-object-custom menu-item-19143\"><a href=\"https:\/\/luxmanlight.com\/fr\/article-de-produit\/lampadaire-solaire-serie-hs-2\/\" class=\"elementor-item menu-link\" tabindex=\"-1\">LAMPADAIRE SOLAIRE S\u00c9RIE HS<\/a><\/li>\n<li class=\"menu-item menu-item-type-custom menu-item-object-custom menu-item-3348\"><a href=\"https:\/\/luxmanlight.com\/fr\/reverbere-solaire-de-type-divise-g2\/\" class=\"elementor-item menu-link\" tabindex=\"-1\">G2 Split Type Solar Street Light<\/a><\/li>\n<li class=\"menu-item menu-item-type-custom menu-item-object-custom menu-item-1447\"><a href=\"https:\/\/luxmanlight.com\/fr\/videosurveillance-solaire-s3\/\" class=\"elementor-item menu-link\" tabindex=\"-1\">S\u00e9rie S3C - Lampe de s\u00e9curit\u00e9 solaire<\/a><\/li>\n<li class=\"menu-item menu-item-type-custom menu-item-object-custom menu-item-1444\"><a href=\"https:\/\/luxmanlight.com\/fr\/serie-s2\/\" class=\"elementor-item menu-link\" tabindex=\"-1\">S\u00e9rie S2 - Lampes \u00e0 \u00e9nergie solaire<\/a><\/li>\n<li class=\"menu-item menu-item-type-custom menu-item-object-custom menu-item-3044\"><a href=\"https:\/\/luxmanlight.com\/fr\/lampadaire-solaire-serie-ss\/\" class=\"elementor-item menu-link\" tabindex=\"-1\">S\u00e9rie SS - Lampadaire solaire<\/a><\/li>\n<li class=\"menu-item menu-item-type-custom menu-item-object-custom menu-item-1446\"><a href=\"https:\/\/luxmanlight.com\/fr\/entrees_produit\/serie-sf\/\" class=\"elementor-item menu-link\" tabindex=\"-1\">S\u00e9rie SF - Lampes solaires s\u00e9par\u00e9es<\/a><\/li>\n<li class=\"menu-item menu-item-type-custom menu-item-object-custom menu-item-6600\"><a href=\"https:\/\/luxmanlight.com\/fr\/feux-de-signalisation-solaires\/\" class=\"elementor-item menu-link\" tabindex=\"-1\">Feux de signalisation solaires<\/a><\/li>\n<li class=\"menu-item menu-item-type-custom menu-item-object-custom menu-item-18107\"><a href=\"https:\/\/luxmanlight.com\/fr\/entrees_produit\/tour-declairage-solaire-mobile\/\" class=\"elementor-item menu-link\" tabindex=\"-1\">Tour d'\u00e9clairage solaire mobile<\/a><\/li>\n<li class=\"menu-item menu-item-type-post_type menu-item-object-page menu-item-71664\"><a href=\"https:\/\/luxmanlight.com\/fr\/product-item\/solar-wind-hybrid-street-light\/\" class=\"elementor-item menu-link\" tabindex=\"-1\">\u00c9clairage public hybride solaire-ventaire<\/a><\/li>\n<li class=\"menu-item menu-item-type-post_type menu-item-object-page menu-item-71665\"><a href=\"https:\/\/luxmanlight.com\/fr\/product-item\/eagle-gen4-led-street-light\/\" class=\"elementor-item menu-link\" tabindex=\"-1\">R\u00e9verb\u00e8re \u00e0 LED<\/a><\/li>\n<li class=\"menu-item menu-item-type-post_type menu-item-object-page menu-item-71666\"><a href=\"https:\/\/luxmanlight.com\/fr\/product-item\/solar-flood-light\/\" class=\"elementor-item menu-link\" tabindex=\"-1\">Projecteur solaire<\/a><\/li>\n<li class=\"menu-item menu-item-type-post_type menu-item-object-page menu-item-71706\"><a href=\"https:\/\/luxmanlight.com\/fr\/product_entries\/solar-accessories\/\" class=\"elementor-item menu-link\" tabindex=\"-1\">Accessoires solaires<\/a><\/li>\n<li class=\"menu-item menu-item-type-post_type menu-item-object-page menu-item-71707\"><a href=\"https:\/\/luxmanlight.com\/fr\/product_entries\/new-product\/\" class=\"elementor-item menu-link\" tabindex=\"-1\">Nouveau produit<\/a><\/li>\n<\/ul>\t\t\t<\/nav>\n\t\t\t\t\t\t<\/div>\n\t\t\t\t<\/div>\n\t\t<div class=\"elementor-element elementor-element-02f1f99 e-con-full e-flex e-con e-child\" data-id=\"02f1f99\" data-element_type=\"container\" data-e-type=\"container\">\n\t\t\t\t<div class=\"elementor-element elementor-element-8540e8c elementor-widget elementor-widget-spacer\" data-id=\"8540e8c\" data-element_type=\"widget\" data-e-type=\"widget\" data-widget_type=\"spacer.default\">\n\t\t\t\t\t\t\t<div class=\"elementor-spacer\">\n\t\t\t<div class=\"elementor-spacer-inner\"><\/div>\n\t\t<\/div>\n\t\t\t\t\t\t<\/div>\n\t\t\t\t<div class=\"elementor-element elementor-element-7904fe2 elementor-grid-3 elementor-grid-tablet-2 elementor-grid-mobile-1 elementor-posts--thumbnail-top elementor-card-shadow-yes elementor-posts__hover-gradient elementor-widget elementor-widget-posts\" data-id=\"7904fe2\" data-element_type=\"widget\" data-e-type=\"widget\" data-settings=\"{&quot;cards_row_gap&quot;:{&quot;unit&quot;:&quot;px&quot;,&quot;size&quot;:20,&quot;sizes&quot;:[]},&quot;cards_columns&quot;:&quot;3&quot;,&quot;cards_columns_tablet&quot;:&quot;2&quot;,&quot;cards_columns_mobile&quot;:&quot;1&quot;,&quot;cards_row_gap_tablet&quot;:{&quot;unit&quot;:&quot;px&quot;,&quot;size&quot;:&quot;&quot;,&quot;sizes&quot;:[]},&quot;cards_row_gap_mobile&quot;:{&quot;unit&quot;:&quot;px&quot;,&quot;size&quot;:&quot;&quot;,&quot;sizes&quot;:[]}}\" data-widget_type=\"posts.cards\">\n\t\t\t\t<div class=\"elementor-widget-container\">\n\t\t\t\t\t\t\t<div class=\"elementor-posts-container elementor-posts elementor-posts--skin-cards elementor-grid\" role=\"list\">\n\t\t\t\t<article class=\"elementor-post elementor-grid-item post-70945 page type-page status-publish has-post-thumbnail hentry\" role=\"listitem\">\n\t\t\t<div class=\"elementor-post__card\">\n\t\t\t\t<a class=\"elementor-post__thumbnail__link\" href=\"https:\/\/luxmanlight.com\/fr\/product-item\/sunwind-mobile-solar-generator\/\" tabindex=\"-1\" ><div class=\"elementor-post__thumbnail\"><img fetchpriority=\"high\" decoding=\"async\" width=\"768\" height=\"517\" src=\"https:\/\/luxmanlight.com\/wp-content\/uploads\/2025\/03\/SunWind-Hybrid-Solar-Tailers-3-768x517.webp\" class=\"attachment-medium_large size-medium_large wp-image-31585\" alt=\"G\u00e9n\u00e9rateur solaire mobile Sun+Wind, armoire de stockage d&#039;\u00e9nergie solaire mobile\" srcset=\"https:\/\/luxmanlight.com\/wp-content\/uploads\/2025\/03\/SunWind-Hybrid-Solar-Tailers-3-768x517.webp 768w, https:\/\/luxmanlight.com\/wp-content\/uploads\/2025\/03\/SunWind-Hybrid-Solar-Tailers-3-300x202.webp 300w, https:\/\/luxmanlight.com\/wp-content\/uploads\/2025\/03\/SunWind-Hybrid-Solar-Tailers-3-1030x693.webp 1030w, https:\/\/luxmanlight.com\/wp-content\/uploads\/2025\/03\/SunWind-Hybrid-Solar-Tailers-3-18x12.webp 18w, https:\/\/luxmanlight.com\/wp-content\/uploads\/2025\/03\/SunWind-Hybrid-Solar-Tailers-3-705x475.webp 705w, https:\/\/luxmanlight.com\/wp-content\/uploads\/2025\/03\/SunWind-Hybrid-Solar-Tailers-3.webp 1169w\" sizes=\"(max-width: 768px) 100vw, 768px\" \/><\/div><\/a>\n\t\t\t\t<div class=\"elementor-post__text\">\n\t\t\t\t<h3 class=\"elementor-post__title\">\n\t\t\t<a href=\"https:\/\/luxmanlight.com\/fr\/product-item\/sunwind-mobile-solar-generator\/\" >\n\t\t\t\tG\u00e9n\u00e9rateur solaire mobile solaire + \u00e9olien\t\t\t<\/a>\n\t\t<\/h3>\n\t\t\t\t<\/div>\n\t\t\t\t\t<\/div>\n\t\t<\/article>\n\t\t\t\t<article class=\"elementor-post elementor-grid-item post-70910 page type-page status-publish has-post-thumbnail hentry\" role=\"listitem\">\n\t\t\t<div class=\"elementor-post__card\">\n\t\t\t\t<a class=\"elementor-post__thumbnail__link\" href=\"https:\/\/luxmanlight.com\/fr\/product-item\/sun-wind-hybrid-solar-tailers\/\" tabindex=\"-1\" ><div class=\"elementor-post__thumbnail\"><img decoding=\"async\" width=\"768\" height=\"660\" src=\"https:\/\/luxmanlight.com\/wp-content\/uploads\/2025\/03\/Sun-Wind-Hybrid-Solar-Tailers1-1-768x660.webp\" class=\"attachment-medium_large size-medium_large wp-image-31651\" alt=\"Syst\u00e8mes solaires hybrides soleil + vent\" srcset=\"https:\/\/luxmanlight.com\/wp-content\/uploads\/2025\/03\/Sun-Wind-Hybrid-Solar-Tailers1-1-768x660.webp 768w, https:\/\/luxmanlight.com\/wp-content\/uploads\/2025\/03\/Sun-Wind-Hybrid-Solar-Tailers1-1-300x258.webp 300w, https:\/\/luxmanlight.com\/wp-content\/uploads\/2025\/03\/Sun-Wind-Hybrid-Solar-Tailers1-1-1030x885.webp 1030w, https:\/\/luxmanlight.com\/wp-content\/uploads\/2025\/03\/Sun-Wind-Hybrid-Solar-Tailers1-1-14x12.webp 14w, https:\/\/luxmanlight.com\/wp-content\/uploads\/2025\/03\/Sun-Wind-Hybrid-Solar-Tailers1-1-705x606.webp 705w, https:\/\/luxmanlight.com\/wp-content\/uploads\/2025\/03\/Sun-Wind-Hybrid-Solar-Tailers1-1.webp 1379w\" sizes=\"(max-width: 768px) 100vw, 768px\" \/><\/div><\/a>\n\t\t\t\t<div class=\"elementor-post__text\">\n\t\t\t\t<h3 class=\"elementor-post__title\">\n\t\t\t<a href=\"https:\/\/luxmanlight.com\/fr\/product-item\/sun-wind-hybrid-solar-tailers\/\" >\n\t\t\t\tHybrides solaires solaires et \u00e9oliens\t\t\t<\/a>\n\t\t<\/h3>\n\t\t\t\t<\/div>\n\t\t\t\t\t<\/div>\n\t\t<\/article>\n\t\t\t\t<\/div>\n\t\t\n\t\t\t\t\t\t<\/div>\n\t\t\t\t<\/div>\n\t\t\t\t<div class=\"elementor-element elementor-element-176399b elementor-widget elementor-widget-spacer\" data-id=\"176399b\" data-element_type=\"widget\" data-e-type=\"widget\" data-widget_type=\"spacer.default\">\n\t\t\t\t\t\t\t<div class=\"elementor-spacer\">\n\t\t\t<div class=\"elementor-spacer-inner\"><\/div>\n\t\t<\/div>\n\t\t\t\t\t\t<\/div>\n\t\t\t\t<\/div>\n\t\t\t\t\t<\/div>\n\t\t\t\t<\/div>\n\t\t<div class=\"elementor-element elementor-element-d9437a0 e-flex e-con-boxed e-con e-parent\" data-id=\"d9437a0\" data-element_type=\"container\" data-e-type=\"container\" data-settings=\"{&quot;background_background&quot;:&quot;classic&quot;}\">\n\t\t\t\t\t<div class=\"e-con-inner\">\n\t\t\t\t<div class=\"elementor-element elementor-element-637fc12 elementor-widget elementor-widget-heading\" data-id=\"637fc12\" data-element_type=\"widget\" data-e-type=\"widget\" data-widget_type=\"heading.default\">\n\t\t\t\t\t<h3 class=\"elementor-heading-title elementor-size-default\">Nous nous r\u00e9jouissons d'entamer un dialogue commercial int\u00e9ressant avec vous !<\/h3>\t\t\t\t<\/div>\n\t\t\t\t<div class=\"elementor-element elementor-element-4847a58 elementor-widget elementor-widget-text-editor\" data-id=\"4847a58\" data-element_type=\"widget\" data-e-type=\"widget\" data-widget_type=\"text-editor.default\">\n\t\t\t\t\t\t\t\t\t<p>\n<div class=\"wpcf7 no-js\" id=\"wpcf7-f1997-o1\" lang=\"en-US\" dir=\"ltr\" data-wpcf7-id=\"1997\">\n<div class=\"screen-reader-response\"><p role=\"status\" aria-live=\"polite\" aria-atomic=\"true\"><\/p> <ul><\/ul><\/div>\n<form action=\"\/fr\/wp-json\/wp\/v2\/pages\/71979#wpcf7-f1997-o1\" method=\"post\" class=\"wpcf7-form init\" aria-label=\"Formulaire de contact\" novalidate=\"novalidate\" data-status=\"init\" data-trp-original-action=\"\/fr\/wp-json\/wp\/v2\/pages\/71979#wpcf7-f1997-o1\">\n<fieldset class=\"hidden-fields-container\"><input type=\"hidden\" name=\"_wpcf7\" value=\"1997\" \/><input type=\"hidden\" name=\"_wpcf7_version\" value=\"6.1.4\" \/><input type=\"hidden\" name=\"_wpcf7_locale\" value=\"en_US\" \/><input type=\"hidden\" name=\"_wpcf7_unit_tag\" value=\"wpcf7-f1997-o1\" \/><input type=\"hidden\" name=\"_wpcf7_container_post\" value=\"0\" \/><input type=\"hidden\" name=\"_wpcf7_posted_data_hash\" value=\"\" \/><input type=\"hidden\" name=\"_wpcf7_recaptcha_response\" value=\"\" \/>\n<\/fieldset>\n<div class=\"onecolumn\">\n\t<div class=\"input_item\">\n\t\t<p><span class=\"wpcf7-form-control-wrap\" data-name=\"your-name\"><input size=\"40\" maxlength=\"400\" class=\"wpcf7-form-control wpcf7-text wpcf7-validates-as-required\" aria-required=\"true\" aria-invalid=\"false\" placeholder=\"Nom*\" value=\"\" type=\"text\" name=\"your-name\" \/><\/span>\n\t\t<\/p>\n\t<\/div>\n\t<div class=\"input_item\">\n\t\t<p><span class=\"wpcf7-form-control-wrap\" data-name=\"your-email\"><input size=\"40\" maxlength=\"400\" class=\"wpcf7-form-control wpcf7-email wpcf7-validates-as-required wpcf7-text wpcf7-validates-as-email\" aria-required=\"true\" aria-invalid=\"false\" placeholder=\"Courrier \u00e9lectronique*\" value=\"\" type=\"email\" name=\"your-email\" \/><\/span>\n\t\t<\/p>\n\t<\/div>\n\t<div class=\"input_item\">\n\t\t<p><span class=\"wpcf7-form-control-wrap\" data-name=\"your-telephone\"><input size=\"40\" maxlength=\"400\" class=\"wpcf7-form-control wpcf7-tel wpcf7-validates-as-required wpcf7-text wpcf7-validates-as-tel\" aria-required=\"true\" aria-invalid=\"false\" placeholder=\"t\u00e9l\u00e9phone*\" value=\"\" type=\"tel\" name=\"your-telephone\" \/><\/span>\n\t\t<\/p>\n\t<\/div>\n\t<div class=\"input_item\">\n\t\t<p><span class=\"wpcf7-form-control-wrap\" data-name=\"your-message\"><textarea cols=\"40\" rows=\"10\" maxlength=\"2000\" class=\"wpcf7-form-control wpcf7-textarea\" aria-invalid=\"false\" placeholder=\"Message*\" name=\"your-message\"><\/textarea><\/span>\n\t\t<\/p>\n\t<\/div>\n<\/div>\n<p><input class=\"wpcf7-form-control wpcf7-submit has-spinner\" type=\"submit\" value=\"Soumettre\" \/>\n<\/p>\n<p><script>\ndocument.addEventListener( 'wpcf7mailsent', function( event ) {\n location = '\/thank-you\/';\n}, false );\n<\/script>\n<\/p><div class=\"wpcf7-response-output\" aria-hidden=\"true\"><\/div>\n<input type=\"hidden\" name=\"trp-form-language\" value=\"fr\"\/><\/form>\n<\/div>\n<\/p>\t\t\t\t\t\t\t\t<\/div>\n\t\t\t\t\t<\/div>\n\t\t\t\t<\/div>\n\t\t\t\t<\/div>","protected":false},"excerpt":{"rendered":"<p>Tour d&#039;\u00e9clairage mobile solaire et \u00e9olienne. Nous avons h\u00e2te d&#039;entamer un dialogue commercial int\u00e9ressant avec vous !<\/p>","protected":false},"author":9,"featured_media":31651,"parent":70901,"menu_order":0,"comment_status":"closed","ping_status":"closed","template":"elementor_header_footer","meta":{"site-sidebar-layout":"no-sidebar","site-content-layout":"","ast-site-content-layout":"full-width-container","site-content-style":"default","site-sidebar-style":"default","ast-global-header-display":"","ast-banner-title-visibility":"","ast-main-header-display":"","ast-hfb-above-header-display":"","ast-hfb-below-header-display":"","ast-hfb-mobile-header-display":"","site-post-title":"","ast-breadcrumbs-content":"","ast-featured-img":"disabled","footer-sml-layout":"","ast-disable-related-posts":"","theme-transparent-header-meta":"default","adv-header-id-meta":"","stick-header-meta":"","header-above-stick-meta":"","header-main-stick-meta":"","header-below-stick-meta":"","astra-migrate-meta-layouts":"set","ast-page-background-enabled":"default","ast-page-background-meta":{"desktop":{"background-color":"var(--ast-global-color-5)","background-image":"","background-repeat":"repeat","background-position":"center center","background-size":"auto","background-attachment":"scroll","background-type":"","background-media":"","overlay-type":"","overlay-color":"","overlay-opacity":"","overlay-gradient":""},"tablet":{"background-color":"","background-image":"","background-repeat":"repeat","background-position":"center center","background-size":"auto","background-attachment":"scroll","background-type":"","background-media":"","overlay-type":"","overlay-color":"","overlay-opacity":"","overlay-gradient":""},"mobile":{"background-color":"","background-image":"","background-repeat":"repeat","background-position":"center center","background-size":"auto","background-attachment":"scroll","background-type":"","background-media":"","overlay-type":"","overlay-color":"","overlay-opacity":"","overlay-gradient":""}},"ast-content-background-meta":{"desktop":{"background-color":"var(--ast-global-color-4)","background-image":"","background-repeat":"repeat","background-position":"center center","background-size":"auto","background-attachment":"scroll","background-type":"","background-media":"","overlay-type":"","overlay-color":"","overlay-opacity":"","overlay-gradient":""},"tablet":{"background-color":"var(--ast-global-color-4)","background-image":"","background-repeat":"repeat","background-position":"center center","background-size":"auto","background-attachment":"scroll","background-type":"","background-media":"","overlay-type":"","overlay-color":"","overlay-opacity":"","overlay-gradient":""},"mobile":{"background-color":"var(--ast-global-color-4)","background-image":"","background-repeat":"repeat","background-position":"center center","background-size":"auto","background-attachment":"scroll","background-type":"","background-media":"","overlay-type":"","overlay-color":"","overlay-opacity":"","overlay-gradient":""}},"footnotes":""},"class_list":["post-71979","page","type-page","status-publish","has-post-thumbnail","hentry"],"_links":{"self":[{"href":"https:\/\/luxmanlight.com\/fr\/wp-json\/wp\/v2\/pages\/71979","targetHints":{"allow":["GET"]}}],"collection":[{"href":"https:\/\/luxmanlight.com\/fr\/wp-json\/wp\/v2\/pages"}],"about":[{"href":"https:\/\/luxmanlight.com\/fr\/wp-json\/wp\/v2\/types\/page"}],"author":[{"embeddable":true,"href":"https:\/\/luxmanlight.com\/fr\/wp-json\/wp\/v2\/users\/9"}],"replies":[{"embeddable":true,"href":"https:\/\/luxmanlight.com\/fr\/wp-json\/wp\/v2\/comments?post=71979"}],"version-history":[{"count":4,"href":"https:\/\/luxmanlight.com\/fr\/wp-json\/wp\/v2\/pages\/71979\/revisions"}],"predecessor-version":[{"id":71987,"href":"https:\/\/luxmanlight.com\/fr\/wp-json\/wp\/v2\/pages\/71979\/revisions\/71987"}],"up":[{"embeddable":true,"href":"https:\/\/luxmanlight.com\/fr\/wp-json\/wp\/v2\/pages\/70901"}],"wp:featuredmedia":[{"embeddable":true,"href":"https:\/\/luxmanlight.com\/fr\/wp-json\/wp\/v2\/media\/31651"}],"wp:attachment":[{"href":"https:\/\/luxmanlight.com\/fr\/wp-json\/wp\/v2\/media?parent=71979"}],"curies":[{"name":"wp","href":"https:\/\/api.w.org\/{rel}","templated":true}]}}