{"id":4108,"date":"2019-10-24T09:32:22","date_gmt":"2019-10-24T09:32:22","guid":{"rendered":"https:\/\/luxmanlight.com\/?page_id=4108"},"modified":"2026-02-03T08:22:36","modified_gmt":"2026-02-03T08:22:36","slug":"lampe-solaire-de-jardin-2","status":"publish","type":"page","link":"https:\/\/luxmanlight.com\/fr\/solar-garden-light-4\/","title":{"rendered":"LAMPE SOLAIRE DE JARDIN"},"content":{"rendered":"<div data-elementor-type=\"wp-page\" data-elementor-id=\"4108\" class=\"elementor elementor-4108\" data-elementor-post-type=\"page\">\n\t\t\t\t<div class=\"elementor-element elementor-element-74a5885 e-flex e-con-boxed e-con e-parent\" data-id=\"74a5885\" data-element_type=\"container\" data-e-type=\"container\" data-settings=\"{&quot;background_background&quot;:&quot;classic&quot;}\">\n\t\t\t\t\t<div class=\"e-con-inner\">\n\t\t\t\t<div class=\"elementor-element elementor-element-7576477 elementor-widget elementor-widget-heading\" data-id=\"7576477\" data-element_type=\"widget\" data-e-type=\"widget\" data-widget_type=\"heading.default\">\n\t\t\t\t\t<h1 class=\"elementor-heading-title elementor-size-default\">Nos meilleures lampes solaires de jardin<\/h1>\t\t\t\t<\/div>\n\t\t\t\t\t<\/div>\n\t\t\t\t<\/div>\n\t\t<div class=\"elementor-element elementor-element-19c11a5 e-flex e-con-boxed e-con e-parent\" data-id=\"19c11a5\" data-element_type=\"container\" data-e-type=\"container\" data-settings=\"{&quot;background_background&quot;:&quot;classic&quot;}\">\n\t\t\t\t\t<div class=\"e-con-inner\">\n\t\t\t\t<div class=\"elementor-element elementor-element-1c5ebf8 elementor-widget elementor-widget-spacer\" data-id=\"1c5ebf8\" data-element_type=\"widget\" data-e-type=\"widget\" data-widget_type=\"spacer.default\">\n\t\t\t\t\t\t\t<div class=\"elementor-spacer\">\n\t\t\t<div class=\"elementor-spacer-inner\"><\/div>\n\t\t<\/div>\n\t\t\t\t\t\t<\/div>\n\t\t\t\t<div class=\"elementor-element elementor-element-98533b3 elementor-widget elementor-widget-heading\" data-id=\"98533b3\" data-element_type=\"widget\" data-e-type=\"widget\" data-widget_type=\"heading.default\">\n\t\t\t\t\t<h2 class=\"elementor-heading-title elementor-size-default\">Lampe de jardin solaire<\/h2>\t\t\t\t<\/div>\n\t\t\t\t<div class=\"elementor-element elementor-element-0677090 elementor-widget-divider--view-line elementor-widget elementor-widget-divider\" data-id=\"0677090\" data-element_type=\"widget\" data-e-type=\"widget\" data-widget_type=\"divider.default\">\n\t\t\t\t\t\t\t<div class=\"elementor-divider\">\n\t\t\t<span class=\"elementor-divider-separator\">\n\t\t\t\t\t\t<\/span>\n\t\t<\/div>\n\t\t\t\t\t\t<\/div>\n\t\t\t\t<div class=\"elementor-element elementor-element-09dd38e elementor-widget elementor-widget-text-editor\" data-id=\"09dd38e\" data-element_type=\"widget\" data-e-type=\"widget\" data-widget_type=\"text-editor.default\">\n\t\t\t\t\t\t\t\t\t<p>Les lampes solaires d&#039;ext\u00e9rieur LUXMAN sont con\u00e7ues pour les all\u00e9es, les cours, les entr\u00e9es de garage, les trottoirs et les garages dans les zones r\u00e9sidentielles et commerciales.<\/p><p>Les lumi\u00e8res 12 V sont des 100% aliment\u00e9es par le soleil, qui peuvent fonctionner sans se connecter au r\u00e9seau \u00e9lectrique.<\/p><p>La conception autonome lui permet d&#039;\u00eatre install\u00e9e n&#039;importe o\u00f9 dans le jardin ou dans des zones avec un grand espace.<\/p><p>Luxman Solar Led Lights a mis au point une fonction de t\u00e9l\u00e9commande. Les utilisateurs peuvent allumer\/\u00e9teindre avec la t\u00e9l\u00e9commande. En outre, l&#039;utilisateur peut ajuster l&#039;\u00e9tat de fonctionnement de la lumi\u00e8re.<\/p><p>En un mot, il est facile \u00e0 contr\u00f4ler et \u00e0 installer.<\/p><p><strong>Produits de lampes de jardin \u00e0 LED solaires\u00a0:<\/strong><\/p>\t\t\t\t\t\t\t\t<\/div>\n\t\t<div class=\"elementor-element elementor-element-ddb0283 e-grid e-con-full e-con e-child\" data-id=\"ddb0283\" data-element_type=\"container\" data-e-type=\"container\">\n\t\t\t\t<div class=\"elementor-element elementor-element-9280097 elementor-widget elementor-widget-image\" data-id=\"9280097\" data-element_type=\"widget\" data-e-type=\"widget\" data-widget_type=\"image.default\">\n\t\t\t\t\t\t\t\t\t\t\t\t<figure class=\"wp-caption\">\n\t\t\t\t\t\t\t\t\t\t\t<a href=\"https:\/\/luxmanlight.com\/fr\/article-de-produit-2\/all-in-one-solar-street-light-12w-lx-ld12w-ss\/\">\n\t\t\t\t\t\t\t<img fetchpriority=\"high\" decoding=\"async\" width=\"802\" height=\"802\" src=\"https:\/\/luxmanlight.com\/wp-content\/uploads\/2019\/10\/All-in-one-solar-street-light-12w.jpg\" class=\"attachment-large size-large wp-image-4048\" alt=\"feux de stationnement \u00e0 panneaux solaires\" srcset=\"https:\/\/luxmanlight.com\/wp-content\/uploads\/2019\/10\/All-in-one-solar-street-light-12w.jpg.webp 802w, https:\/\/luxmanlight.com\/wp-content\/uploads\/2019\/10\/All-in-one-solar-street-light-12w-80x80.jpg.webp 80w, https:\/\/luxmanlight.com\/wp-content\/uploads\/2019\/10\/All-in-one-solar-street-light-12w-300x300.jpg.webp 300w, https:\/\/luxmanlight.com\/wp-content\/uploads\/2019\/10\/All-in-one-solar-street-light-12w-768x768.jpg.webp 768w, https:\/\/luxmanlight.com\/wp-content\/uploads\/2019\/10\/All-in-one-solar-street-light-12w-36x36.jpg.webp 36w, https:\/\/luxmanlight.com\/wp-content\/uploads\/2019\/10\/All-in-one-solar-street-light-12w-180x180.jpg.webp 180w, https:\/\/luxmanlight.com\/wp-content\/uploads\/2019\/10\/All-in-one-solar-street-light-12w-705x705.jpg.webp 705w, https:\/\/luxmanlight.com\/wp-content\/uploads\/2019\/10\/All-in-one-solar-street-light-12w-120x120.jpg.webp 120w, https:\/\/luxmanlight.com\/wp-content\/uploads\/2019\/10\/All-in-one-solar-street-light-12w-450x450.jpg.webp 450w\" sizes=\"(max-width: 802px) 100vw, 802px\" \/>\t\t\t\t\t\t\t\t<\/a>\n\t\t\t\t\t\t\t\t\t\t\t<figcaption class=\"widget-image-caption wp-caption-text\">Lumi\u00e8res du parc solaire SS<\/figcaption>\n\t\t\t\t\t\t\t\t\t\t<\/figure>\n\t\t\t\t\t\t\t\t\t<\/div>\n\t\t\t\t<div class=\"elementor-element elementor-element-f0b51fb elementor-widget elementor-widget-image\" data-id=\"f0b51fb\" data-element_type=\"widget\" data-e-type=\"widget\" data-widget_type=\"image.default\">\n\t\t\t\t\t\t\t\t\t\t\t\t<figure class=\"wp-caption\">\n\t\t\t\t\t\t\t\t\t\t\t<a href=\"https:\/\/luxmanlight.com\/fr\/article-de-produit-2\/lampes-solaires-pour-poteaux\/\">\n\t\t\t\t\t\t\t<img decoding=\"async\" src=\"https:\/\/luxmanlight.com\/wp-content\/uploads\/2019\/10\/solar-street-light.jpg.webp\" title=\"\" alt=\"lampadaire solaire\" loading=\"lazy\" \/>\t\t\t\t\t\t\t\t<\/a>\n\t\t\t\t\t\t\t\t\t\t\t<figcaption class=\"widget-image-caption wp-caption-text\">Lumi\u00e8res du parc solaire S2<\/figcaption>\n\t\t\t\t\t\t\t\t\t\t<\/figure>\n\t\t\t\t\t\t\t\t\t<\/div>\n\t\t\t\t<div class=\"elementor-element elementor-element-735ba9d elementor-widget elementor-widget-image\" data-id=\"735ba9d\" data-element_type=\"widget\" data-e-type=\"widget\" data-widget_type=\"image.default\">\n\t\t\t\t\t\t\t\t\t\t\t\t<figure class=\"wp-caption\">\n\t\t\t\t\t\t\t\t\t\t\t<a href=\"https:\/\/luxmanlight.com\/fr\/article-de-produit-2\/eclairage-public-solaire\/\">\n\t\t\t\t\t\t\t<img decoding=\"async\" width=\"437\" height=\"437\" src=\"https:\/\/luxmanlight.com\/wp-content\/uploads\/2019\/10\/solar-street-light-s3-40w.jpg\" class=\"attachment-large size-large wp-image-4050\" alt=\"lampes de stationnement solaires\" srcset=\"https:\/\/luxmanlight.com\/wp-content\/uploads\/2019\/10\/solar-street-light-s3-40w.jpg.webp 437w, https:\/\/luxmanlight.com\/wp-content\/uploads\/2019\/10\/solar-street-light-s3-40w-80x80.jpg.webp 80w, https:\/\/luxmanlight.com\/wp-content\/uploads\/2019\/10\/solar-street-light-s3-40w-300x300.jpg.webp 300w, https:\/\/luxmanlight.com\/wp-content\/uploads\/2019\/10\/solar-street-light-s3-40w-36x36.jpg.webp 36w, https:\/\/luxmanlight.com\/wp-content\/uploads\/2019\/10\/solar-street-light-s3-40w-180x180.jpg.webp 180w, https:\/\/luxmanlight.com\/wp-content\/uploads\/2019\/10\/solar-street-light-s3-40w-120x120.jpg.webp 120w\" sizes=\"(max-width: 437px) 100vw, 437px\" \/>\t\t\t\t\t\t\t\t<\/a>\n\t\t\t\t\t\t\t\t\t\t\t<figcaption class=\"widget-image-caption wp-caption-text\">Lumi\u00e8res du parc solaire SS<\/figcaption>\n\t\t\t\t\t\t\t\t\t\t<\/figure>\n\t\t\t\t\t\t\t\t\t<\/div>\n\t\t\t\t<div class=\"elementor-element elementor-element-3777829 elementor-widget elementor-widget-image\" data-id=\"3777829\" data-element_type=\"widget\" data-e-type=\"widget\" data-widget_type=\"image.default\">\n\t\t\t\t\t\t\t\t\t\t\t\t<figure class=\"wp-caption\">\n\t\t\t\t\t\t\t\t\t\t\t<a href=\"https:\/\/luxmanlight.com\/fr\/article-de-produit-2\/solar-street-light-15w\/\">\n\t\t\t\t\t\t\t<img decoding=\"async\" width=\"437\" height=\"437\" src=\"https:\/\/luxmanlight.com\/wp-content\/uploads\/2019\/10\/solar-parking-lot-lights.jpg\" class=\"attachment-large size-large wp-image-4054\" alt=\"lumi\u00e8res solaires de parking\" srcset=\"https:\/\/luxmanlight.com\/wp-content\/uploads\/2019\/10\/solar-parking-lot-lights.jpg.webp 437w, https:\/\/luxmanlight.com\/wp-content\/uploads\/2019\/10\/solar-parking-lot-lights-80x80.jpg.webp 80w, https:\/\/luxmanlight.com\/wp-content\/uploads\/2019\/10\/solar-parking-lot-lights-300x300.jpg.webp 300w, https:\/\/luxmanlight.com\/wp-content\/uploads\/2019\/10\/solar-parking-lot-lights-36x36.jpg.webp 36w, https:\/\/luxmanlight.com\/wp-content\/uploads\/2019\/10\/solar-parking-lot-lights-180x180.jpg.webp 180w, https:\/\/luxmanlight.com\/wp-content\/uploads\/2019\/10\/solar-parking-lot-lights-120x120.jpg.webp 120w\" sizes=\"(max-width: 437px) 100vw, 437px\" \/>\t\t\t\t\t\t\t\t<\/a>\n\t\t\t\t\t\t\t\t\t\t\t<figcaption class=\"widget-image-caption wp-caption-text\">Lumi\u00e8res du parc solaire SS<\/figcaption>\n\t\t\t\t\t\t\t\t\t\t<\/figure>\n\t\t\t\t\t\t\t\t\t<\/div>\n\t\t\t\t<\/div>\n\t\t\t\t<div class=\"elementor-element elementor-element-ac245e4 elementor-widget elementor-widget-text-editor\" data-id=\"ac245e4\" data-element_type=\"widget\" data-e-type=\"widget\" data-widget_type=\"text-editor.default\">\n\t\t\t\t\t\t\t\t\t<p>Luxman poursuit sa qu\u00eate de la perfection.<\/p><p>Les fonctionnalit\u00e9s des lanternes solaires de jardin ont \u00e9t\u00e9 am\u00e9lior\u00e9es, telles que l&#039;interface USB, la t\u00e9l\u00e9commande, le contr\u00f4le par application mobile, la cam\u00e9ra de surveillance.  V\u00e9rifiez-le.<\/p><p>Nous serons heureux de r\u00e9pondre \u00e0 votre question concernant l\u2019utilisation de la nouvelle fonction.<\/p>\t\t\t\t\t\t\t\t<\/div>\n\t\t\t\t\t<\/div>\n\t\t\t\t<\/div>\n\t\t<div class=\"elementor-element elementor-element-5ed2dfc e-flex e-con-boxed e-con e-parent\" data-id=\"5ed2dfc\" data-element_type=\"container\" data-e-type=\"container\">\n\t\t\t\t\t<div class=\"e-con-inner\">\n\t\t\t\t<div class=\"elementor-element elementor-element-0baf6bb elementor-widget elementor-widget-spacer\" data-id=\"0baf6bb\" data-element_type=\"widget\" data-e-type=\"widget\" data-widget_type=\"spacer.default\">\n\t\t\t\t\t\t\t<div class=\"elementor-spacer\">\n\t\t\t<div class=\"elementor-spacer-inner\"><\/div>\n\t\t<\/div>\n\t\t\t\t\t\t<\/div>\n\t\t\t\t<div class=\"elementor-element elementor-element-e615c4a elementor-widget elementor-widget-heading\" data-id=\"e615c4a\" data-element_type=\"widget\" data-e-type=\"widget\" data-widget_type=\"heading.default\">\n\t\t\t\t\t<h2 class=\"elementor-heading-title elementor-size-default\">Avantages<\/h2>\t\t\t\t<\/div>\n\t\t\t\t<div class=\"elementor-element elementor-element-7145b94 elementor-widget elementor-widget-text-editor\" data-id=\"7145b94\" data-element_type=\"widget\" data-e-type=\"widget\" data-widget_type=\"text-editor.default\">\n\t\t\t\t\t\t\t\t\t<ul><li>n&#039;installez pas<\/li><li>Pas de c\u00e2blage \u00e9lectrique<\/li><li>Pas de facture d&#039;\u00e9lectricit\u00e9<\/li><li>Sans entretien<\/li><li>Contr\u00f4le intelligent<\/li><\/ul>\t\t\t\t\t\t\t\t<\/div>\n\t\t\t\t\t<\/div>\n\t\t\t\t<\/div>\n\t\t<div class=\"elementor-element elementor-element-30fd0e8 e-flex e-con-boxed e-con e-parent\" data-id=\"30fd0e8\" data-element_type=\"container\" data-e-type=\"container\" data-settings=\"{&quot;background_background&quot;:&quot;classic&quot;}\">\n\t\t\t\t\t<div class=\"e-con-inner\">\n\t\t\t\t<div class=\"elementor-element elementor-element-d45718a elementor-widget elementor-widget-spacer\" data-id=\"d45718a\" data-element_type=\"widget\" data-e-type=\"widget\" data-widget_type=\"spacer.default\">\n\t\t\t\t\t\t\t<div class=\"elementor-spacer\">\n\t\t\t<div class=\"elementor-spacer-inner\"><\/div>\n\t\t<\/div>\n\t\t\t\t\t\t<\/div>\n\t\t\t\t<div class=\"elementor-element elementor-element-93e7fea elementor-widget elementor-widget-heading\" data-id=\"93e7fea\" data-element_type=\"widget\" data-e-type=\"widget\" data-widget_type=\"heading.default\">\n\t\t\t\t\t<h2 class=\"elementor-heading-title elementor-size-default\">Projet de lanternes solaires de jardin<\/h2>\t\t\t\t<\/div>\n\t\t\t\t<div class=\"elementor-element elementor-element-de3a95c elementor-widget-divider--view-line elementor-widget elementor-widget-divider\" data-id=\"de3a95c\" data-element_type=\"widget\" data-e-type=\"widget\" data-widget_type=\"divider.default\">\n\t\t\t\t\t\t\t<div class=\"elementor-divider\">\n\t\t\t<span class=\"elementor-divider-separator\">\n\t\t\t\t\t\t<\/span>\n\t\t<\/div>\n\t\t\t\t\t\t<\/div>\n\t\t\t\t<div class=\"elementor-element elementor-element-a6a2613 elementor-widget elementor-widget-text-editor\" data-id=\"a6a2613\" data-element_type=\"widget\" data-e-type=\"widget\" data-widget_type=\"text-editor.default\">\n\t\t\t\t\t\t\t\t\t<p>Les lanternes de jardin ext\u00e9rieures \u00e0 \u00e9nergie solaire sont dot\u00e9es d&#039;une conception autonome 100% aliment\u00e9e par le soleil. Autrement dit, il n\u2019est pas n\u00e9cessaire de connecter le r\u00e9seau \u00e9lectrique. Cela permet d&#039;\u00e9conomiser le co\u00fbt de l&#039;investissement dans les c\u00e2bles \u00e9lectriques et le temps de creusement.<\/p><p>Avec un capteur de mouvement int\u00e9gr\u00e9, la lanterne de jardin 12 V peut d\u00e9tecter la pr\u00e9sence de personnes et de v\u00e9hicules pour fournir un \u00e9clairage lors de la configuration.<\/p><p>Il vous permet de cr\u00e9er un \u00e9clairage de jardin plus durable tout en permettant aux visiteurs de se sentir en s\u00e9curit\u00e9 et \u00e0 l&#039;aise.<\/p>\t\t\t\t\t\t\t\t<\/div>\n\t\t<div class=\"elementor-element elementor-element-6e5acb8 e-grid e-con-full e-con e-child\" data-id=\"6e5acb8\" data-element_type=\"container\" data-e-type=\"container\">\n\t\t\t\t<div class=\"elementor-element elementor-element-3b0fb25 elementor-widget elementor-widget-image\" data-id=\"3b0fb25\" data-element_type=\"widget\" data-e-type=\"widget\" data-widget_type=\"image.default\">\n\t\t\t\t\t\t\t\t\t\t\t\t\t\t\t<img loading=\"lazy\" decoding=\"async\" width=\"437\" height=\"437\" src=\"https:\/\/luxmanlight.com\/wp-content\/uploads\/2019\/05\/luxman-solar-car-parking-light.jpg\" class=\"attachment-large size-large wp-image-2795\" alt=\"luxman-solar-car-parking-light.jpg.webp\" srcset=\"https:\/\/luxmanlight.com\/wp-content\/uploads\/2019\/05\/luxman-solar-car-parking-light.jpg.webp 437w, https:\/\/luxmanlight.com\/wp-content\/uploads\/2019\/05\/luxman-solar-car-parking-light-80x80.jpg.webp 80w, https:\/\/luxmanlight.com\/wp-content\/uploads\/2019\/05\/luxman-solar-car-parking-light-300x300.jpg.webp 300w, https:\/\/luxmanlight.com\/wp-content\/uploads\/2019\/05\/luxman-solar-car-parking-light-36x36.jpg.webp 36w, https:\/\/luxmanlight.com\/wp-content\/uploads\/2019\/05\/luxman-solar-car-parking-light-180x180.jpg.webp 180w, https:\/\/luxmanlight.com\/wp-content\/uploads\/2019\/05\/luxman-solar-car-parking-light-120x120.jpg.webp 120w\" sizes=\"(max-width: 437px) 100vw, 437px\" \/>\t\t\t\t\t\t\t\t\t\t\t\t\t\t\t<\/div>\n\t\t\t\t<div class=\"elementor-element elementor-element-bcef2c1 elementor-widget elementor-widget-image\" data-id=\"bcef2c1\" data-element_type=\"widget\" data-e-type=\"widget\" data-widget_type=\"image.default\">\n\t\t\t\t\t\t\t\t\t\t\t\t\t\t\t<img decoding=\"async\" src=\"https:\/\/luxmanlight.com\/wp-content\/uploads\/2019\/03\/Luxman-light-inner-page-design-Campus-Solar-Lighting3.jpg\" title=\"\" alt=\"Conception de la page int\u00e9rieure de Luxman Light\" loading=\"lazy\" \/>\t\t\t\t\t\t\t\t\t\t\t\t\t\t\t<\/div>\n\t\t\t\t<div class=\"elementor-element elementor-element-0ace38f elementor-widget elementor-widget-image\" data-id=\"0ace38f\" data-element_type=\"widget\" data-e-type=\"widget\" data-widget_type=\"image.default\">\n\t\t\t\t\t\t\t\t\t\t\t\t\t\t\t<img decoding=\"async\" src=\"https:\/\/luxmanlight.com\/wp-content\/uploads\/2019\/05\/car-parking-solar-light.jpg.webp\" title=\"\" alt=\"Luxman-light-page-int\u00e9rieure-conception-Campus-Solar-Lighting1\" loading=\"lazy\" \/>\t\t\t\t\t\t\t\t\t\t\t\t\t\t\t<\/div>\n\t\t\t\t<\/div>\n\t\t\t\t\t<\/div>\n\t\t\t\t<\/div>\n\t\t<div class=\"elementor-element elementor-element-2c70129 e-flex e-con-boxed e-con e-parent\" data-id=\"2c70129\" data-element_type=\"container\" data-e-type=\"container\" data-settings=\"{&quot;background_background&quot;:&quot;classic&quot;}\">\n\t\t\t\t\t<div class=\"e-con-inner\">\n\t\t\t\t<div class=\"elementor-element elementor-element-6fa77fe elementor-widget elementor-widget-spacer\" data-id=\"6fa77fe\" data-element_type=\"widget\" data-e-type=\"widget\" data-widget_type=\"spacer.default\">\n\t\t\t\t\t\t\t<div class=\"elementor-spacer\">\n\t\t\t<div class=\"elementor-spacer-inner\"><\/div>\n\t\t<\/div>\n\t\t\t\t\t\t<\/div>\n\t\t\t\t<div class=\"elementor-element elementor-element-3e957e3 elementor-widget elementor-widget-heading\" data-id=\"3e957e3\" data-element_type=\"widget\" data-e-type=\"widget\" data-widget_type=\"heading.default\">\n\t\t\t\t\t<h2 class=\"elementor-heading-title elementor-size-default\">Notre solution<\/h2>\t\t\t\t<\/div>\n\t\t\t\t<div class=\"elementor-element elementor-element-fed7d2d elementor-widget-divider--view-line elementor-widget elementor-widget-divider\" data-id=\"fed7d2d\" data-element_type=\"widget\" data-e-type=\"widget\" data-widget_type=\"divider.default\">\n\t\t\t\t\t\t\t<div class=\"elementor-divider\">\n\t\t\t<span class=\"elementor-divider-separator\">\n\t\t\t\t\t\t<\/span>\n\t\t<\/div>\n\t\t\t\t\t\t<\/div>\n\t\t\t\t<div class=\"elementor-element elementor-element-9a8eca4 elementor-widget elementor-widget-text-editor\" data-id=\"9a8eca4\" data-element_type=\"widget\" data-e-type=\"widget\" data-widget_type=\"text-editor.default\">\n\t\t\t\t\t\t\t\t\t<p>Les projets d&#039;\u00e9clairage solaire ext\u00e9rieur n\u00e9cessitent des conditions climatiques tr\u00e8s \u00e9lev\u00e9es dans la zone d&#039;application, telles que le temps d&#039;ensoleillement, les jours de pluie, la longitude et la latitude, etc. Comment fournir une solution d&#039;\u00e9clairage solaire efficace, LUXMAN d\u00e9veloppera une solution d&#039;\u00e9clairage solaire personnalis\u00e9e unique en fonction des conditions d\u2019application fournies par les clients.<\/p><p><strong><a href=\"https:\/\/luxmanlight.com\/fr\/applications-de-lampadaires-solaires\/\">Obtenez la solution &gt;&gt;<\/a><\/strong><\/p>\t\t\t\t\t\t\t\t<\/div>\n\t\t\t\t\t<\/div>\n\t\t\t\t<\/div>\n\t\t<div class=\"elementor-element elementor-element-7f3ad55 e-flex e-con-boxed e-con e-parent\" data-id=\"7f3ad55\" data-element_type=\"container\" data-e-type=\"container\" data-settings=\"{&quot;background_background&quot;:&quot;classic&quot;}\">\n\t\t\t\t\t<div class=\"e-con-inner\">\n\t\t\t\t<div class=\"elementor-element elementor-element-33b9832 elementor-widget elementor-widget-heading\" data-id=\"33b9832\" data-element_type=\"widget\" data-e-type=\"widget\" data-widget_type=\"heading.default\">\n\t\t\t\t\t<h3 class=\"elementor-heading-title elementor-size-default\">Nous nous r\u00e9jouissons d'entamer un dialogue commercial int\u00e9ressant avec vous !<\/h3>\t\t\t\t<\/div>\n\t\t\t\t<div class=\"elementor-element elementor-element-e3de28a elementor-widget elementor-widget-text-editor\" data-id=\"e3de28a\" data-element_type=\"widget\" data-e-type=\"widget\" data-widget_type=\"text-editor.default\">\n\t\t\t\t\t\t\t\t\t<p>\n<div class=\"wpcf7 no-js\" id=\"wpcf7-f1997-o1\" lang=\"en-US\" dir=\"ltr\" data-wpcf7-id=\"1997\">\n<div class=\"screen-reader-response\"><p role=\"status\" aria-live=\"polite\" aria-atomic=\"true\"><\/p> <ul><\/ul><\/div>\n<form action=\"\/fr\/wp-json\/wp\/v2\/pages\/4108#wpcf7-f1997-o1\" method=\"post\" class=\"wpcf7-form init\" aria-label=\"Formulaire de contact\" novalidate=\"novalidate\" data-status=\"init\" data-trp-original-action=\"\/fr\/wp-json\/wp\/v2\/pages\/4108#wpcf7-f1997-o1\">\n<fieldset class=\"hidden-fields-container\"><input type=\"hidden\" name=\"_wpcf7\" value=\"1997\" \/><input type=\"hidden\" name=\"_wpcf7_version\" value=\"6.1.4\" \/><input type=\"hidden\" name=\"_wpcf7_locale\" value=\"en_US\" \/><input type=\"hidden\" name=\"_wpcf7_unit_tag\" value=\"wpcf7-f1997-o1\" \/><input type=\"hidden\" name=\"_wpcf7_container_post\" value=\"0\" \/><input type=\"hidden\" name=\"_wpcf7_posted_data_hash\" value=\"\" \/><input type=\"hidden\" name=\"_wpcf7_recaptcha_response\" value=\"\" \/>\n<\/fieldset>\n<div class=\"onecolumn\">\n\t<div class=\"input_item\">\n\t\t<p><span class=\"wpcf7-form-control-wrap\" data-name=\"your-name\"><input size=\"40\" maxlength=\"400\" class=\"wpcf7-form-control wpcf7-text wpcf7-validates-as-required\" aria-required=\"true\" aria-invalid=\"false\" placeholder=\"Nom*\" value=\"\" type=\"text\" name=\"your-name\" \/><\/span>\n\t\t<\/p>\n\t<\/div>\n\t<div class=\"input_item\">\n\t\t<p><span class=\"wpcf7-form-control-wrap\" data-name=\"your-email\"><input size=\"40\" maxlength=\"400\" class=\"wpcf7-form-control wpcf7-email wpcf7-validates-as-required wpcf7-text wpcf7-validates-as-email\" aria-required=\"true\" aria-invalid=\"false\" placeholder=\"Courrier \u00e9lectronique*\" value=\"\" type=\"email\" name=\"your-email\" \/><\/span>\n\t\t<\/p>\n\t<\/div>\n\t<div class=\"input_item\">\n\t\t<p><span class=\"wpcf7-form-control-wrap\" data-name=\"your-telephone\"><input size=\"40\" maxlength=\"400\" class=\"wpcf7-form-control wpcf7-tel wpcf7-validates-as-required wpcf7-text wpcf7-validates-as-tel\" aria-required=\"true\" aria-invalid=\"false\" placeholder=\"t\u00e9l\u00e9phone*\" value=\"\" type=\"tel\" name=\"your-telephone\" \/><\/span>\n\t\t<\/p>\n\t<\/div>\n\t<div class=\"input_item\">\n\t\t<p><span class=\"wpcf7-form-control-wrap\" data-name=\"your-message\"><textarea cols=\"40\" rows=\"10\" maxlength=\"2000\" class=\"wpcf7-form-control wpcf7-textarea\" aria-invalid=\"false\" placeholder=\"Message*\" name=\"your-message\"><\/textarea><\/span>\n\t\t<\/p>\n\t<\/div>\n<\/div>\n<p><input class=\"wpcf7-form-control wpcf7-submit has-spinner\" type=\"submit\" value=\"Soumettre\" \/>\n<\/p>\n<p><script>\ndocument.addEventListener( 'wpcf7mailsent', function( event ) {\n location = '\/thank-you\/';\n}, false );\n<\/script>\n<\/p><div class=\"wpcf7-response-output\" aria-hidden=\"true\"><\/div>\n<input type=\"hidden\" name=\"trp-form-language\" value=\"fr\"\/><\/form>\n<\/div>\n<\/p>\t\t\t\t\t\t\t\t<\/div>\n\t\t\t\t\t<\/div>\n\t\t\t\t<\/div>\n\t\t\t\t<\/div>","protected":false},"excerpt":{"rendered":"<p>Our Best Solar Garden Lights Solar Garden Light LUXMAN Outdoor Solar Garden Lights are designed for pathway, yard, driveway, walkway [&hellip;]<\/p>\n","protected":false},"author":8,"featured_media":5154,"parent":0,"menu_order":0,"comment_status":"closed","ping_status":"closed","template":"elementor_header_footer","meta":{"site-sidebar-layout":"default","site-content-layout":"","ast-site-content-layout":"full-width-container","site-content-style":"default","site-sidebar-style":"default","ast-global-header-display":"","ast-banner-title-visibility":"","ast-main-header-display":"","ast-hfb-above-header-display":"","ast-hfb-below-header-display":"","ast-hfb-mobile-header-display":"","site-post-title":"","ast-breadcrumbs-content":"","ast-featured-img":"","footer-sml-layout":"","ast-disable-related-posts":"","theme-transparent-header-meta":"","adv-header-id-meta":"","stick-header-meta":"","header-above-stick-meta":"","header-main-stick-meta":"","header-below-stick-meta":"","astra-migrate-meta-layouts":"default","ast-page-background-enabled":"default","ast-page-background-meta":{"desktop":{"background-color":"var(--ast-global-color-5)","background-image":"","background-repeat":"repeat","background-position":"center center","background-size":"auto","background-attachment":"scroll","background-type":"","background-media":"","overlay-type":"","overlay-color":"","overlay-opacity":"","overlay-gradient":""},"tablet":{"background-color":"","background-image":"","background-repeat":"repeat","background-position":"center center","background-size":"auto","background-attachment":"scroll","background-type":"","background-media":"","overlay-type":"","overlay-color":"","overlay-opacity":"","overlay-gradient":""},"mobile":{"background-color":"","background-image":"","background-repeat":"repeat","background-position":"center center","background-size":"auto","background-attachment":"scroll","background-type":"","background-media":"","overlay-type":"","overlay-color":"","overlay-opacity":"","overlay-gradient":""}},"ast-content-background-meta":{"desktop":{"background-color":"var(--ast-global-color-4)","background-image":"","background-repeat":"repeat","background-position":"center center","background-size":"auto","background-attachment":"scroll","background-type":"","background-media":"","overlay-type":"","overlay-color":"","overlay-opacity":"","overlay-gradient":""},"tablet":{"background-color":"var(--ast-global-color-4)","background-image":"","background-repeat":"repeat","background-position":"center center","background-size":"auto","background-attachment":"scroll","background-type":"","background-media":"","overlay-type":"","overlay-color":"","overlay-opacity":"","overlay-gradient":""},"mobile":{"background-color":"var(--ast-global-color-4)","background-image":"","background-repeat":"repeat","background-position":"center center","background-size":"auto","background-attachment":"scroll","background-type":"","background-media":"","overlay-type":"","overlay-color":"","overlay-opacity":"","overlay-gradient":""}},"footnotes":""},"class_list":["post-4108","page","type-page","status-publish","has-post-thumbnail","hentry"],"_links":{"self":[{"href":"https:\/\/luxmanlight.com\/fr\/wp-json\/wp\/v2\/pages\/4108","targetHints":{"allow":["GET"]}}],"collection":[{"href":"https:\/\/luxmanlight.com\/fr\/wp-json\/wp\/v2\/pages"}],"about":[{"href":"https:\/\/luxmanlight.com\/fr\/wp-json\/wp\/v2\/types\/page"}],"author":[{"embeddable":true,"href":"https:\/\/luxmanlight.com\/fr\/wp-json\/wp\/v2\/users\/8"}],"replies":[{"embeddable":true,"href":"https:\/\/luxmanlight.com\/fr\/wp-json\/wp\/v2\/comments?post=4108"}],"version-history":[{"count":7,"href":"https:\/\/luxmanlight.com\/fr\/wp-json\/wp\/v2\/pages\/4108\/revisions"}],"predecessor-version":[{"id":70433,"href":"https:\/\/luxmanlight.com\/fr\/wp-json\/wp\/v2\/pages\/4108\/revisions\/70433"}],"wp:featuredmedia":[{"embeddable":true,"href":"https:\/\/luxmanlight.com\/fr\/wp-json\/wp\/v2\/media\/5154"}],"wp:attachment":[{"href":"https:\/\/luxmanlight.com\/fr\/wp-json\/wp\/v2\/media?parent=4108"}],"curies":[{"name":"wp","href":"https:\/\/api.w.org\/{rel}","templated":true}]}}