{"id":3098,"date":"2019-06-13T09:39:01","date_gmt":"2019-06-13T09:39:01","guid":{"rendered":"https:\/\/luxmanlight.com\/?page_id=3098"},"modified":"2026-02-03T07:04:40","modified_gmt":"2026-02-03T07:04:40","slug":"eclairage-routier-solaire","status":"publish","type":"page","link":"https:\/\/luxmanlight.com\/fr\/solar-road-lighting\/","title":{"rendered":"\u00c9CLAIRAGE ROUTIER SOLAIRE"},"content":{"rendered":"<div data-elementor-type=\"wp-page\" data-elementor-id=\"3098\" class=\"elementor elementor-3098\" data-elementor-post-type=\"page\">\n\t\t\t\t<div class=\"elementor-element elementor-element-1253f31 e-flex e-con-boxed e-con e-parent\" data-id=\"1253f31\" data-element_type=\"container\" data-e-type=\"container\" data-settings=\"{&quot;background_background&quot;:&quot;classic&quot;}\">\n\t\t\t\t\t<div class=\"e-con-inner\">\n\t\t\t\t<div class=\"elementor-element elementor-element-058f337 elementor-widget elementor-widget-heading\" data-id=\"058f337\" data-element_type=\"widget\" data-e-type=\"widget\" data-widget_type=\"heading.default\">\n\t\t\t\t\t<h1 class=\"elementor-heading-title elementor-size-default\">\u00c9clairage routier solaire<\/h1>\t\t\t\t<\/div>\n\t\t\t\t\t<\/div>\n\t\t\t\t<\/div>\n\t\t<div class=\"elementor-element elementor-element-855cbc8 e-flex e-con-boxed e-con e-parent\" data-id=\"855cbc8\" data-element_type=\"container\" data-e-type=\"container\" data-settings=\"{&quot;background_background&quot;:&quot;classic&quot;}\">\n\t\t\t\t\t<div class=\"e-con-inner\">\n\t\t\t\t<div class=\"elementor-element elementor-element-0d3c8a9 elementor-widget elementor-widget-spacer\" data-id=\"0d3c8a9\" data-element_type=\"widget\" data-e-type=\"widget\" data-widget_type=\"spacer.default\">\n\t\t\t\t\t\t\t<div class=\"elementor-spacer\">\n\t\t\t<div class=\"elementor-spacer-inner\"><\/div>\n\t\t<\/div>\n\t\t\t\t\t\t<\/div>\n\t\t\t\t<div class=\"elementor-element elementor-element-07fec30 elementor-widget elementor-widget-heading\" data-id=\"07fec30\" data-element_type=\"widget\" data-e-type=\"widget\" data-widget_type=\"heading.default\">\n\t\t\t\t\t<h2 class=\"elementor-heading-title elementor-size-default\">\u00c9clairage solaire des routes<\/h2>\t\t\t\t<\/div>\n\t\t\t\t<div class=\"elementor-element elementor-element-b593d08 elementor-widget-divider--view-line elementor-widget elementor-widget-divider\" data-id=\"b593d08\" data-element_type=\"widget\" data-e-type=\"widget\" data-widget_type=\"divider.default\">\n\t\t\t\t\t\t\t<div class=\"elementor-divider\">\n\t\t\t<span class=\"elementor-divider-separator\">\n\t\t\t\t\t\t<\/span>\n\t\t<\/div>\n\t\t\t\t\t\t<\/div>\n\t\t\t\t<div class=\"elementor-element elementor-element-650f90f elementor-widget elementor-widget-text-editor\" data-id=\"650f90f\" data-element_type=\"widget\" data-e-type=\"widget\" data-widget_type=\"text-editor.default\">\n\t\t\t\t\t\t\t\t\t<p>LUXMAN\u00a0<a href=\"https:\/\/luxmanlight.com\/fr\/\">\u00c9clairage solaire des routes<\/a>\u00a0produit con\u00e7u pour fournir un \u00e9clairage routier solaire hors r\u00e9seau sur les autoroutes, les rues ou d&#039;autres types de routes. Le syst\u00e8me d\u2019\u00e9clairage routier LUXMAN Solar est la premi\u00e8re g\u00e9n\u00e9ration de produit r\u00e9volutionnaire combinant la technologie solaire et LED. L&#039;utilisation de la technologie LED lui permet de maximiser toute l&#039;\u00e9nergie solaire et d&#039;\u00e9clairer l&#039;environnement avec une lumi\u00e8re rayonnante. Capteur de nuit sensible int\u00e9gr\u00e9 et capteur de pr\u00e9sence qui r\u00e9gulent automatiquement la luminosit\u00e9 de la sortie lumineuse en fonction de la d\u00e9tection de pr\u00e9sence autour de la lumi\u00e8re pour pr\u00e9server la puissance de la batterie.<\/p><h4>LUXMAN\u00a0<a href=\"https:\/\/luxmanlight.com\/fr\/article-de-produit\/reverbere-solaire-30w-s3-2\/\">Feux de route \u00e0 \u00e9nergie solaire<\/a>\u00a0Des produits:<\/h4>\t\t\t\t\t\t\t\t<\/div>\n\t\t<div class=\"elementor-element elementor-element-ccf2463 e-grid e-con-full e-con e-child\" data-id=\"ccf2463\" data-element_type=\"container\" data-e-type=\"container\">\n\t\t\t\t<div class=\"elementor-element elementor-element-0ec930a elementor-widget elementor-widget-image\" data-id=\"0ec930a\" data-element_type=\"widget\" data-e-type=\"widget\" data-widget_type=\"image.default\">\n\t\t\t\t\t\t\t\t\t\t\t\t<figure class=\"wp-caption\">\n\t\t\t\t\t\t\t\t\t\t\t<a href=\"https:\/\/luxmanlight.com\/fr\/article-de-produit\/all-in-one-solar-street-light-12w-lx-ld12w-ss\/\">\n\t\t\t\t\t\t\t<img fetchpriority=\"high\" decoding=\"async\" width=\"802\" height=\"802\" src=\"https:\/\/luxmanlight.com\/wp-content\/uploads\/2019\/10\/All-in-one-solar-street-light-12w.jpg\" class=\"attachment-large size-large wp-image-4048\" alt=\"feux de stationnement \u00e0 panneaux solaires\" srcset=\"https:\/\/luxmanlight.com\/wp-content\/uploads\/2019\/10\/All-in-one-solar-street-light-12w.jpg.webp 802w, https:\/\/luxmanlight.com\/wp-content\/uploads\/2019\/10\/All-in-one-solar-street-light-12w-80x80.jpg.webp 80w, https:\/\/luxmanlight.com\/wp-content\/uploads\/2019\/10\/All-in-one-solar-street-light-12w-300x300.jpg.webp 300w, https:\/\/luxmanlight.com\/wp-content\/uploads\/2019\/10\/All-in-one-solar-street-light-12w-768x768.jpg.webp 768w, https:\/\/luxmanlight.com\/wp-content\/uploads\/2019\/10\/All-in-one-solar-street-light-12w-36x36.jpg.webp 36w, https:\/\/luxmanlight.com\/wp-content\/uploads\/2019\/10\/All-in-one-solar-street-light-12w-180x180.jpg.webp 180w, https:\/\/luxmanlight.com\/wp-content\/uploads\/2019\/10\/All-in-one-solar-street-light-12w-705x705.jpg.webp 705w, https:\/\/luxmanlight.com\/wp-content\/uploads\/2019\/10\/All-in-one-solar-street-light-12w-120x120.jpg.webp 120w, https:\/\/luxmanlight.com\/wp-content\/uploads\/2019\/10\/All-in-one-solar-street-light-12w-450x450.jpg.webp 450w\" sizes=\"(max-width: 802px) 100vw, 802px\" \/>\t\t\t\t\t\t\t\t<\/a>\n\t\t\t\t\t\t\t\t\t\t\t<figcaption class=\"widget-image-caption wp-caption-text\">Lumi\u00e8res du parc solaire SS<\/figcaption>\n\t\t\t\t\t\t\t\t\t\t<\/figure>\n\t\t\t\t\t\t\t\t\t<\/div>\n\t\t\t\t<div class=\"elementor-element elementor-element-bb8ba34 elementor-widget elementor-widget-image\" data-id=\"bb8ba34\" data-element_type=\"widget\" data-e-type=\"widget\" data-widget_type=\"image.default\">\n\t\t\t\t\t\t\t\t\t\t\t\t<figure class=\"wp-caption\">\n\t\t\t\t\t\t\t\t\t\t\t<a href=\"https:\/\/luxmanlight.com\/fr\/article-de-produit\/lampes-solaires-pour-poteaux\/\">\n\t\t\t\t\t\t\t<img decoding=\"async\" src=\"https:\/\/luxmanlight.com\/wp-content\/uploads\/2019\/10\/solar-street-light.jpg.webp\" title=\"\" alt=\"lampadaire solaire\" loading=\"lazy\" \/>\t\t\t\t\t\t\t\t<\/a>\n\t\t\t\t\t\t\t\t\t\t\t<figcaption class=\"widget-image-caption wp-caption-text\">Lumi\u00e8res du parc solaire S2<\/figcaption>\n\t\t\t\t\t\t\t\t\t\t<\/figure>\n\t\t\t\t\t\t\t\t\t<\/div>\n\t\t\t\t<div class=\"elementor-element elementor-element-227238e elementor-widget elementor-widget-image\" data-id=\"227238e\" data-element_type=\"widget\" data-e-type=\"widget\" data-widget_type=\"image.default\">\n\t\t\t\t\t\t\t\t\t\t\t\t<figure class=\"wp-caption\">\n\t\t\t\t\t\t\t\t\t\t\t<a href=\"https:\/\/luxmanlight.com\/fr\/article-de-produit\/eclairage-public-solaire\/\">\n\t\t\t\t\t\t\t<img decoding=\"async\" width=\"437\" height=\"437\" src=\"https:\/\/luxmanlight.com\/wp-content\/uploads\/2019\/10\/solar-street-light-s3-40w.jpg\" class=\"attachment-large size-large wp-image-4050\" alt=\"lampes de stationnement solaires\" srcset=\"https:\/\/luxmanlight.com\/wp-content\/uploads\/2019\/10\/solar-street-light-s3-40w.jpg.webp 437w, https:\/\/luxmanlight.com\/wp-content\/uploads\/2019\/10\/solar-street-light-s3-40w-80x80.jpg.webp 80w, https:\/\/luxmanlight.com\/wp-content\/uploads\/2019\/10\/solar-street-light-s3-40w-300x300.jpg.webp 300w, https:\/\/luxmanlight.com\/wp-content\/uploads\/2019\/10\/solar-street-light-s3-40w-36x36.jpg.webp 36w, https:\/\/luxmanlight.com\/wp-content\/uploads\/2019\/10\/solar-street-light-s3-40w-180x180.jpg.webp 180w, https:\/\/luxmanlight.com\/wp-content\/uploads\/2019\/10\/solar-street-light-s3-40w-120x120.jpg.webp 120w\" sizes=\"(max-width: 437px) 100vw, 437px\" \/>\t\t\t\t\t\t\t\t<\/a>\n\t\t\t\t\t\t\t\t\t\t\t<figcaption class=\"widget-image-caption wp-caption-text\">Lumi\u00e8res du parc solaire SS<\/figcaption>\n\t\t\t\t\t\t\t\t\t\t<\/figure>\n\t\t\t\t\t\t\t\t\t<\/div>\n\t\t\t\t<\/div>\n\t\t\t\t<div class=\"elementor-element elementor-element-15d50c0 elementor-widget elementor-widget-heading\" data-id=\"15d50c0\" data-element_type=\"widget\" data-e-type=\"widget\" data-widget_type=\"heading.default\">\n\t\t\t\t\t<h2 class=\"elementor-heading-title elementor-size-default\">Cas d&#039;application du lampadaire solaire pour autoroute<\/h2>\t\t\t\t<\/div>\n\t\t\t\t<div class=\"elementor-element elementor-element-1b896d3 elementor-widget elementor-widget-text-editor\" data-id=\"1b896d3\" data-element_type=\"widget\" data-e-type=\"widget\" data-widget_type=\"text-editor.default\">\n\t\t\t\t\t\t\t\t\t<p>Le co\u00fbt de la pose de c\u00e2bles souterrains et d\u2019\u00e9quipements \u00e9lectriques d\u2019installation de lampadaires LED conventionnels est souvent \u00e9tonnant. Au contraire parce que le\u00a0<a href=\"https:\/\/luxmanlight.com\/fr\/\">Feux de route solaires<\/a>\u00a0n&#039;a pas besoin de se connecter au r\u00e9seau \u00e9lectrique traditionnel, cela peut \u00e9conomiser cette partie du co\u00fbt. Dans le m\u00eame temps, gr\u00e2ce \u00e0 l&#039;am\u00e9lioration continue de la technologie, l&#039;efficacit\u00e9 lumineuse et l&#039;efficience des lampadaires solaires sont comparables \u00e0 celles des lampadaires LED traditionnels. Il am\u00e9liore les zones routi\u00e8res avec un design attrayant et est \u00e9galement respectueux de l&#039;environnement, \u00e9conomique et n\u00e9cessite peu d&#039;entretien.<\/p>\t\t\t\t\t\t\t\t<\/div>\n\t\t\t\t\t<\/div>\n\t\t\t\t<\/div>\n\t\t<div class=\"elementor-element elementor-element-d426346 e-flex e-con-boxed e-con e-parent\" data-id=\"d426346\" data-element_type=\"container\" data-e-type=\"container\">\n\t\t\t\t\t<div class=\"e-con-inner\">\n\t\t\t\t<div class=\"elementor-element elementor-element-2791a40 elementor-widget elementor-widget-spacer\" data-id=\"2791a40\" data-element_type=\"widget\" data-e-type=\"widget\" data-widget_type=\"spacer.default\">\n\t\t\t\t\t\t\t<div class=\"elementor-spacer\">\n\t\t\t<div class=\"elementor-spacer-inner\"><\/div>\n\t\t<\/div>\n\t\t\t\t\t\t<\/div>\n\t\t<div class=\"elementor-element elementor-element-ec0d7d3 e-grid e-con-full e-con e-child\" data-id=\"ec0d7d3\" data-element_type=\"container\" data-e-type=\"container\">\n\t\t\t\t<div class=\"elementor-element elementor-element-dfe19b0 elementor-widget elementor-widget-image\" data-id=\"dfe19b0\" data-element_type=\"widget\" data-e-type=\"widget\" data-widget_type=\"image.default\">\n\t\t\t\t\t\t\t\t\t\t\t\t\t\t\t<img decoding=\"async\" src=\"https:\/\/luxmanlight.com\/wp-content\/uploads\/2019\/06\/solar-street-light.jpg.webp\" title=\"\" alt=\"lampadaire solaire.jpg.webp\" loading=\"lazy\" \/>\t\t\t\t\t\t\t\t\t\t\t\t\t\t\t<\/div>\n\t\t\t\t<div class=\"elementor-element elementor-element-c5b1d87 elementor-widget elementor-widget-image\" data-id=\"c5b1d87\" data-element_type=\"widget\" data-e-type=\"widget\" data-widget_type=\"image.default\">\n\t\t\t\t\t\t\t\t\t\t\t\t\t\t\t<img decoding=\"async\" src=\"https:\/\/luxmanlight.com\/wp-content\/uploads\/2019\/06\/Solar-road-light.jpg.webp\" title=\"\" alt=\"lampadaire solaire.jpg.webp\" loading=\"lazy\" \/>\t\t\t\t\t\t\t\t\t\t\t\t\t\t\t<\/div>\n\t\t\t\t<div class=\"elementor-element elementor-element-2a77774 elementor-widget elementor-widget-image\" data-id=\"2a77774\" data-element_type=\"widget\" data-e-type=\"widget\" data-widget_type=\"image.default\">\n\t\t\t\t\t\t\t\t\t\t\t\t\t\t\t<img decoding=\"async\" src=\"https:\/\/luxmanlight.com\/wp-content\/uploads\/2019\/06\/remote-area-light.jpg.webp\" title=\"\" alt=\"lampadaire solaire.jpg.webp\" loading=\"lazy\" \/>\t\t\t\t\t\t\t\t\t\t\t\t\t\t\t<\/div>\n\t\t\t\t<\/div>\n\t\t\t\t<div class=\"elementor-element elementor-element-4d31683 elementor-widget elementor-widget-heading\" data-id=\"4d31683\" data-element_type=\"widget\" data-e-type=\"widget\" data-widget_type=\"heading.default\">\n\t\t\t\t\t<h2 class=\"elementor-heading-title elementor-size-default\">Avantages<\/h2>\t\t\t\t<\/div>\n\t\t\t\t<div class=\"elementor-element elementor-element-3c83ab6 elementor-widget elementor-widget-text-editor\" data-id=\"3c83ab6\" data-element_type=\"widget\" data-e-type=\"widget\" data-widget_type=\"text-editor.default\">\n\t\t\t\t\t\t\t\t\t<ul><li>R\u00e9duction des accidents nocturnes<\/li><li>Pas de facture d&#039;\u00e9lectricit\u00e9<\/li><li>Sans entretien<\/li><li>Pas de service souterrain ou a\u00e9rien<\/li><li>Sans entretien<\/li><\/ul>\t\t\t\t\t\t\t\t<\/div>\n\t\t\t\t\t<\/div>\n\t\t\t\t<\/div>\n\t\t<div class=\"elementor-element elementor-element-39fd2e4 e-flex e-con-boxed e-con e-parent\" data-id=\"39fd2e4\" data-element_type=\"container\" data-e-type=\"container\" data-settings=\"{&quot;background_background&quot;:&quot;classic&quot;}\">\n\t\t\t\t\t<div class=\"e-con-inner\">\n\t\t\t\t<div class=\"elementor-element elementor-element-a602b31 elementor-widget elementor-widget-spacer\" data-id=\"a602b31\" data-element_type=\"widget\" data-e-type=\"widget\" data-widget_type=\"spacer.default\">\n\t\t\t\t\t\t\t<div class=\"elementor-spacer\">\n\t\t\t<div class=\"elementor-spacer-inner\"><\/div>\n\t\t<\/div>\n\t\t\t\t\t\t<\/div>\n\t\t\t\t<div class=\"elementor-element elementor-element-f2fbe89 elementor-widget elementor-widget-heading\" data-id=\"f2fbe89\" data-element_type=\"widget\" data-e-type=\"widget\" data-widget_type=\"heading.default\">\n\t\t\t\t\t<h2 class=\"elementor-heading-title elementor-size-default\">Notre solution<\/h2>\t\t\t\t<\/div>\n\t\t\t\t<div class=\"elementor-element elementor-element-8077bd5 elementor-widget-divider--view-line elementor-widget elementor-widget-divider\" data-id=\"8077bd5\" data-element_type=\"widget\" data-e-type=\"widget\" data-widget_type=\"divider.default\">\n\t\t\t\t\t\t\t<div class=\"elementor-divider\">\n\t\t\t<span class=\"elementor-divider-separator\">\n\t\t\t\t\t\t<\/span>\n\t\t<\/div>\n\t\t\t\t\t\t<\/div>\n\t\t\t\t<div class=\"elementor-element elementor-element-3aee74a elementor-widget elementor-widget-text-editor\" data-id=\"3aee74a\" data-element_type=\"widget\" data-e-type=\"widget\" data-widget_type=\"text-editor.default\">\n\t\t\t\t\t\t\t\t\t<p>Les projets d&#039;\u00e9clairage \u00e0 \u00e9nergie solaire n\u00e9cessitent des conditions climatiques tr\u00e8s \u00e9lev\u00e9es dans la zone d&#039;application, telles que le temps d&#039;ensoleillement, les jours de pluie, la longitude et la latitude, etc. Comment fournir une solution d&#039;\u00e9clairage solaire efficace, LUXMAN d\u00e9veloppera une solution d&#039;\u00e9clairage solaire personnalis\u00e9e unique en fonction des conditions d\u2019application fournies par les clients.<\/p><p><strong><a href=\"https:\/\/luxmanlight.com\/fr\/applications-de-lampadaires-solaires\/\">Obtenez la solution &gt;&gt;<\/a><\/strong><\/p>\t\t\t\t\t\t\t\t<\/div>\n\t\t\t\t\t<\/div>\n\t\t\t\t<\/div>\n\t\t<div class=\"elementor-element elementor-element-273038b e-flex e-con-boxed e-con e-parent\" data-id=\"273038b\" data-element_type=\"container\" data-e-type=\"container\" data-settings=\"{&quot;background_background&quot;:&quot;classic&quot;}\">\n\t\t\t\t\t<div class=\"e-con-inner\">\n\t\t\t\t<div class=\"elementor-element elementor-element-4d08759 elementor-widget elementor-widget-heading\" data-id=\"4d08759\" data-element_type=\"widget\" data-e-type=\"widget\" data-widget_type=\"heading.default\">\n\t\t\t\t\t<h3 class=\"elementor-heading-title elementor-size-default\">Nous nous r\u00e9jouissons d'entamer un dialogue commercial int\u00e9ressant avec vous !<\/h3>\t\t\t\t<\/div>\n\t\t\t\t<div class=\"elementor-element elementor-element-efd2757 elementor-widget elementor-widget-text-editor\" data-id=\"efd2757\" data-element_type=\"widget\" data-e-type=\"widget\" data-widget_type=\"text-editor.default\">\n\t\t\t\t\t\t\t\t\t<p>\n<div class=\"wpcf7 no-js\" id=\"wpcf7-f1997-o1\" lang=\"en-US\" dir=\"ltr\" data-wpcf7-id=\"1997\">\n<div class=\"screen-reader-response\"><p role=\"status\" aria-live=\"polite\" aria-atomic=\"true\"><\/p> <ul><\/ul><\/div>\n<form action=\"\/fr\/wp-json\/wp\/v2\/pages\/3098#wpcf7-f1997-o1\" method=\"post\" class=\"wpcf7-form init\" aria-label=\"Formulaire de contact\" novalidate=\"novalidate\" data-status=\"init\" data-trp-original-action=\"\/fr\/wp-json\/wp\/v2\/pages\/3098#wpcf7-f1997-o1\">\n<fieldset class=\"hidden-fields-container\"><input type=\"hidden\" name=\"_wpcf7\" value=\"1997\" \/><input type=\"hidden\" name=\"_wpcf7_version\" value=\"6.1.4\" \/><input type=\"hidden\" name=\"_wpcf7_locale\" value=\"en_US\" \/><input type=\"hidden\" name=\"_wpcf7_unit_tag\" value=\"wpcf7-f1997-o1\" \/><input type=\"hidden\" name=\"_wpcf7_container_post\" value=\"0\" \/><input type=\"hidden\" name=\"_wpcf7_posted_data_hash\" value=\"\" \/><input type=\"hidden\" name=\"_wpcf7_recaptcha_response\" value=\"\" \/>\n<\/fieldset>\n<div class=\"onecolumn\">\n\t<div class=\"input_item\">\n\t\t<p><span class=\"wpcf7-form-control-wrap\" data-name=\"your-name\"><input size=\"40\" maxlength=\"400\" class=\"wpcf7-form-control wpcf7-text wpcf7-validates-as-required\" aria-required=\"true\" aria-invalid=\"false\" placeholder=\"Nom*\" value=\"\" type=\"text\" name=\"your-name\" \/><\/span>\n\t\t<\/p>\n\t<\/div>\n\t<div class=\"input_item\">\n\t\t<p><span class=\"wpcf7-form-control-wrap\" data-name=\"your-email\"><input size=\"40\" maxlength=\"400\" class=\"wpcf7-form-control wpcf7-email wpcf7-validates-as-required wpcf7-text wpcf7-validates-as-email\" aria-required=\"true\" aria-invalid=\"false\" placeholder=\"Courrier \u00e9lectronique*\" value=\"\" type=\"email\" name=\"your-email\" \/><\/span>\n\t\t<\/p>\n\t<\/div>\n\t<div class=\"input_item\">\n\t\t<p><span class=\"wpcf7-form-control-wrap\" data-name=\"your-telephone\"><input size=\"40\" maxlength=\"400\" class=\"wpcf7-form-control wpcf7-tel wpcf7-validates-as-required wpcf7-text wpcf7-validates-as-tel\" aria-required=\"true\" aria-invalid=\"false\" placeholder=\"t\u00e9l\u00e9phone*\" value=\"\" type=\"tel\" name=\"your-telephone\" \/><\/span>\n\t\t<\/p>\n\t<\/div>\n\t<div class=\"input_item\">\n\t\t<p><span class=\"wpcf7-form-control-wrap\" data-name=\"your-message\"><textarea cols=\"40\" rows=\"10\" maxlength=\"2000\" class=\"wpcf7-form-control wpcf7-textarea\" aria-invalid=\"false\" placeholder=\"Message*\" name=\"your-message\"><\/textarea><\/span>\n\t\t<\/p>\n\t<\/div>\n<\/div>\n<p><input class=\"wpcf7-form-control wpcf7-submit has-spinner\" type=\"submit\" value=\"Soumettre\" \/>\n<\/p>\n<p><script>\ndocument.addEventListener( 'wpcf7mailsent', function( event ) {\n location = '\/thank-you\/';\n}, false );\n<\/script>\n<\/p><div class=\"wpcf7-response-output\" aria-hidden=\"true\"><\/div>\n<input type=\"hidden\" name=\"trp-form-language\" value=\"fr\"\/><\/form>\n<\/div>\n<\/p>\t\t\t\t\t\t\t\t<\/div>\n\t\t\t\t\t<\/div>\n\t\t\t\t<\/div>\n\t\t\t\t<\/div>","protected":false},"excerpt":{"rendered":"<p>Solar Road Lighting Solar Roadway Lighting LUXMAN\u00a0Solar roadway lighting\u00a0product designed\u00a0 for providing off-grid Solar road lighting to high way, street [&hellip;]<\/p>\n","protected":false},"author":8,"featured_media":1046,"parent":0,"menu_order":0,"comment_status":"closed","ping_status":"closed","template":"elementor_header_footer","meta":{"site-sidebar-layout":"default","site-content-layout":"","ast-site-content-layout":"full-width-container","site-content-style":"default","site-sidebar-style":"default","ast-global-header-display":"","ast-banner-title-visibility":"","ast-main-header-display":"","ast-hfb-above-header-display":"","ast-hfb-below-header-display":"","ast-hfb-mobile-header-display":"","site-post-title":"","ast-breadcrumbs-content":"","ast-featured-img":"","footer-sml-layout":"","ast-disable-related-posts":"","theme-transparent-header-meta":"","adv-header-id-meta":"","stick-header-meta":"","header-above-stick-meta":"","header-main-stick-meta":"","header-below-stick-meta":"","astra-migrate-meta-layouts":"default","ast-page-background-enabled":"default","ast-page-background-meta":{"desktop":{"background-color":"var(--ast-global-color-5)","background-image":"","background-repeat":"repeat","background-position":"center center","background-size":"auto","background-attachment":"scroll","background-type":"","background-media":"","overlay-type":"","overlay-color":"","overlay-opacity":"","overlay-gradient":""},"tablet":{"background-color":"","background-image":"","background-repeat":"repeat","background-position":"center center","background-size":"auto","background-attachment":"scroll","background-type":"","background-media":"","overlay-type":"","overlay-color":"","overlay-opacity":"","overlay-gradient":""},"mobile":{"background-color":"","background-image":"","background-repeat":"repeat","background-position":"center center","background-size":"auto","background-attachment":"scroll","background-type":"","background-media":"","overlay-type":"","overlay-color":"","overlay-opacity":"","overlay-gradient":""}},"ast-content-background-meta":{"desktop":{"background-color":"var(--ast-global-color-4)","background-image":"","background-repeat":"repeat","background-position":"center center","background-size":"auto","background-attachment":"scroll","background-type":"","background-media":"","overlay-type":"","overlay-color":"","overlay-opacity":"","overlay-gradient":""},"tablet":{"background-color":"var(--ast-global-color-4)","background-image":"","background-repeat":"repeat","background-position":"center center","background-size":"auto","background-attachment":"scroll","background-type":"","background-media":"","overlay-type":"","overlay-color":"","overlay-opacity":"","overlay-gradient":""},"mobile":{"background-color":"var(--ast-global-color-4)","background-image":"","background-repeat":"repeat","background-position":"center center","background-size":"auto","background-attachment":"scroll","background-type":"","background-media":"","overlay-type":"","overlay-color":"","overlay-opacity":"","overlay-gradient":""}},"footnotes":""},"class_list":["post-3098","page","type-page","status-publish","has-post-thumbnail","hentry"],"_links":{"self":[{"href":"https:\/\/luxmanlight.com\/fr\/wp-json\/wp\/v2\/pages\/3098","targetHints":{"allow":["GET"]}}],"collection":[{"href":"https:\/\/luxmanlight.com\/fr\/wp-json\/wp\/v2\/pages"}],"about":[{"href":"https:\/\/luxmanlight.com\/fr\/wp-json\/wp\/v2\/types\/page"}],"author":[{"embeddable":true,"href":"https:\/\/luxmanlight.com\/fr\/wp-json\/wp\/v2\/users\/8"}],"replies":[{"embeddable":true,"href":"https:\/\/luxmanlight.com\/fr\/wp-json\/wp\/v2\/comments?post=3098"}],"version-history":[{"count":4,"href":"https:\/\/luxmanlight.com\/fr\/wp-json\/wp\/v2\/pages\/3098\/revisions"}],"predecessor-version":[{"id":70397,"href":"https:\/\/luxmanlight.com\/fr\/wp-json\/wp\/v2\/pages\/3098\/revisions\/70397"}],"wp:featuredmedia":[{"embeddable":true,"href":"https:\/\/luxmanlight.com\/fr\/wp-json\/wp\/v2\/media\/1046"}],"wp:attachment":[{"href":"https:\/\/luxmanlight.com\/fr\/wp-json\/wp\/v2\/media?parent=3098"}],"curies":[{"name":"wp","href":"https:\/\/api.w.org\/{rel}","templated":true}]}}