{"id":1476,"date":"2019-03-16T02:24:59","date_gmt":"2019-03-16T02:24:59","guid":{"rendered":"https:\/\/luxmanlight.com\/?page_id=1476"},"modified":"2026-02-09T02:53:35","modified_gmt":"2026-02-09T02:53:35","slug":"lumieres-exterieures-a-energie-solaire","status":"publish","type":"page","link":"https:\/\/luxmanlight.com\/fr\/solar-street-light-applications\/solar-powered-outdoor-lights\/","title":{"rendered":"\u00c9CLAIRAGE SOLAIRE EXT\u00c9RIEUR DU CAMPUS"},"content":{"rendered":"<div data-elementor-type=\"wp-page\" data-elementor-id=\"1476\" class=\"elementor elementor-1476\" data-elementor-post-type=\"page\">\n\t\t\t\t<div class=\"elementor-element elementor-element-3698720 e-flex e-con-boxed e-con e-parent\" data-id=\"3698720\" data-element_type=\"container\" data-e-type=\"container\" data-settings=\"{&quot;background_background&quot;:&quot;classic&quot;}\">\n\t\t\t\t\t<div class=\"e-con-inner\">\n\t\t\t\t<div class=\"elementor-element elementor-element-38ed71c elementor-widget elementor-widget-heading\" data-id=\"38ed71c\" data-element_type=\"widget\" data-e-type=\"widget\" data-widget_type=\"heading.default\">\n\t\t\t\t\t<h2 class=\"elementor-heading-title elementor-size-default\">Application d&#039;\u00e9clairage solaire sur le campus<\/h2>\t\t\t\t<\/div>\n\t\t\t\t\t<\/div>\n\t\t\t\t<\/div>\n\t\t<div class=\"elementor-element elementor-element-8b46eb9 e-flex e-con-boxed e-con e-parent\" data-id=\"8b46eb9\" data-element_type=\"container\" data-e-type=\"container\">\n\t\t\t\t\t<div class=\"e-con-inner\">\n\t\t\t\t<div class=\"elementor-element elementor-element-54f4074 elementor-widget elementor-widget-spacer\" data-id=\"54f4074\" data-element_type=\"widget\" data-e-type=\"widget\" data-widget_type=\"spacer.default\">\n\t\t\t\t\t\t\t<div class=\"elementor-spacer\">\n\t\t\t<div class=\"elementor-spacer-inner\"><\/div>\n\t\t<\/div>\n\t\t\t\t\t\t<\/div>\n\t\t\t\t<div class=\"elementor-element elementor-element-f399244 elementor-widget elementor-widget-heading\" data-id=\"f399244\" data-element_type=\"widget\" data-e-type=\"widget\" data-widget_type=\"heading.default\">\n\t\t\t\t\t<h2 class=\"elementor-heading-title elementor-size-default\">Dossier de candidature<\/h2>\t\t\t\t<\/div>\n\t\t\t\t<div class=\"elementor-element elementor-element-6e6318a elementor-widget-divider--view-line elementor-widget elementor-widget-divider\" data-id=\"6e6318a\" data-element_type=\"widget\" data-e-type=\"widget\" data-widget_type=\"divider.default\">\n\t\t\t\t\t\t\t<div class=\"elementor-divider\">\n\t\t\t<span class=\"elementor-divider-separator\">\n\t\t\t\t\t\t<\/span>\n\t\t<\/div>\n\t\t\t\t\t\t<\/div>\n\t\t\t\t<div class=\"elementor-element elementor-element-e9e7c31 elementor-widget elementor-widget-text-editor\" data-id=\"e9e7c31\" data-element_type=\"widget\" data-e-type=\"widget\" data-widget_type=\"text-editor.default\">\n\t\t\t\t\t\t\t\t\t<p>Les lampes d&#039;ext\u00e9rieur \u00e0 \u00e9nergie solaire Luxman sont livr\u00e9es avec une t\u00e9l\u00e9commande pour s\u00e9lectionner parmi les options pr\u00e9d\u00e9finies PIR, Minuterie ou PIR + Minuterie.<\/p><p>Les lampes ext\u00e9rieures \u00e0 \u00e9nergie solaire poss\u00e8dent une conception optique avanc\u00e9e, des capacit\u00e9s de panneau solaire am\u00e9lior\u00e9es avec une conception am\u00e9lior\u00e9e pour acc\u00e9der s\u00e9par\u00e9ment au panneau LED, un bo\u00eetier de batterie \u00e9tanche IP66 et un contr\u00f4leur intelligent pour la rendre tr\u00e8s efficace et rapide \u00e0 mettre en \u0153uvre des solutions d&#039;\u00e9clairage. Cette solution autonome robuste est con\u00e7ue pour un avenir durable dans les zones r\u00e9sidentielles et les zones urbaines.<\/p><p><a class=\"alignnone\" href=\"https:\/\/luxmanlight.com\/fr\/\"><img fetchpriority=\"high\" decoding=\"async\" class=\"alignnone size-full wp-image-6897\" src=\"https:\/\/luxmanlight.com\/wp-content\/uploads\/2021\/09\/solar-powered-outdoor-lights-1.png.webp\" sizes=\"(max-width: 1200px) 100vw, 1200px\" srcset=\"https:\/\/luxmanlight.com\/wp-content\/uploads\/2021\/09\/solar-powered-outdoor-lights-1.png.webp 1200w, https:\/\/luxmanlight.com\/wp-content\/uploads\/2021\/09\/solar-powered-outdoor-lights-1-300x223.png.webp 300w, https:\/\/luxmanlight.com\/wp-content\/uploads\/2021\/09\/solar-powered-outdoor-lights-1-1030x764.png.webp 1030w, https:\/\/luxmanlight.com\/wp-content\/uploads\/2021\/09\/solar-powered-outdoor-lights-1-768x570.png.webp 768w, https:\/\/luxmanlight.com\/wp-content\/uploads\/2021\/09\/solar-powered-outdoor-lights-1-705x523.png.webp 705w, https:\/\/luxmanlight.com\/wp-content\/uploads\/2021\/09\/solar-powered-outdoor-lights-1-450x334.png.webp 450w\" alt=\"lumi\u00e8res ext\u00e9rieures \u00e0 \u00e9nergie solaire\" width=\"1200\" height=\"890\" \/><\/a><\/p><p>Le syst\u00e8me de contr\u00f4le intelligent calcule scientifiquement la puissance d&#039;\u00e9clairage en fonction de la m\u00e9t\u00e9o et de la capacit\u00e9 de la batterie pour garantir la dur\u00e9e d&#039;\u00e9clairage, ce qui permet d&#039;\u00e9clairer tout au long de l&#039;ann\u00e9e.<\/p><p>Trois voyants d&#039;affichage diff\u00e9rents indiquent l&#039;\u00e9tat de fonctionnement en temps r\u00e9el des panneaux solaires, des batteries et des sources lumineuses, ce qui les rend faciles \u00e0 entretenir.<\/p>\t\t\t\t\t\t\t\t<\/div>\n\t\t<div class=\"elementor-element elementor-element-2dbfeda e-grid e-con-full e-con e-child\" data-id=\"2dbfeda\" data-element_type=\"container\" data-e-type=\"container\">\n\t\t\t\t<div class=\"elementor-element elementor-element-0555898 elementor-widget elementor-widget-image\" data-id=\"0555898\" data-element_type=\"widget\" data-e-type=\"widget\" data-widget_type=\"image.default\">\n\t\t\t\t\t\t\t\t\t\t\t\t\t\t\t<img decoding=\"async\" src=\"https:\/\/luxmanlight.com\/wp-content\/uploads\/2019\/03\/Luxman-light-inner-page-design-Campus-Solar-Lighting1.jpg.webp\" title=\"\" alt=\"Luxman-light-page-int\u00e9rieure-conception-Campus-Solar-Lighting1\" loading=\"lazy\" \/>\t\t\t\t\t\t\t\t\t\t\t\t\t\t\t<\/div>\n\t\t\t\t<div class=\"elementor-element elementor-element-0df1906 elementor-widget elementor-widget-image\" data-id=\"0df1906\" data-element_type=\"widget\" data-e-type=\"widget\" data-widget_type=\"image.default\">\n\t\t\t\t\t\t\t\t\t\t\t\t\t\t\t<img decoding=\"async\" src=\"https:\/\/luxmanlight.com\/wp-content\/uploads\/2019\/03\/Luxman-light-inner-page-design-Campus-Solar-Lighting2.jpg.webp\" title=\"\" alt=\"Luxman-light-page-int\u00e9rieure-conception-Campus-Solar-Lighting1\" loading=\"lazy\" \/>\t\t\t\t\t\t\t\t\t\t\t\t\t\t\t<\/div>\n\t\t\t\t<div class=\"elementor-element elementor-element-c1856b9 elementor-widget elementor-widget-image\" data-id=\"c1856b9\" data-element_type=\"widget\" data-e-type=\"widget\" data-widget_type=\"image.default\">\n\t\t\t\t\t\t\t\t\t\t\t\t\t\t\t<img decoding=\"async\" src=\"https:\/\/luxmanlight.com\/wp-content\/uploads\/2019\/03\/Luxman-light-inner-page-design-Campus-Solar-Lighting3.jpg\" title=\"\" alt=\"Luxman-light-page-int\u00e9rieure-conception-Campus-Solar-Lighting1\" loading=\"lazy\" \/>\t\t\t\t\t\t\t\t\t\t\t\t\t\t\t<\/div>\n\t\t\t\t<\/div>\n\t\t\t\t\t<\/div>\n\t\t\t\t<\/div>\n\t\t<div class=\"elementor-element elementor-element-f9e8602 e-flex e-con-boxed e-con e-parent\" data-id=\"f9e8602\" data-element_type=\"container\" data-e-type=\"container\">\n\t\t\t\t\t<div class=\"e-con-inner\">\n\t\t\t\t<div class=\"elementor-element elementor-element-74f2b29 elementor-widget elementor-widget-spacer\" data-id=\"74f2b29\" data-element_type=\"widget\" data-e-type=\"widget\" data-widget_type=\"spacer.default\">\n\t\t\t\t\t\t\t<div class=\"elementor-spacer\">\n\t\t\t<div class=\"elementor-spacer-inner\"><\/div>\n\t\t<\/div>\n\t\t\t\t\t\t<\/div>\n\t\t\t\t<div class=\"elementor-element elementor-element-77a9fde elementor-widget elementor-widget-heading\" data-id=\"77a9fde\" data-element_type=\"widget\" data-e-type=\"widget\" data-widget_type=\"heading.default\">\n\t\t\t\t\t<h2 class=\"elementor-heading-title elementor-size-default\">Avantages<\/h2>\t\t\t\t<\/div>\n\t\t\t\t<div class=\"elementor-element elementor-element-8106f30 elementor-widget elementor-widget-text-editor\" data-id=\"8106f30\" data-element_type=\"widget\" data-e-type=\"widget\" data-widget_type=\"text-editor.default\">\n\t\t\t\t\t\t\t\t\t<ul><li>Assurer la s\u00e9curit\u00e9 du campus gr\u00e2ce \u00e0 des cam\u00e9ras, des d\u00e9tecteurs PIR et des capteurs de luminosit\u00e9.<\/li><li>Aliment\u00e9 par le soleil, pas de factures d&#039;\u00e9lectricit\u00e9.<\/li><li>Intelligent contr\u00f4l\u00e9 par l&#039;application mobile ou \u00e0 distance, facile \u00e0 entretenir.<\/li><li>Investissement r\u00e9duit, retour sur investissement rapide.<\/li><\/ul>\t\t\t\t\t\t\t\t<\/div>\n\t\t\t\t\t<\/div>\n\t\t\t\t<\/div>\n\t\t<div class=\"elementor-element elementor-element-fdc257f e-flex e-con-boxed e-con e-parent\" data-id=\"fdc257f\" data-element_type=\"container\" data-e-type=\"container\" data-settings=\"{&quot;background_background&quot;:&quot;classic&quot;}\">\n\t\t\t\t\t<div class=\"e-con-inner\">\n\t\t\t\t<div class=\"elementor-element elementor-element-a054a3b elementor-widget elementor-widget-spacer\" data-id=\"a054a3b\" data-element_type=\"widget\" data-e-type=\"widget\" data-widget_type=\"spacer.default\">\n\t\t\t\t\t\t\t<div class=\"elementor-spacer\">\n\t\t\t<div class=\"elementor-spacer-inner\"><\/div>\n\t\t<\/div>\n\t\t\t\t\t\t<\/div>\n\t\t\t\t<div class=\"elementor-element elementor-element-ab53976 elementor-widget elementor-widget-heading\" data-id=\"ab53976\" data-element_type=\"widget\" data-e-type=\"widget\" data-widget_type=\"heading.default\">\n\t\t\t\t\t<h2 class=\"elementor-heading-title elementor-size-default\">Notre solution<\/h2>\t\t\t\t<\/div>\n\t\t\t\t<div class=\"elementor-element elementor-element-1aa8142 elementor-widget-divider--view-line elementor-widget elementor-widget-divider\" data-id=\"1aa8142\" data-element_type=\"widget\" data-e-type=\"widget\" data-widget_type=\"divider.default\">\n\t\t\t\t\t\t\t<div class=\"elementor-divider\">\n\t\t\t<span class=\"elementor-divider-separator\">\n\t\t\t\t\t\t<\/span>\n\t\t<\/div>\n\t\t\t\t\t\t<\/div>\n\t\t\t\t<div class=\"elementor-element elementor-element-b77144d elementor-widget elementor-widget-text-editor\" data-id=\"b77144d\" data-element_type=\"widget\" data-e-type=\"widget\" data-widget_type=\"text-editor.default\">\n\t\t\t\t\t\t\t\t\t<p>Les projets d&#039;\u00e9clairage solaire ext\u00e9rieur n\u00e9cessitent des conditions climatiques tr\u00e8s \u00e9lev\u00e9es dans la zone d&#039;application, telles que le temps d&#039;ensoleillement, les jours de pluie, la longitude et la latitude, etc. Comment fournir une solution d&#039;\u00e9clairage solaire efficace, LUXMAN d\u00e9veloppera une solution d&#039;\u00e9clairage solaire personnalis\u00e9e unique en fonction des conditions d\u2019application fournies par les clients.<\/p><p><strong><a href=\"https:\/\/luxmanlight.com\/fr\/applications-de-lampadaires-solaires\/\">Obtenez la solution &gt;&gt;<\/a><\/strong><\/p>\t\t\t\t\t\t\t\t<\/div>\n\t\t\t\t\t<\/div>\n\t\t\t\t<\/div>\n\t\t<div class=\"elementor-element elementor-element-e7a08e1 e-flex e-con-boxed e-con e-parent\" data-id=\"e7a08e1\" data-element_type=\"container\" data-e-type=\"container\" data-settings=\"{&quot;background_background&quot;:&quot;classic&quot;}\">\n\t\t\t\t\t<div class=\"e-con-inner\">\n\t\t\t\t<div class=\"elementor-element elementor-element-1e9b4be elementor-widget elementor-widget-heading\" data-id=\"1e9b4be\" data-element_type=\"widget\" data-e-type=\"widget\" data-widget_type=\"heading.default\">\n\t\t\t\t\t<h3 class=\"elementor-heading-title elementor-size-default\">Nous nous r\u00e9jouissons d'entamer un dialogue commercial int\u00e9ressant avec vous !<\/h3>\t\t\t\t<\/div>\n\t\t\t\t<div class=\"elementor-element elementor-element-e9090c2 elementor-widget elementor-widget-text-editor\" data-id=\"e9090c2\" data-element_type=\"widget\" data-e-type=\"widget\" data-widget_type=\"text-editor.default\">\n\t\t\t\t\t\t\t\t\t<p>\n<div class=\"wpcf7 no-js\" id=\"wpcf7-f1997-o1\" lang=\"en-US\" dir=\"ltr\" data-wpcf7-id=\"1997\">\n<div class=\"screen-reader-response\"><p role=\"status\" aria-live=\"polite\" aria-atomic=\"true\"><\/p> <ul><\/ul><\/div>\n<form action=\"\/fr\/wp-json\/wp\/v2\/pages\/1476#wpcf7-f1997-o1\" method=\"post\" class=\"wpcf7-form init\" aria-label=\"Formulaire de contact\" novalidate=\"novalidate\" data-status=\"init\" data-trp-original-action=\"\/fr\/wp-json\/wp\/v2\/pages\/1476#wpcf7-f1997-o1\">\n<fieldset class=\"hidden-fields-container\"><input type=\"hidden\" name=\"_wpcf7\" value=\"1997\" \/><input type=\"hidden\" name=\"_wpcf7_version\" value=\"6.1.4\" \/><input type=\"hidden\" name=\"_wpcf7_locale\" value=\"en_US\" \/><input type=\"hidden\" name=\"_wpcf7_unit_tag\" value=\"wpcf7-f1997-o1\" \/><input type=\"hidden\" name=\"_wpcf7_container_post\" value=\"0\" \/><input type=\"hidden\" name=\"_wpcf7_posted_data_hash\" value=\"\" \/><input type=\"hidden\" name=\"_wpcf7_recaptcha_response\" value=\"\" \/>\n<\/fieldset>\n<div class=\"onecolumn\">\n\t<div class=\"input_item\">\n\t\t<p><span class=\"wpcf7-form-control-wrap\" data-name=\"your-name\"><input size=\"40\" maxlength=\"400\" class=\"wpcf7-form-control wpcf7-text wpcf7-validates-as-required\" aria-required=\"true\" aria-invalid=\"false\" placeholder=\"Nom*\" value=\"\" type=\"text\" name=\"your-name\" \/><\/span>\n\t\t<\/p>\n\t<\/div>\n\t<div class=\"input_item\">\n\t\t<p><span class=\"wpcf7-form-control-wrap\" data-name=\"your-email\"><input size=\"40\" maxlength=\"400\" class=\"wpcf7-form-control wpcf7-email wpcf7-validates-as-required wpcf7-text wpcf7-validates-as-email\" aria-required=\"true\" aria-invalid=\"false\" placeholder=\"Courrier \u00e9lectronique*\" value=\"\" type=\"email\" name=\"your-email\" \/><\/span>\n\t\t<\/p>\n\t<\/div>\n\t<div class=\"input_item\">\n\t\t<p><span class=\"wpcf7-form-control-wrap\" data-name=\"your-telephone\"><input size=\"40\" maxlength=\"400\" class=\"wpcf7-form-control wpcf7-tel wpcf7-validates-as-required wpcf7-text wpcf7-validates-as-tel\" aria-required=\"true\" aria-invalid=\"false\" placeholder=\"t\u00e9l\u00e9phone*\" value=\"\" type=\"tel\" name=\"your-telephone\" \/><\/span>\n\t\t<\/p>\n\t<\/div>\n\t<div class=\"input_item\">\n\t\t<p><span class=\"wpcf7-form-control-wrap\" data-name=\"your-message\"><textarea cols=\"40\" rows=\"10\" maxlength=\"2000\" class=\"wpcf7-form-control wpcf7-textarea\" aria-invalid=\"false\" placeholder=\"Message*\" name=\"your-message\"><\/textarea><\/span>\n\t\t<\/p>\n\t<\/div>\n<\/div>\n<p><input class=\"wpcf7-form-control wpcf7-submit has-spinner\" type=\"submit\" value=\"Soumettre\" \/>\n<\/p>\n<p><script>\ndocument.addEventListener( 'wpcf7mailsent', function( event ) {\n location = '\/thank-you\/';\n}, false );\n<\/script>\n<\/p><div class=\"wpcf7-response-output\" aria-hidden=\"true\"><\/div>\n<input type=\"hidden\" name=\"trp-form-language\" value=\"fr\"\/><\/form>\n<\/div>\n<\/p>\t\t\t\t\t\t\t\t<\/div>\n\t\t\t\t\t<\/div>\n\t\t\t\t<\/div>\n\t\t\t\t<\/div>","protected":false},"excerpt":{"rendered":"<p>Campus Solar Lighting Application Application Case Luxman solar-powered outdoor lights come with remote control to select among the preset PIR, [&hellip;]<\/p>\n","protected":false},"author":8,"featured_media":15966,"parent":1469,"menu_order":0,"comment_status":"closed","ping_status":"closed","template":"elementor_header_footer","meta":{"site-sidebar-layout":"default","site-content-layout":"","ast-site-content-layout":"full-width-container","site-content-style":"default","site-sidebar-style":"default","ast-global-header-display":"","ast-banner-title-visibility":"","ast-main-header-display":"","ast-hfb-above-header-display":"","ast-hfb-below-header-display":"","ast-hfb-mobile-header-display":"","site-post-title":"","ast-breadcrumbs-content":"","ast-featured-img":"","footer-sml-layout":"","ast-disable-related-posts":"","theme-transparent-header-meta":"default","adv-header-id-meta":"","stick-header-meta":"","header-above-stick-meta":"","header-main-stick-meta":"","header-below-stick-meta":"","astra-migrate-meta-layouts":"set","ast-page-background-enabled":"default","ast-page-background-meta":{"desktop":{"background-color":"var(--ast-global-color-5)","background-image":"","background-repeat":"repeat","background-position":"center center","background-size":"auto","background-attachment":"scroll","background-type":"","background-media":"","overlay-type":"","overlay-color":"","overlay-opacity":"","overlay-gradient":""},"tablet":{"background-color":"","background-image":"","background-repeat":"repeat","background-position":"center center","background-size":"auto","background-attachment":"scroll","background-type":"","background-media":"","overlay-type":"","overlay-color":"","overlay-opacity":"","overlay-gradient":""},"mobile":{"background-color":"","background-image":"","background-repeat":"repeat","background-position":"center center","background-size":"auto","background-attachment":"scroll","background-type":"","background-media":"","overlay-type":"","overlay-color":"","overlay-opacity":"","overlay-gradient":""}},"ast-content-background-meta":{"desktop":{"background-color":"var(--ast-global-color-4)","background-image":"","background-repeat":"repeat","background-position":"center center","background-size":"auto","background-attachment":"scroll","background-type":"","background-media":"","overlay-type":"","overlay-color":"","overlay-opacity":"","overlay-gradient":""},"tablet":{"background-color":"var(--ast-global-color-4)","background-image":"","background-repeat":"repeat","background-position":"center center","background-size":"auto","background-attachment":"scroll","background-type":"","background-media":"","overlay-type":"","overlay-color":"","overlay-opacity":"","overlay-gradient":""},"mobile":{"background-color":"var(--ast-global-color-4)","background-image":"","background-repeat":"repeat","background-position":"center center","background-size":"auto","background-attachment":"scroll","background-type":"","background-media":"","overlay-type":"","overlay-color":"","overlay-opacity":"","overlay-gradient":""}},"footnotes":""},"class_list":["post-1476","page","type-page","status-publish","has-post-thumbnail","hentry"],"_links":{"self":[{"href":"https:\/\/luxmanlight.com\/fr\/wp-json\/wp\/v2\/pages\/1476","targetHints":{"allow":["GET"]}}],"collection":[{"href":"https:\/\/luxmanlight.com\/fr\/wp-json\/wp\/v2\/pages"}],"about":[{"href":"https:\/\/luxmanlight.com\/fr\/wp-json\/wp\/v2\/types\/page"}],"author":[{"embeddable":true,"href":"https:\/\/luxmanlight.com\/fr\/wp-json\/wp\/v2\/users\/8"}],"replies":[{"embeddable":true,"href":"https:\/\/luxmanlight.com\/fr\/wp-json\/wp\/v2\/comments?post=1476"}],"version-history":[{"count":15,"href":"https:\/\/luxmanlight.com\/fr\/wp-json\/wp\/v2\/pages\/1476\/revisions"}],"predecessor-version":[{"id":72065,"href":"https:\/\/luxmanlight.com\/fr\/wp-json\/wp\/v2\/pages\/1476\/revisions\/72065"}],"up":[{"embeddable":true,"href":"https:\/\/luxmanlight.com\/fr\/wp-json\/wp\/v2\/pages\/1469"}],"wp:featuredmedia":[{"embeddable":true,"href":"https:\/\/luxmanlight.com\/fr\/wp-json\/wp\/v2\/media\/15966"}],"wp:attachment":[{"href":"https:\/\/luxmanlight.com\/fr\/wp-json\/wp\/v2\/media?parent=1476"}],"curies":[{"name":"wp","href":"https:\/\/api.w.org\/{rel}","templated":true}]}}