{"id":1356,"date":"2019-03-14T07:16:52","date_gmt":"2019-03-14T07:16:52","guid":{"rendered":"https:\/\/luxmanlight.com\/?page_id=1356"},"modified":"2026-02-02T13:37:11","modified_gmt":"2026-02-02T13:37:11","slug":"service-apres-vente-2","status":"publish","type":"page","link":"https:\/\/luxmanlight.com\/fr\/after-sales-serivce-2\/","title":{"rendered":"Service apr\u00e8s-vente"},"content":{"rendered":"<div data-elementor-type=\"wp-page\" data-elementor-id=\"1356\" class=\"elementor elementor-1356\" data-elementor-post-type=\"page\">\n\t\t\t\t<div class=\"elementor-element elementor-element-b6d06a3 e-flex e-con-boxed e-con e-parent\" data-id=\"b6d06a3\" data-element_type=\"container\" data-e-type=\"container\" data-settings=\"{&quot;background_background&quot;:&quot;classic&quot;}\">\n\t\t\t\t\t<div class=\"e-con-inner\">\n\t\t\t\t<div class=\"elementor-element elementor-element-46f3421 elementor-widget elementor-widget-heading\" data-id=\"46f3421\" data-element_type=\"widget\" data-e-type=\"widget\" data-widget_type=\"heading.default\">\n\t\t\t\t\t<h1 class=\"elementor-heading-title elementor-size-default\">Service apr\u00e8s-vente<\/h1>\t\t\t\t<\/div>\n\t\t\t\t\t<\/div>\n\t\t\t\t<\/div>\n\t\t<div class=\"elementor-element elementor-element-8d3dc94 e-flex e-con-boxed e-con e-parent\" data-id=\"8d3dc94\" data-element_type=\"container\" data-e-type=\"container\">\n\t\t\t\t\t<div class=\"e-con-inner\">\n\t\t\t\t<div class=\"elementor-element elementor-element-a02b2d1 elementor-widget elementor-widget-heading\" data-id=\"a02b2d1\" data-element_type=\"widget\" data-e-type=\"widget\" data-widget_type=\"heading.default\">\n\t\t\t\t\t<h2 class=\"elementor-heading-title elementor-size-default\">Notre politique apr\u00e8s-vente<\/h2>\t\t\t\t<\/div>\n\t\t\t\t<div class=\"elementor-element elementor-element-7e9de55 elementor-widget elementor-widget-text-editor\" data-id=\"7e9de55\" data-element_type=\"widget\" data-e-type=\"widget\" data-widget_type=\"text-editor.default\">\n\t\t\t\t\t\t\t\t\t<p>Conform\u00e9ment au code produit du lampadaire solaire, nous fournissons un service apr\u00e8s-vente complet. LUXMAN garantit le propri\u00e9taire d&#039;origine contre les d\u00e9fauts et la fabrication pendant une p\u00e9riode de 2\/3\/5\/10 ans pour les pi\u00e8ces \u00e9lectroniques \u00e0 compter de l&#039;achat d&#039;origine. Les produits LUXMAN sont minutieusement v\u00e9rifi\u00e9s et test\u00e9s avant l&#039;emballage et l&#039;exp\u00e9dition. Il est donc de la responsabilit\u00e9 du destinataire d&#039;inspecter toutes les marchandises \u00e0 leur arriv\u00e9e pour d\u00e9celer des preuves de dommages et\/ou de dommages cach\u00e9s dus \u00e0 une mauvaise manipulation par le transporteur de fret entrant.<\/p><p>La garantie couvre\u00a0: \u00b7<\/p><ul><li>tous d\u00e9fauts de mat\u00e9riaux et de fabrication.<\/li><\/ul><p>La garantie ne couvre pas\u00a0:\u00b7<\/p><ul><li>les dommages caus\u00e9s par un accident, une mauvaise utilisation, un abus, une modification ou une n\u00e9gligence du produit, des dommages caus\u00e9s par une contrainte m\u00e9canique, un impact ou similaire. \u00b7<\/li><li>dommages survenus pendant le transport, dommages r\u00e9sultant du non-respect des instructions contenues dans les manuels d&#039;utilisation, \u00b7<\/li><li>les r\u00e9clamations caus\u00e9es par de fausses d\u00e9clarations ou des interpr\u00e9tations erron\u00e9es de la part du vendeur ou du propri\u00e9taire, de tout produit LUXMAN sur lequel le num\u00e9ro de s\u00e9rie a \u00e9t\u00e9 modifi\u00e9 ou supprim\u00e9. \u00b7<\/li><li>tout signe ou tentative de r\u00e9paration de pi\u00e8ces endommag\u00e9es.<\/li><\/ul>\t\t\t\t\t\t\t\t<\/div>\n\t\t\t\t\t<\/div>\n\t\t\t\t<\/div>\n\t\t<div class=\"elementor-element elementor-element-ec7c3fe e-flex e-con-boxed e-con e-parent\" data-id=\"ec7c3fe\" data-element_type=\"container\" data-e-type=\"container\" data-settings=\"{&quot;background_background&quot;:&quot;classic&quot;}\">\n\t\t\t\t\t<div class=\"e-con-inner\">\n\t\t\t\t<div class=\"elementor-element elementor-element-e74adda elementor-widget elementor-widget-heading\" data-id=\"e74adda\" data-element_type=\"widget\" data-e-type=\"widget\" data-widget_type=\"heading.default\">\n\t\t\t\t\t<h2 class=\"elementor-heading-title elementor-size-default\">Veuillez vous r\u00e9f\u00e9rer \u00e0 la FAQ avant de nous laisser un message<\/h2>\t\t\t\t<\/div>\n\t\t\t\t<div class=\"elementor-element elementor-element-53a26f9 elementor-widget-divider--view-line elementor-widget elementor-widget-divider\" data-id=\"53a26f9\" data-element_type=\"widget\" data-e-type=\"widget\" data-widget_type=\"divider.default\">\n\t\t\t\t\t\t\t<div class=\"elementor-divider\">\n\t\t\t<span class=\"elementor-divider-separator\">\n\t\t\t\t\t\t<\/span>\n\t\t<\/div>\n\t\t\t\t\t\t<\/div>\n\t\t<div class=\"elementor-element elementor-element-89edfda e-grid e-con-full e-con e-child\" data-id=\"89edfda\" data-element_type=\"container\" data-e-type=\"container\">\n\t\t\t\t<div class=\"elementor-element elementor-element-73c1f2e elementor-hidden-mobile elementor-widget elementor-widget-text-editor\" data-id=\"73c1f2e\" data-element_type=\"widget\" data-e-type=\"widget\" data-widget_type=\"text-editor.default\">\n\t\t\t\t\t\t\t\t\t<p><strong>NOUS AVONS H\u00c2TE D&#039;ENGAGER UN DIALOGUE COMMERCIAL INT\u00c9RESSANT AVEC VOUS !<\/strong><\/p><p><strong>SHENZHEN LUXMAN LIGHT CO.,LTD.<\/strong><\/p><p>Adresse\u00a0:\u00a0402, b\u00e2timent n\u00b02 Jinyucheng, 592 Bulong Road, Bantian, Longgang, Shenzhen, Chine.<br \/>E-mail\u00a0: aftersales@luxmanlight.com<br \/>T\u00e9l : +86(0)755-28480260<br \/>T\u00e9l\u00e9copie : +86(0)755-33009010<\/p>\t\t\t\t\t\t\t\t<\/div>\n\t\t\t\t<div class=\"elementor-element elementor-element-ea42204 elementor-widget elementor-widget-text-editor\" data-id=\"ea42204\" data-element_type=\"widget\" data-e-type=\"widget\" data-widget_type=\"text-editor.default\">\n\t\t\t\t\t\t\t\t\t<p>\n<div class=\"wpcf7 no-js\" id=\"wpcf7-f1997-o1\" lang=\"en-US\" dir=\"ltr\" data-wpcf7-id=\"1997\">\n<div class=\"screen-reader-response\"><p role=\"status\" aria-live=\"polite\" aria-atomic=\"true\"><\/p> <ul><\/ul><\/div>\n<form action=\"\/fr\/wp-json\/wp\/v2\/pages\/1356#wpcf7-f1997-o1\" method=\"post\" class=\"wpcf7-form init\" aria-label=\"Formulaire de contact\" novalidate=\"novalidate\" data-status=\"init\" data-trp-original-action=\"\/fr\/wp-json\/wp\/v2\/pages\/1356#wpcf7-f1997-o1\">\n<fieldset class=\"hidden-fields-container\"><input type=\"hidden\" name=\"_wpcf7\" value=\"1997\" \/><input type=\"hidden\" name=\"_wpcf7_version\" value=\"6.1.4\" \/><input type=\"hidden\" name=\"_wpcf7_locale\" value=\"en_US\" \/><input type=\"hidden\" name=\"_wpcf7_unit_tag\" value=\"wpcf7-f1997-o1\" \/><input type=\"hidden\" name=\"_wpcf7_container_post\" value=\"0\" \/><input type=\"hidden\" name=\"_wpcf7_posted_data_hash\" value=\"\" \/><input type=\"hidden\" name=\"_wpcf7_recaptcha_response\" value=\"\" \/>\n<\/fieldset>\n<div class=\"onecolumn\">\n\t<div class=\"input_item\">\n\t\t<p><span class=\"wpcf7-form-control-wrap\" data-name=\"your-name\"><input size=\"40\" maxlength=\"400\" class=\"wpcf7-form-control wpcf7-text wpcf7-validates-as-required\" aria-required=\"true\" aria-invalid=\"false\" placeholder=\"Nom*\" value=\"\" type=\"text\" name=\"your-name\" \/><\/span>\n\t\t<\/p>\n\t<\/div>\n\t<div class=\"input_item\">\n\t\t<p><span class=\"wpcf7-form-control-wrap\" data-name=\"your-email\"><input size=\"40\" maxlength=\"400\" class=\"wpcf7-form-control wpcf7-email wpcf7-validates-as-required wpcf7-text wpcf7-validates-as-email\" aria-required=\"true\" aria-invalid=\"false\" placeholder=\"Courrier \u00e9lectronique*\" value=\"\" type=\"email\" name=\"your-email\" \/><\/span>\n\t\t<\/p>\n\t<\/div>\n\t<div class=\"input_item\">\n\t\t<p><span class=\"wpcf7-form-control-wrap\" data-name=\"your-telephone\"><input size=\"40\" maxlength=\"400\" class=\"wpcf7-form-control wpcf7-tel wpcf7-validates-as-required wpcf7-text wpcf7-validates-as-tel\" aria-required=\"true\" aria-invalid=\"false\" placeholder=\"t\u00e9l\u00e9phone*\" value=\"\" type=\"tel\" name=\"your-telephone\" \/><\/span>\n\t\t<\/p>\n\t<\/div>\n\t<div class=\"input_item\">\n\t\t<p><span class=\"wpcf7-form-control-wrap\" data-name=\"your-message\"><textarea cols=\"40\" rows=\"10\" maxlength=\"2000\" class=\"wpcf7-form-control wpcf7-textarea\" aria-invalid=\"false\" placeholder=\"Message*\" name=\"your-message\"><\/textarea><\/span>\n\t\t<\/p>\n\t<\/div>\n<\/div>\n<p><input class=\"wpcf7-form-control wpcf7-submit has-spinner\" type=\"submit\" value=\"Soumettre\" \/>\n<\/p>\n<p><script>\ndocument.addEventListener( 'wpcf7mailsent', function( event ) {\n location = '\/thank-you\/';\n}, false );\n<\/script>\n<\/p><div class=\"wpcf7-response-output\" aria-hidden=\"true\"><\/div>\n<input type=\"hidden\" name=\"trp-form-language\" value=\"fr\"\/><\/form>\n<\/div>\n<\/p>\t\t\t\t\t\t\t\t<\/div>\n\t\t\t\t<\/div>\n\t\t\t\t\t<\/div>\n\t\t\t\t<\/div>\n\t\t\t\t<\/div>","protected":false},"excerpt":{"rendered":"<p>After Sales Serivce Our after-sales policy In line with the product code for Solar street light\u00a0we provide a full after [&hellip;]<\/p>\n","protected":false},"author":8,"featured_media":1685,"parent":0,"menu_order":0,"comment_status":"closed","ping_status":"closed","template":"elementor_header_footer","meta":{"site-sidebar-layout":"default","site-content-layout":"","ast-site-content-layout":"full-width-container","site-content-style":"default","site-sidebar-style":"default","ast-global-header-display":"","ast-banner-title-visibility":"","ast-main-header-display":"","ast-hfb-above-header-display":"","ast-hfb-below-header-display":"","ast-hfb-mobile-header-display":"","site-post-title":"","ast-breadcrumbs-content":"","ast-featured-img":"","footer-sml-layout":"","ast-disable-related-posts":"","theme-transparent-header-meta":"default","adv-header-id-meta":"","stick-header-meta":"","header-above-stick-meta":"","header-main-stick-meta":"","header-below-stick-meta":"","astra-migrate-meta-layouts":"set","ast-page-background-enabled":"default","ast-page-background-meta":{"desktop":{"background-color":"var(--ast-global-color-5)","background-image":"","background-repeat":"repeat","background-position":"center center","background-size":"auto","background-attachment":"scroll","background-type":"","background-media":"","overlay-type":"","overlay-color":"","overlay-opacity":"","overlay-gradient":""},"tablet":{"background-color":"","background-image":"","background-repeat":"repeat","background-position":"center center","background-size":"auto","background-attachment":"scroll","background-type":"","background-media":"","overlay-type":"","overlay-color":"","overlay-opacity":"","overlay-gradient":""},"mobile":{"background-color":"","background-image":"","background-repeat":"repeat","background-position":"center center","background-size":"auto","background-attachment":"scroll","background-type":"","background-media":"","overlay-type":"","overlay-color":"","overlay-opacity":"","overlay-gradient":""}},"ast-content-background-meta":{"desktop":{"background-color":"var(--ast-global-color-4)","background-image":"","background-repeat":"repeat","background-position":"center center","background-size":"auto","background-attachment":"scroll","background-type":"","background-media":"","overlay-type":"","overlay-color":"","overlay-opacity":"","overlay-gradient":""},"tablet":{"background-color":"var(--ast-global-color-4)","background-image":"","background-repeat":"repeat","background-position":"center center","background-size":"auto","background-attachment":"scroll","background-type":"","background-media":"","overlay-type":"","overlay-color":"","overlay-opacity":"","overlay-gradient":""},"mobile":{"background-color":"var(--ast-global-color-4)","background-image":"","background-repeat":"repeat","background-position":"center center","background-size":"auto","background-attachment":"scroll","background-type":"","background-media":"","overlay-type":"","overlay-color":"","overlay-opacity":"","overlay-gradient":""}},"footnotes":""},"class_list":["post-1356","page","type-page","status-publish","has-post-thumbnail","hentry"],"_links":{"self":[{"href":"https:\/\/luxmanlight.com\/fr\/wp-json\/wp\/v2\/pages\/1356","targetHints":{"allow":["GET"]}}],"collection":[{"href":"https:\/\/luxmanlight.com\/fr\/wp-json\/wp\/v2\/pages"}],"about":[{"href":"https:\/\/luxmanlight.com\/fr\/wp-json\/wp\/v2\/types\/page"}],"author":[{"embeddable":true,"href":"https:\/\/luxmanlight.com\/fr\/wp-json\/wp\/v2\/users\/8"}],"replies":[{"embeddable":true,"href":"https:\/\/luxmanlight.com\/fr\/wp-json\/wp\/v2\/comments?post=1356"}],"version-history":[{"count":14,"href":"https:\/\/luxmanlight.com\/fr\/wp-json\/wp\/v2\/pages\/1356\/revisions"}],"predecessor-version":[{"id":70247,"href":"https:\/\/luxmanlight.com\/fr\/wp-json\/wp\/v2\/pages\/1356\/revisions\/70247"}],"wp:featuredmedia":[{"embeddable":true,"href":"https:\/\/luxmanlight.com\/fr\/wp-json\/wp\/v2\/media\/1685"}],"wp:attachment":[{"href":"https:\/\/luxmanlight.com\/fr\/wp-json\/wp\/v2\/media?parent=1356"}],"curies":[{"name":"wp","href":"https:\/\/api.w.org\/{rel}","templated":true}]}}