{"id":4108,"date":"2019-10-24T09:32:22","date_gmt":"2019-10-24T09:32:22","guid":{"rendered":"https:\/\/luxmanlight.com\/?page_id=4108"},"modified":"2026-02-03T08:22:36","modified_gmt":"2026-02-03T08:22:36","slug":"luz-solar-del-jardin","status":"publish","type":"page","link":"https:\/\/luxmanlight.com\/es\/solar-garden-light-4\/","title":{"rendered":"LUZ SOLAR PARA JARD\u00cdN"},"content":{"rendered":"<div data-elementor-type=\"wp-page\" data-elementor-id=\"4108\" class=\"elementor elementor-4108\" data-elementor-post-type=\"page\">\n\t\t\t\t<div class=\"elementor-element elementor-element-74a5885 e-flex e-con-boxed e-con e-parent\" data-id=\"74a5885\" data-element_type=\"container\" data-e-type=\"container\" data-settings=\"{&quot;background_background&quot;:&quot;classic&quot;}\">\n\t\t\t\t\t<div class=\"e-con-inner\">\n\t\t\t\t<div class=\"elementor-element elementor-element-7576477 elementor-widget elementor-widget-heading\" data-id=\"7576477\" data-element_type=\"widget\" data-e-type=\"widget\" data-widget_type=\"heading.default\">\n\t\t\t\t\t<h1 class=\"elementor-heading-title elementor-size-default\">Nuestras mejores l\u00e1mparas solares para jard\u00edn<\/h1>\t\t\t\t<\/div>\n\t\t\t\t\t<\/div>\n\t\t\t\t<\/div>\n\t\t<div class=\"elementor-element elementor-element-19c11a5 e-flex e-con-boxed e-con e-parent\" data-id=\"19c11a5\" data-element_type=\"container\" data-e-type=\"container\" data-settings=\"{&quot;background_background&quot;:&quot;classic&quot;}\">\n\t\t\t\t\t<div class=\"e-con-inner\">\n\t\t\t\t<div class=\"elementor-element elementor-element-1c5ebf8 elementor-widget elementor-widget-spacer\" data-id=\"1c5ebf8\" data-element_type=\"widget\" data-e-type=\"widget\" data-widget_type=\"spacer.default\">\n\t\t\t\t\t\t\t<div class=\"elementor-spacer\">\n\t\t\t<div class=\"elementor-spacer-inner\"><\/div>\n\t\t<\/div>\n\t\t\t\t\t\t<\/div>\n\t\t\t\t<div class=\"elementor-element elementor-element-98533b3 elementor-widget elementor-widget-heading\" data-id=\"98533b3\" data-element_type=\"widget\" data-e-type=\"widget\" data-widget_type=\"heading.default\">\n\t\t\t\t\t<h2 class=\"elementor-heading-title elementor-size-default\">Luz solar para jard\u00edn<\/h2>\t\t\t\t<\/div>\n\t\t\t\t<div class=\"elementor-element elementor-element-0677090 elementor-widget-divider--view-line elementor-widget elementor-widget-divider\" data-id=\"0677090\" data-element_type=\"widget\" data-e-type=\"widget\" data-widget_type=\"divider.default\">\n\t\t\t\t\t\t\t<div class=\"elementor-divider\">\n\t\t\t<span class=\"elementor-divider-separator\">\n\t\t\t\t\t\t<\/span>\n\t\t<\/div>\n\t\t\t\t\t\t<\/div>\n\t\t\t\t<div class=\"elementor-element elementor-element-09dd38e elementor-widget elementor-widget-text-editor\" data-id=\"09dd38e\" data-element_type=\"widget\" data-e-type=\"widget\" data-widget_type=\"text-editor.default\">\n\t\t\t\t\t\t\t\t\t<p>Las luces solares para jard\u00edn al aire libre LUXMAN est\u00e1n dise\u00f1adas para caminos, patios, entradas de veh\u00edculos, pasarelas y garajes en \u00e1reas residenciales y comerciales.<\/p><p>Las luces de 12 V son 100% alimentadas por el sol, que pueden funcionar sin conectarse a la red el\u00e9ctrica.<\/p><p>El dise\u00f1o aut\u00f3nomo permite instalarlo en cualquier lugar del jard\u00edn o en zonas con gran espacio.<\/p><p>Luxman Solar Led Lights cuenta con una funci\u00f3n de control remoto. Los usuarios pueden encender y apagar con el mando a distancia. Adem\u00e1s, el usuario puede ajustar el estado de funcionamiento de la luz.<\/p><p>En una palabra, es c\u00f3modo de controlar e instalar.<\/p><p><strong>Productos de iluminaci\u00f3n solar para jard\u00edn:<\/strong><\/p>\t\t\t\t\t\t\t\t<\/div>\n\t\t<div class=\"elementor-element elementor-element-ddb0283 e-grid e-con-full e-con e-child\" data-id=\"ddb0283\" data-element_type=\"container\" data-e-type=\"container\">\n\t\t\t\t<div class=\"elementor-element elementor-element-9280097 elementor-widget elementor-widget-image\" data-id=\"9280097\" data-element_type=\"widget\" data-e-type=\"widget\" data-widget_type=\"image.default\">\n\t\t\t\t\t\t\t\t\t\t\t\t<figure class=\"wp-caption\">\n\t\t\t\t\t\t\t\t\t\t\t<a href=\"https:\/\/luxmanlight.com\/es\/articulo-del-producto\/all-in-one-solar-street-light-12w-lx-ld12w-ss\/\">\n\t\t\t\t\t\t\t<img fetchpriority=\"high\" decoding=\"async\" width=\"802\" height=\"802\" src=\"https:\/\/luxmanlight.com\/wp-content\/uploads\/2019\/10\/All-in-one-solar-street-light-12w.jpg\" class=\"attachment-large size-large wp-image-4048\" alt=\"luces de aparcamiento con panel solar\" srcset=\"https:\/\/luxmanlight.com\/wp-content\/uploads\/2019\/10\/All-in-one-solar-street-light-12w.jpg 802w, https:\/\/luxmanlight.com\/wp-content\/uploads\/2019\/10\/All-in-one-solar-street-light-12w-80x80.jpg 80w, https:\/\/luxmanlight.com\/wp-content\/uploads\/2019\/10\/All-in-one-solar-street-light-12w-300x300.jpg 300w, https:\/\/luxmanlight.com\/wp-content\/uploads\/2019\/10\/All-in-one-solar-street-light-12w-768x768.jpg 768w, https:\/\/luxmanlight.com\/wp-content\/uploads\/2019\/10\/All-in-one-solar-street-light-12w-36x36.jpg 36w, https:\/\/luxmanlight.com\/wp-content\/uploads\/2019\/10\/All-in-one-solar-street-light-12w-180x180.jpg 180w, https:\/\/luxmanlight.com\/wp-content\/uploads\/2019\/10\/All-in-one-solar-street-light-12w-705x705.jpg 705w, https:\/\/luxmanlight.com\/wp-content\/uploads\/2019\/10\/All-in-one-solar-street-light-12w-120x120.jpg 120w, https:\/\/luxmanlight.com\/wp-content\/uploads\/2019\/10\/All-in-one-solar-street-light-12w-450x450.jpg 450w\" sizes=\"(max-width: 802px) 100vw, 802px\" \/>\t\t\t\t\t\t\t\t<\/a>\n\t\t\t\t\t\t\t\t\t\t\t<figcaption class=\"widget-image-caption wp-caption-text\">Luces de parque solares SS<\/figcaption>\n\t\t\t\t\t\t\t\t\t\t<\/figure>\n\t\t\t\t\t\t\t\t\t<\/div>\n\t\t\t\t<div class=\"elementor-element elementor-element-f0b51fb elementor-widget elementor-widget-image\" data-id=\"f0b51fb\" data-element_type=\"widget\" data-e-type=\"widget\" data-widget_type=\"image.default\">\n\t\t\t\t\t\t\t\t\t\t\t\t<figure class=\"wp-caption\">\n\t\t\t\t\t\t\t\t\t\t\t<a href=\"https:\/\/luxmanlight.com\/es\/articulo-del-producto\/farolas-solares-2\/\">\n\t\t\t\t\t\t\t<img decoding=\"async\" src=\"https:\/\/luxmanlight.com\/wp-content\/uploads\/2019\/10\/solar-street-light.jpg.webp\" title=\"\" alt=\"farola solar\" loading=\"lazy\" \/>\t\t\t\t\t\t\t\t<\/a>\n\t\t\t\t\t\t\t\t\t\t\t<figcaption class=\"widget-image-caption wp-caption-text\">S2 Solar Luces de parque<\/figcaption>\n\t\t\t\t\t\t\t\t\t\t<\/figure>\n\t\t\t\t\t\t\t\t\t<\/div>\n\t\t\t\t<div class=\"elementor-element elementor-element-735ba9d elementor-widget elementor-widget-image\" data-id=\"735ba9d\" data-element_type=\"widget\" data-e-type=\"widget\" data-widget_type=\"image.default\">\n\t\t\t\t\t\t\t\t\t\t\t\t<figure class=\"wp-caption\">\n\t\t\t\t\t\t\t\t\t\t\t<a href=\"https:\/\/luxmanlight.com\/es\/articulo-del-producto\/alumbrado-publico-solar\/\">\n\t\t\t\t\t\t\t<img decoding=\"async\" width=\"437\" height=\"437\" src=\"https:\/\/luxmanlight.com\/wp-content\/uploads\/2019\/10\/solar-street-light-s3-40w.jpg\" class=\"attachment-large size-large wp-image-4050\" alt=\"l\u00e1mparas solares de aparcamiento\" srcset=\"https:\/\/luxmanlight.com\/wp-content\/uploads\/2019\/10\/solar-street-light-s3-40w.jpg 437w, https:\/\/luxmanlight.com\/wp-content\/uploads\/2019\/10\/solar-street-light-s3-40w-80x80.jpg 80w, https:\/\/luxmanlight.com\/wp-content\/uploads\/2019\/10\/solar-street-light-s3-40w-300x300.jpg 300w, https:\/\/luxmanlight.com\/wp-content\/uploads\/2019\/10\/solar-street-light-s3-40w-36x36.jpg 36w, https:\/\/luxmanlight.com\/wp-content\/uploads\/2019\/10\/solar-street-light-s3-40w-180x180.jpg 180w, https:\/\/luxmanlight.com\/wp-content\/uploads\/2019\/10\/solar-street-light-s3-40w-120x120.jpg 120w\" sizes=\"(max-width: 437px) 100vw, 437px\" \/>\t\t\t\t\t\t\t\t<\/a>\n\t\t\t\t\t\t\t\t\t\t\t<figcaption class=\"widget-image-caption wp-caption-text\">Luces de parque solares SS<\/figcaption>\n\t\t\t\t\t\t\t\t\t\t<\/figure>\n\t\t\t\t\t\t\t\t\t<\/div>\n\t\t\t\t<div class=\"elementor-element elementor-element-3777829 elementor-widget elementor-widget-image\" data-id=\"3777829\" data-element_type=\"widget\" data-e-type=\"widget\" data-widget_type=\"image.default\">\n\t\t\t\t\t\t\t\t\t\t\t\t<figure class=\"wp-caption\">\n\t\t\t\t\t\t\t\t\t\t\t<a href=\"https:\/\/luxmanlight.com\/es\/articulo-del-producto\/solar-street-light-15w\/\">\n\t\t\t\t\t\t\t<img decoding=\"async\" width=\"437\" height=\"437\" src=\"https:\/\/luxmanlight.com\/wp-content\/uploads\/2019\/10\/solar-parking-lot-lights.jpg\" class=\"attachment-large size-large wp-image-4054\" alt=\"luces solares para aparcamientos\" srcset=\"https:\/\/luxmanlight.com\/wp-content\/uploads\/2019\/10\/solar-parking-lot-lights.jpg 437w, https:\/\/luxmanlight.com\/wp-content\/uploads\/2019\/10\/solar-parking-lot-lights-80x80.jpg 80w, https:\/\/luxmanlight.com\/wp-content\/uploads\/2019\/10\/solar-parking-lot-lights-300x300.jpg 300w, https:\/\/luxmanlight.com\/wp-content\/uploads\/2019\/10\/solar-parking-lot-lights-36x36.jpg 36w, https:\/\/luxmanlight.com\/wp-content\/uploads\/2019\/10\/solar-parking-lot-lights-180x180.jpg 180w, https:\/\/luxmanlight.com\/wp-content\/uploads\/2019\/10\/solar-parking-lot-lights-120x120.jpg 120w\" sizes=\"(max-width: 437px) 100vw, 437px\" \/>\t\t\t\t\t\t\t\t<\/a>\n\t\t\t\t\t\t\t\t\t\t\t<figcaption class=\"widget-image-caption wp-caption-text\">Luces de parque solares SS<\/figcaption>\n\t\t\t\t\t\t\t\t\t\t<\/figure>\n\t\t\t\t\t\t\t\t\t<\/div>\n\t\t\t\t<\/div>\n\t\t\t\t<div class=\"elementor-element elementor-element-ac245e4 elementor-widget elementor-widget-text-editor\" data-id=\"ac245e4\" data-element_type=\"widget\" data-e-type=\"widget\" data-widget_type=\"text-editor.default\">\n\t\t\t\t\t\t\t\t\t<p>Luxman mantiene su b\u00fasqueda de la perfecci\u00f3n.<\/p><p>Se han mejorado las funcionalidades de las linternas solares para jard\u00edn, como la interfaz USB, el mando a distancia, el control mediante APP m\u00f3vil y la c\u00e1mara de vigilancia.  Compru\u00e9belo usted mismo.<\/p><p>Estaremos encantados de responder a sus preguntas sobre el uso de la nueva funci\u00f3n.<\/p>\t\t\t\t\t\t\t\t<\/div>\n\t\t\t\t\t<\/div>\n\t\t\t\t<\/div>\n\t\t<div class=\"elementor-element elementor-element-5ed2dfc e-flex e-con-boxed e-con e-parent\" data-id=\"5ed2dfc\" data-element_type=\"container\" data-e-type=\"container\">\n\t\t\t\t\t<div class=\"e-con-inner\">\n\t\t\t\t<div class=\"elementor-element elementor-element-0baf6bb elementor-widget elementor-widget-spacer\" data-id=\"0baf6bb\" data-element_type=\"widget\" data-e-type=\"widget\" data-widget_type=\"spacer.default\">\n\t\t\t\t\t\t\t<div class=\"elementor-spacer\">\n\t\t\t<div class=\"elementor-spacer-inner\"><\/div>\n\t\t<\/div>\n\t\t\t\t\t\t<\/div>\n\t\t\t\t<div class=\"elementor-element elementor-element-e615c4a elementor-widget elementor-widget-heading\" data-id=\"e615c4a\" data-element_type=\"widget\" data-e-type=\"widget\" data-widget_type=\"heading.default\">\n\t\t\t\t\t<h2 class=\"elementor-heading-title elementor-size-default\">Beneficios<\/h2>\t\t\t\t<\/div>\n\t\t\t\t<div class=\"elementor-element elementor-element-7145b94 elementor-widget elementor-widget-text-editor\" data-id=\"7145b94\" data-element_type=\"widget\" data-e-type=\"widget\" data-widget_type=\"text-editor.default\">\n\t\t\t\t\t\t\t\t\t<ul><li>Instalar en cualquier lugar<\/li><li>Sin cableado el\u00e9ctrico<\/li><li>Sin factura de electricidad<\/li><li>Sin mantenimiento<\/li><li>Control inteligente<\/li><\/ul>\t\t\t\t\t\t\t\t<\/div>\n\t\t\t\t\t<\/div>\n\t\t\t\t<\/div>\n\t\t<div class=\"elementor-element elementor-element-30fd0e8 e-flex e-con-boxed e-con e-parent\" data-id=\"30fd0e8\" data-element_type=\"container\" data-e-type=\"container\" data-settings=\"{&quot;background_background&quot;:&quot;classic&quot;}\">\n\t\t\t\t\t<div class=\"e-con-inner\">\n\t\t\t\t<div class=\"elementor-element elementor-element-d45718a elementor-widget elementor-widget-spacer\" data-id=\"d45718a\" data-element_type=\"widget\" data-e-type=\"widget\" data-widget_type=\"spacer.default\">\n\t\t\t\t\t\t\t<div class=\"elementor-spacer\">\n\t\t\t<div class=\"elementor-spacer-inner\"><\/div>\n\t\t<\/div>\n\t\t\t\t\t\t<\/div>\n\t\t\t\t<div class=\"elementor-element elementor-element-93e7fea elementor-widget elementor-widget-heading\" data-id=\"93e7fea\" data-element_type=\"widget\" data-e-type=\"widget\" data-widget_type=\"heading.default\">\n\t\t\t\t\t<h2 class=\"elementor-heading-title elementor-size-default\">Proyecto de farolas solares para el jard\u00edn<\/h2>\t\t\t\t<\/div>\n\t\t\t\t<div class=\"elementor-element elementor-element-de3a95c elementor-widget-divider--view-line elementor-widget elementor-widget-divider\" data-id=\"de3a95c\" data-element_type=\"widget\" data-e-type=\"widget\" data-widget_type=\"divider.default\">\n\t\t\t\t\t\t\t<div class=\"elementor-divider\">\n\t\t\t<span class=\"elementor-divider-separator\">\n\t\t\t\t\t\t<\/span>\n\t\t<\/div>\n\t\t\t\t\t\t<\/div>\n\t\t\t\t<div class=\"elementor-element elementor-element-a6a2613 elementor-widget elementor-widget-text-editor\" data-id=\"a6a2613\" data-element_type=\"widget\" data-e-type=\"widget\" data-widget_type=\"text-editor.default\">\n\t\t\t\t\t\t\t\t\t<p>Las linternas solares de exterior para jard\u00edn tienen un dise\u00f1o aut\u00f3nomo que 100% se alimenta del sol. Es decir, no hay necesidad de conectar la red el\u00e9ctrica. Ahorra el coste de la inversi\u00f3n en cable el\u00e9ctrico y el tiempo de excavaci\u00f3n.<\/p><p>Con sensor de movimiento incorporado, la linterna de jard\u00edn de 12v puede detectar la presencia de personas y veh\u00edculos para proporcionar iluminaci\u00f3n seg\u00fan la configuraci\u00f3n.<\/p><p>Le permite crear una iluminaci\u00f3n de jard\u00edn m\u00e1s sostenible, al tiempo que los visitantes se sienten seguros y c\u00f3modos.<\/p>\t\t\t\t\t\t\t\t<\/div>\n\t\t<div class=\"elementor-element elementor-element-6e5acb8 e-grid e-con-full e-con e-child\" data-id=\"6e5acb8\" data-element_type=\"container\" data-e-type=\"container\">\n\t\t\t\t<div class=\"elementor-element elementor-element-3b0fb25 elementor-widget elementor-widget-image\" data-id=\"3b0fb25\" data-element_type=\"widget\" data-e-type=\"widget\" data-widget_type=\"image.default\">\n\t\t\t\t\t\t\t\t\t\t\t\t\t\t\t<img loading=\"lazy\" decoding=\"async\" width=\"437\" height=\"437\" src=\"https:\/\/luxmanlight.com\/wp-content\/uploads\/2019\/05\/luxman-solar-car-parking-light.jpg\" class=\"attachment-large size-large wp-image-2795\" alt=\"luxman-luz-solar-de-estacionamiento-para-coches.jpg.webp\" srcset=\"https:\/\/luxmanlight.com\/wp-content\/uploads\/2019\/05\/luxman-solar-car-parking-light.jpg 437w, https:\/\/luxmanlight.com\/wp-content\/uploads\/2019\/05\/luxman-solar-car-parking-light-80x80.jpg 80w, https:\/\/luxmanlight.com\/wp-content\/uploads\/2019\/05\/luxman-solar-car-parking-light-300x300.jpg 300w, https:\/\/luxmanlight.com\/wp-content\/uploads\/2019\/05\/luxman-solar-car-parking-light-36x36.jpg 36w, https:\/\/luxmanlight.com\/wp-content\/uploads\/2019\/05\/luxman-solar-car-parking-light-180x180.jpg 180w, https:\/\/luxmanlight.com\/wp-content\/uploads\/2019\/05\/luxman-solar-car-parking-light-120x120.jpg 120w\" sizes=\"(max-width: 437px) 100vw, 437px\" \/>\t\t\t\t\t\t\t\t\t\t\t\t\t\t\t<\/div>\n\t\t\t\t<div class=\"elementor-element elementor-element-bcef2c1 elementor-widget elementor-widget-image\" data-id=\"bcef2c1\" data-element_type=\"widget\" data-e-type=\"widget\" data-widget_type=\"image.default\">\n\t\t\t\t\t\t\t\t\t\t\t\t\t\t\t<img decoding=\"async\" src=\"https:\/\/luxmanlight.com\/wp-content\/uploads\/2019\/03\/Luxman-light-inner-page-design-Campus-Solar-Lighting3.jpg\" title=\"\" alt=\"Dise\u00f1o de p\u00e1gina interior de Luxman Light\" loading=\"lazy\" \/>\t\t\t\t\t\t\t\t\t\t\t\t\t\t\t<\/div>\n\t\t\t\t<div class=\"elementor-element elementor-element-0ace38f elementor-widget elementor-widget-image\" data-id=\"0ace38f\" data-element_type=\"widget\" data-e-type=\"widget\" data-widget_type=\"image.default\">\n\t\t\t\t\t\t\t\t\t\t\t\t\t\t\t<img decoding=\"async\" src=\"https:\/\/luxmanlight.com\/wp-content\/uploads\/2019\/05\/car-parking-solar-light.jpg.webp\" title=\"\" alt=\"Luxman-light-inner-page-design-Campus-Solar-Lighting1\" loading=\"lazy\" \/>\t\t\t\t\t\t\t\t\t\t\t\t\t\t\t<\/div>\n\t\t\t\t<\/div>\n\t\t\t\t\t<\/div>\n\t\t\t\t<\/div>\n\t\t<div class=\"elementor-element elementor-element-2c70129 e-flex e-con-boxed e-con e-parent\" data-id=\"2c70129\" data-element_type=\"container\" data-e-type=\"container\" data-settings=\"{&quot;background_background&quot;:&quot;classic&quot;}\">\n\t\t\t\t\t<div class=\"e-con-inner\">\n\t\t\t\t<div class=\"elementor-element elementor-element-6fa77fe elementor-widget elementor-widget-spacer\" data-id=\"6fa77fe\" data-element_type=\"widget\" data-e-type=\"widget\" data-widget_type=\"spacer.default\">\n\t\t\t\t\t\t\t<div class=\"elementor-spacer\">\n\t\t\t<div class=\"elementor-spacer-inner\"><\/div>\n\t\t<\/div>\n\t\t\t\t\t\t<\/div>\n\t\t\t\t<div class=\"elementor-element elementor-element-3e957e3 elementor-widget elementor-widget-heading\" data-id=\"3e957e3\" data-element_type=\"widget\" data-e-type=\"widget\" data-widget_type=\"heading.default\">\n\t\t\t\t\t<h2 class=\"elementor-heading-title elementor-size-default\">Nuestra soluci\u00f3n<\/h2>\t\t\t\t<\/div>\n\t\t\t\t<div class=\"elementor-element elementor-element-fed7d2d elementor-widget-divider--view-line elementor-widget elementor-widget-divider\" data-id=\"fed7d2d\" data-element_type=\"widget\" data-e-type=\"widget\" data-widget_type=\"divider.default\">\n\t\t\t\t\t\t\t<div class=\"elementor-divider\">\n\t\t\t<span class=\"elementor-divider-separator\">\n\t\t\t\t\t\t<\/span>\n\t\t<\/div>\n\t\t\t\t\t\t<\/div>\n\t\t\t\t<div class=\"elementor-element elementor-element-9a8eca4 elementor-widget elementor-widget-text-editor\" data-id=\"9a8eca4\" data-element_type=\"widget\" data-e-type=\"widget\" data-widget_type=\"text-editor.default\">\n\t\t\t\t\t\t\t\t\t<p>Los proyectos de iluminaci\u00f3n solar para exteriores requieren unas condiciones clim\u00e1ticas muy exigentes en la zona de aplicaci\u00f3n, como el tiempo de sol, los d\u00edas de lluvia, la longitud y la latitud, etc. Para proporcionar una soluci\u00f3n de iluminaci\u00f3n solar eficaz, LUXMAN desarrollar\u00e1 una soluci\u00f3n de iluminaci\u00f3n solar personalizada \u00fanica de acuerdo con las condiciones de aplicaci\u00f3n proporcionadas por los clientes.<\/p><p><strong><a href=\"https:\/\/luxmanlight.com\/es\/aplicaciones-de-farolas-solares\/\">Obtenga la soluci\u00f3n &gt;&gt;<\/a><\/strong><\/p>\t\t\t\t\t\t\t\t<\/div>\n\t\t\t\t\t<\/div>\n\t\t\t\t<\/div>\n\t\t<div class=\"elementor-element elementor-element-7f3ad55 e-flex e-con-boxed e-con e-parent\" data-id=\"7f3ad55\" data-element_type=\"container\" data-e-type=\"container\" data-settings=\"{&quot;background_background&quot;:&quot;classic&quot;}\">\n\t\t\t\t\t<div class=\"e-con-inner\">\n\t\t\t\t<div class=\"elementor-element elementor-element-33b9832 elementor-widget elementor-widget-heading\" data-id=\"33b9832\" data-element_type=\"widget\" data-e-type=\"widget\" data-widget_type=\"heading.default\">\n\t\t\t\t\t<h3 class=\"elementor-heading-title elementor-size-default\">Estamos deseando entablar un interesante di\u00e1logo comercial con usted.<\/h3>\t\t\t\t<\/div>\n\t\t\t\t<div class=\"elementor-element elementor-element-e3de28a elementor-widget elementor-widget-text-editor\" data-id=\"e3de28a\" data-element_type=\"widget\" data-e-type=\"widget\" data-widget_type=\"text-editor.default\">\n\t\t\t\t\t\t\t\t\t<p>\n<div class=\"wpcf7 no-js\" id=\"wpcf7-f1997-o1\" lang=\"en-US\" dir=\"ltr\" data-wpcf7-id=\"1997\">\n<div class=\"screen-reader-response\"><p role=\"status\" aria-live=\"polite\" aria-atomic=\"true\"><\/p> <ul><\/ul><\/div>\n<form action=\"\/es\/wp-json\/wp\/v2\/pages\/4108#wpcf7-f1997-o1\" method=\"post\" class=\"wpcf7-form init\" aria-label=\"Formulario de contacto\" novalidate=\"novalidate\" data-status=\"init\" data-trp-original-action=\"\/es\/wp-json\/wp\/v2\/pages\/4108#wpcf7-f1997-o1\">\n<fieldset class=\"hidden-fields-container\"><input type=\"hidden\" name=\"_wpcf7\" value=\"1997\" \/><input type=\"hidden\" name=\"_wpcf7_version\" value=\"6.1.4\" \/><input type=\"hidden\" name=\"_wpcf7_locale\" value=\"en_US\" \/><input type=\"hidden\" name=\"_wpcf7_unit_tag\" value=\"wpcf7-f1997-o1\" \/><input type=\"hidden\" name=\"_wpcf7_container_post\" value=\"0\" \/><input type=\"hidden\" name=\"_wpcf7_posted_data_hash\" value=\"\" \/><input type=\"hidden\" name=\"_wpcf7_recaptcha_response\" value=\"\" \/>\n<\/fieldset>\n<div class=\"onecolumn\">\n\t<div class=\"input_item\">\n\t\t<p><span class=\"wpcf7-form-control-wrap\" data-name=\"your-name\"><input size=\"40\" maxlength=\"400\" class=\"wpcf7-form-control wpcf7-text wpcf7-validates-as-required\" aria-required=\"true\" aria-invalid=\"false\" placeholder=\"Nombre\" value=\"\" type=\"text\" name=\"your-name\" \/><\/span>\n\t\t<\/p>\n\t<\/div>\n\t<div class=\"input_item\">\n\t\t<p><span class=\"wpcf7-form-control-wrap\" data-name=\"your-email\"><input size=\"40\" maxlength=\"400\" class=\"wpcf7-form-control wpcf7-email wpcf7-validates-as-required wpcf7-text wpcf7-validates-as-email\" aria-required=\"true\" aria-invalid=\"false\" placeholder=\"E-Mail\" value=\"\" type=\"email\" name=\"your-email\" \/><\/span>\n\t\t<\/p>\n\t<\/div>\n\t<div class=\"input_item\">\n\t\t<p><span class=\"wpcf7-form-control-wrap\" data-name=\"your-telephone\"><input size=\"40\" maxlength=\"400\" class=\"wpcf7-form-control wpcf7-tel wpcf7-validates-as-required wpcf7-text wpcf7-validates-as-tel\" aria-required=\"true\" aria-invalid=\"false\" placeholder=\"tel\u00e9fono*\" value=\"\" type=\"tel\" name=\"your-telephone\" \/><\/span>\n\t\t<\/p>\n\t<\/div>\n\t<div class=\"input_item\">\n\t\t<p><span class=\"wpcf7-form-control-wrap\" data-name=\"your-message\"><textarea cols=\"40\" rows=\"10\" maxlength=\"2000\" class=\"wpcf7-form-control wpcf7-textarea\" aria-invalid=\"false\" placeholder=\"Mensaje\" name=\"your-message\"><\/textarea><\/span>\n\t\t<\/p>\n\t<\/div>\n<\/div>\n<p><input class=\"wpcf7-form-control wpcf7-submit has-spinner\" type=\"submit\" value=\"Enviar\" \/>\n<\/p>\n<p><script>\ndocument.addEventListener( 'wpcf7mailsent', function( event ) {\n location = '\/thank-you\/';\n}, false );\n<\/script>\n<\/p><div class=\"wpcf7-response-output\" aria-hidden=\"true\"><\/div>\n<input type=\"hidden\" name=\"trp-form-language\" value=\"es\"\/><\/form>\n<\/div>\n<\/p>\t\t\t\t\t\t\t\t<\/div>\n\t\t\t\t\t<\/div>\n\t\t\t\t<\/div>\n\t\t\t\t<\/div>","protected":false},"excerpt":{"rendered":"<p>Our Best Solar Garden Lights Solar Garden Light LUXMAN Outdoor Solar Garden Lights are designed for pathway, yard, driveway, walkway [&hellip;]<\/p>\n","protected":false},"author":8,"featured_media":5154,"parent":0,"menu_order":0,"comment_status":"closed","ping_status":"closed","template":"elementor_header_footer","meta":{"site-sidebar-layout":"default","site-content-layout":"","ast-site-content-layout":"full-width-container","site-content-style":"default","site-sidebar-style":"default","ast-global-header-display":"","ast-banner-title-visibility":"","ast-main-header-display":"","ast-hfb-above-header-display":"","ast-hfb-below-header-display":"","ast-hfb-mobile-header-display":"","site-post-title":"","ast-breadcrumbs-content":"","ast-featured-img":"","footer-sml-layout":"","ast-disable-related-posts":"","theme-transparent-header-meta":"","adv-header-id-meta":"","stick-header-meta":"","header-above-stick-meta":"","header-main-stick-meta":"","header-below-stick-meta":"","astra-migrate-meta-layouts":"default","ast-page-background-enabled":"default","ast-page-background-meta":{"desktop":{"background-color":"var(--ast-global-color-5)","background-image":"","background-repeat":"repeat","background-position":"center center","background-size":"auto","background-attachment":"scroll","background-type":"","background-media":"","overlay-type":"","overlay-color":"","overlay-opacity":"","overlay-gradient":""},"tablet":{"background-color":"","background-image":"","background-repeat":"repeat","background-position":"center center","background-size":"auto","background-attachment":"scroll","background-type":"","background-media":"","overlay-type":"","overlay-color":"","overlay-opacity":"","overlay-gradient":""},"mobile":{"background-color":"","background-image":"","background-repeat":"repeat","background-position":"center center","background-size":"auto","background-attachment":"scroll","background-type":"","background-media":"","overlay-type":"","overlay-color":"","overlay-opacity":"","overlay-gradient":""}},"ast-content-background-meta":{"desktop":{"background-color":"var(--ast-global-color-4)","background-image":"","background-repeat":"repeat","background-position":"center center","background-size":"auto","background-attachment":"scroll","background-type":"","background-media":"","overlay-type":"","overlay-color":"","overlay-opacity":"","overlay-gradient":""},"tablet":{"background-color":"var(--ast-global-color-4)","background-image":"","background-repeat":"repeat","background-position":"center center","background-size":"auto","background-attachment":"scroll","background-type":"","background-media":"","overlay-type":"","overlay-color":"","overlay-opacity":"","overlay-gradient":""},"mobile":{"background-color":"var(--ast-global-color-4)","background-image":"","background-repeat":"repeat","background-position":"center center","background-size":"auto","background-attachment":"scroll","background-type":"","background-media":"","overlay-type":"","overlay-color":"","overlay-opacity":"","overlay-gradient":""}},"footnotes":""},"class_list":["post-4108","page","type-page","status-publish","has-post-thumbnail","hentry"],"_links":{"self":[{"href":"https:\/\/luxmanlight.com\/es\/wp-json\/wp\/v2\/pages\/4108","targetHints":{"allow":["GET"]}}],"collection":[{"href":"https:\/\/luxmanlight.com\/es\/wp-json\/wp\/v2\/pages"}],"about":[{"href":"https:\/\/luxmanlight.com\/es\/wp-json\/wp\/v2\/types\/page"}],"author":[{"embeddable":true,"href":"https:\/\/luxmanlight.com\/es\/wp-json\/wp\/v2\/users\/8"}],"replies":[{"embeddable":true,"href":"https:\/\/luxmanlight.com\/es\/wp-json\/wp\/v2\/comments?post=4108"}],"version-history":[{"count":7,"href":"https:\/\/luxmanlight.com\/es\/wp-json\/wp\/v2\/pages\/4108\/revisions"}],"predecessor-version":[{"id":70433,"href":"https:\/\/luxmanlight.com\/es\/wp-json\/wp\/v2\/pages\/4108\/revisions\/70433"}],"wp:featuredmedia":[{"embeddable":true,"href":"https:\/\/luxmanlight.com\/es\/wp-json\/wp\/v2\/media\/5154"}],"wp:attachment":[{"href":"https:\/\/luxmanlight.com\/es\/wp-json\/wp\/v2\/media?parent=4108"}],"curies":[{"name":"wp","href":"https:\/\/api.w.org\/{rel}","templated":true}]}}