{"id":1382,"date":"2019-03-14T09:40:52","date_gmt":"2019-03-14T09:40:52","guid":{"rendered":"https:\/\/luxmanlight.com\/?page_id=1382"},"modified":"2026-02-04T10:51:29","modified_gmt":"2026-02-04T10:51:29","slug":"diseno-de-alumbrado-publico-solar","status":"publish","type":"page","link":"https:\/\/luxmanlight.com\/es\/solar-street-lighting-design\/","title":{"rendered":"Dise\u00f1o de alumbrado p\u00fablico solar"},"content":{"rendered":"<div data-elementor-type=\"wp-page\" data-elementor-id=\"1382\" class=\"elementor elementor-1382\" data-elementor-post-type=\"page\">\n\t\t\t\t<div class=\"elementor-element elementor-element-826ffef e-flex e-con-boxed e-con e-parent\" data-id=\"826ffef\" data-element_type=\"container\" data-e-type=\"container\" data-settings=\"{&quot;background_background&quot;:&quot;classic&quot;}\">\n\t\t\t\t\t<div class=\"e-con-inner\">\n\t\t\t\t<div class=\"elementor-element elementor-element-557fa6d elementor-widget elementor-widget-heading\" data-id=\"557fa6d\" data-element_type=\"widget\" data-e-type=\"widget\" data-widget_type=\"heading.default\">\n\t\t\t\t\t<h1 class=\"elementor-heading-title elementor-size-default\">Dise\u00f1o de iluminaci\u00f3n<\/h1>\t\t\t\t<\/div>\n\t\t\t\t\t<\/div>\n\t\t\t\t<\/div>\n\t\t<div class=\"elementor-element elementor-element-3f87396 e-flex e-con-boxed e-con e-parent\" data-id=\"3f87396\" data-element_type=\"container\" data-e-type=\"container\">\n\t\t\t\t\t<div class=\"e-con-inner\">\n\t\t<div class=\"elementor-element elementor-element-e0d6c48 e-con-full e-flex e-con e-child\" data-id=\"e0d6c48\" data-element_type=\"container\" data-e-type=\"container\">\n\t\t\t\t<div class=\"elementor-element elementor-element-d181827 elementor-arrows-position-inside elementor-pagination-position-outside elementor-widget elementor-widget-image-carousel\" data-id=\"d181827\" data-element_type=\"widget\" data-e-type=\"widget\" data-settings=\"{&quot;slides_to_show&quot;:&quot;1&quot;,&quot;navigation&quot;:&quot;both&quot;,&quot;autoplay&quot;:&quot;yes&quot;,&quot;pause_on_hover&quot;:&quot;yes&quot;,&quot;pause_on_interaction&quot;:&quot;yes&quot;,&quot;autoplay_speed&quot;:5000,&quot;infinite&quot;:&quot;yes&quot;,&quot;effect&quot;:&quot;slide&quot;,&quot;speed&quot;:500}\" data-widget_type=\"image-carousel.default\">\n\t\t\t\t\t\t\t<div class=\"elementor-image-carousel-wrapper swiper\" role=\"region\" aria-roledescription=\"carousel\" aria-label=\"Carrusel de im\u00e1genes\" dir=\"ltr\">\n\t\t\t<div class=\"elementor-image-carousel swiper-wrapper\" aria-live=\"off\">\n\t\t\t\t\t\t\t\t<div class=\"swiper-slide\" role=\"group\" aria-roledescription=\"slide\" aria-label=\"1 sur 2\" data-no-translation-aria-label=\"\"><figure class=\"swiper-slide-inner\"><img decoding=\"async\" class=\"swiper-slide-image\" src=\"https:\/\/luxmanlight.com\/wp-content\/uploads\/2019\/03\/Luxman-light-inner-page-design-Lighting-Design-small-slider2.jpg\" alt=\"dise\u00f1o de iluminaci\u00f3n\" \/><\/figure><\/div><div class=\"swiper-slide\" role=\"group\" aria-roledescription=\"slide\" aria-label=\"2 sur 2\" data-no-translation-aria-label=\"\"><figure class=\"swiper-slide-inner\"><img decoding=\"async\" class=\"swiper-slide-image\" src=\"https:\/\/luxmanlight.com\/wp-content\/uploads\/2019\/03\/Luxman-light-inner-page-design-Lighting-Design-small-slider1.jpg\" alt=\"dise\u00f1o de iluminaci\u00f3n\" \/><\/figure><\/div>\t\t\t<\/div>\n\t\t\t\t\t\t\t\t\t\t\t\t<div class=\"elementor-swiper-button elementor-swiper-button-prev\" role=\"button\" tabindex=\"0\">\n\t\t\t\t\t\t<svg aria-hidden=\"true\" class=\"e-font-icon-svg e-eicon-chevron-left\" viewbox=\"0 0 1000 1000\" xmlns=\"http:\/\/www.w3.org\/2000\/svg\"><path d=\"M646 125C629 125 613 133 604 142L308 442C296 454 292 471 292 487 292 504 296 521 308 533L604 854C617 867 629 875 646 875 663 875 679 871 692 858 704 846 713 829 713 812 713 796 708 779 692 767L438 487 692 225C700 217 708 204 708 187 708 171 704 154 692 142 675 129 663 125 646 125Z\"><\/path><\/svg>\t\t\t\t\t<\/div>\n\t\t\t\t\t<div class=\"elementor-swiper-button elementor-swiper-button-next\" role=\"button\" tabindex=\"0\">\n\t\t\t\t\t\t<svg aria-hidden=\"true\" class=\"e-font-icon-svg e-eicon-chevron-right\" viewbox=\"0 0 1000 1000\" xmlns=\"http:\/\/www.w3.org\/2000\/svg\"><path d=\"M696 533C708 521 713 504 713 487 713 471 708 454 696 446L400 146C388 133 375 125 354 125 338 125 325 129 313 142 300 154 292 171 292 187 292 204 296 221 308 233L563 492 304 771C292 783 288 800 288 817 288 833 296 850 308 863 321 871 338 875 354 875 371 875 388 867 400 854L696 533Z\"><\/path><\/svg>\t\t\t\t\t<\/div>\n\t\t\t\t\n\t\t\t\t\t\t\t\t\t<div class=\"swiper-pagination\"><\/div>\n\t\t\t\t\t\t\t\t\t<\/div>\n\t\t\t\t\t\t<\/div>\n\t\t\t\t<\/div>\n\t\t<div class=\"elementor-element elementor-element-ae035c5 e-con-full e-flex e-con e-child\" data-id=\"ae035c5\" data-element_type=\"container\" data-e-type=\"container\">\n\t\t\t\t<div class=\"elementor-element elementor-element-4a93b9c elementor-widget elementor-widget-heading\" data-id=\"4a93b9c\" data-element_type=\"widget\" data-e-type=\"widget\" data-widget_type=\"heading.default\">\n\t\t\t\t\t<h2 class=\"elementor-heading-title elementor-size-default\">Dise\u00f1o de alumbrado p\u00fablico solar para su proyecto<\/h2>\t\t\t\t<\/div>\n\t\t\t\t<div class=\"elementor-element elementor-element-49807bd elementor-widget-divider--view-line elementor-widget elementor-widget-divider\" data-id=\"49807bd\" data-element_type=\"widget\" data-e-type=\"widget\" data-widget_type=\"divider.default\">\n\t\t\t\t\t\t\t<div class=\"elementor-divider\">\n\t\t\t<span class=\"elementor-divider-separator\">\n\t\t\t\t\t\t<\/span>\n\t\t<\/div>\n\t\t\t\t\t\t<\/div>\n\t\t\t\t<div class=\"elementor-element elementor-element-9616140 elementor-widget elementor-widget-text-editor\" data-id=\"9616140\" data-element_type=\"widget\" data-e-type=\"widget\" data-widget_type=\"text-editor.default\">\n\t\t\t\t\t\t\t\t\t<p>El Sistema de Dise\u00f1o de Alumbrado P\u00fablico Solar le permite construir experiencias empresariales ricas y aplicaciones personalizadas con los patrones y las mejores pr\u00e1cticas establecidas, el equipo profesional de dise\u00f1o de iluminaci\u00f3n de Luxman le apoyar\u00e1 para ofrecer una soluci\u00f3n de dise\u00f1o de iluminaci\u00f3n personalizada para su cliente.<\/p>\t\t\t\t\t\t\t\t<\/div>\n\t\t\t\t<\/div>\n\t\t\t\t\t<\/div>\n\t\t\t\t<\/div>\n\t\t<div class=\"elementor-element elementor-element-7628edb e-flex e-con-boxed e-con e-parent\" data-id=\"7628edb\" data-element_type=\"container\" data-e-type=\"container\" data-settings=\"{&quot;background_background&quot;:&quot;classic&quot;}\">\n\t\t\t\t\t<div class=\"e-con-inner\">\n\t\t\t\t<div class=\"elementor-element elementor-element-d4df5b3 elementor-widget elementor-widget-heading\" data-id=\"d4df5b3\" data-element_type=\"widget\" data-e-type=\"widget\" data-widget_type=\"heading.default\">\n\t\t\t\t\t<h2 class=\"elementor-heading-title elementor-size-default\">Servicio profesional<\/h2>\t\t\t\t<\/div>\n\t\t\t\t<div class=\"elementor-element elementor-element-393890c elementor-widget-divider--view-line elementor-widget elementor-widget-divider\" data-id=\"393890c\" data-element_type=\"widget\" data-e-type=\"widget\" data-widget_type=\"divider.default\">\n\t\t\t\t\t\t\t<div class=\"elementor-divider\">\n\t\t\t<span class=\"elementor-divider-separator\">\n\t\t\t\t\t\t<\/span>\n\t\t<\/div>\n\t\t\t\t\t\t<\/div>\n\t\t\t\t<div class=\"elementor-element elementor-element-683140c elementor-widget elementor-widget-text-editor\" data-id=\"683140c\" data-element_type=\"widget\" data-e-type=\"widget\" data-widget_type=\"text-editor.default\">\n\t\t\t\t\t\t\t\t\t<p>Antes de una venta real, LUXMAN puede proporcionar sugerencias profesionales de productos y aplicaciones. Cuando los clientes proporcionen detalles de la aplicaci\u00f3n y planos de ingenier\u00eda, LUXMAN proporcionar\u00e1 un servicio gratuito de planificaci\u00f3n fotom\u00e9trica. Despu\u00e9s de las ventas, para grandes proyectos, nuestros ingenieros profesionales proporcionar\u00e1n gu\u00edas de instalaci\u00f3n punto a punto en el sitio con Luxman asumiendo todos los costes. El seguimiento del producto incluye un c\u00f3digo de lote de cada producci\u00f3n para permitir el control a largo plazo de cada producto. Para asegurarnos de que LUXMAN sigue ganando tanto nuevos clientes como clientes habituales para nuestros productos, intentamos comprender realmente las verdaderas necesidades de nuestros clientes. Lo que LUXMAN le ofrece no es s\u00f3lo un producto, sino una experiencia profesional y una garant\u00eda de satisfacci\u00f3n.<\/p>\t\t\t\t\t\t\t\t<\/div>\n\t\t\t\t\t<\/div>\n\t\t\t\t<\/div>\n\t\t<div class=\"elementor-element elementor-element-aec355a e-flex e-con-boxed e-con e-parent\" data-id=\"aec355a\" data-element_type=\"container\" data-e-type=\"container\">\n\t\t\t\t\t<div class=\"e-con-inner\">\n\t\t\t\t<div class=\"elementor-element elementor-element-6c9b3c0 elementor-widget elementor-widget-heading\" data-id=\"6c9b3c0\" data-element_type=\"widget\" data-e-type=\"widget\" data-widget_type=\"heading.default\">\n\t\t\t\t\t<h2 class=\"elementor-heading-title elementor-size-default\">par\u00e1metro de iluminaci\u00f3n<\/h2>\t\t\t\t<\/div>\n\t\t\t\t<div class=\"elementor-element elementor-element-08da117 elementor-widget-divider--view-line elementor-widget elementor-widget-divider\" data-id=\"08da117\" data-element_type=\"widget\" data-e-type=\"widget\" data-widget_type=\"divider.default\">\n\t\t\t\t\t\t\t<div class=\"elementor-divider\">\n\t\t\t<span class=\"elementor-divider-separator\">\n\t\t\t\t\t\t<\/span>\n\t\t<\/div>\n\t\t\t\t\t\t<\/div>\n\t\t\t\t<div class=\"elementor-element elementor-element-04bf851 elementor-widget elementor-widget-text-editor\" data-id=\"04bf851\" data-element_type=\"widget\" data-e-type=\"widget\" data-widget_type=\"text-editor.default\">\n\t\t\t\t\t\t\t\t\t<div style=\"overflow-x: auto;\"><table width=\"1022\"><tbody><tr><td colspan=\"7\" width=\"504\">M\u00e9todo de iluminancia: valores recomendados<\/td><\/tr><tr><td colspan=\"2\" rowspan=\"2\" width=\"144\">\u00c1rea de conflicto de carreteras y peatones<\/td><td colspan=\"3\" width=\"216\">Clasificaci\u00f3n del pavimento<\/td><td width=\"72\">Coeficiente de uniformidad<\/td><td width=\"72\">Relaci\u00f3n de luminancia de velo<\/td><\/tr><tr><td colspan=\"3\" width=\"216\">(Valores medios m\u00ednimos mantenidos)<\/td><td width=\"72\">Promedio\/Emin<\/td><td width=\"72\">Lv,max\/Lavg<\/td><\/tr><tr><td rowspan=\"2\" width=\"72\">Carretera<\/td><td rowspan=\"2\" width=\"72\">Zona de conflicto peatonal<\/td><td width=\"72\">R1<\/td><td width=\"72\">R2 y R3<\/td><td width=\"72\">R4<\/td><td>\u00a0<\/td><td>\u00a0<\/td><\/tr><tr><td width=\"72\">lux\/FC<\/td><td width=\"72\">lux\/FC<\/td><td width=\"72\">lux\/FC<\/td><td>\u00a0<\/td><td>\u00a0<\/td><\/tr><tr><td width=\"72\">Autopista Clase A<\/td><td width=\"72\">\u00a0<\/td><td width=\"72\">6.0 \/ 0.6<\/td><td width=\"72\">9.0 \/ 0.9<\/td><td width=\"72\">8.0 \/ 0.8<\/td><td width=\"72\">3<\/td><td width=\"72\">0.3<\/td><\/tr><tr><td width=\"72\">Autopista Clase B<\/td><td width=\"72\">\u00a0<\/td><td width=\"72\">4.0 \/ 0.4<\/td><td width=\"72\">6.0 \/ 0.6<\/td><td width=\"72\">5.0 \/ 0.5<\/td><td width=\"72\">3<\/td><td width=\"72\">0.3<\/td><\/tr><tr><td rowspan=\"3\" width=\"72\">Autopista<\/td><td width=\"72\">Alta<\/td><td width=\"72\">10.0 \/ 1.0<\/td><td width=\"72\">14.0 \/ 1.4<\/td><td width=\"72\">13.0 \/ 1.3<\/td><td width=\"72\">3<\/td><td width=\"72\">0.3<\/td><\/tr><tr><td width=\"72\">Medio<\/td><td width=\"72\">8.0 \/ 0.8<\/td><td width=\"72\">12.0 \/ 1.2<\/td><td width=\"72\">10.0 \/ 1.0<\/td><td width=\"72\">3<\/td><td width=\"72\">0.3<\/td><\/tr><tr><td width=\"72\">Bajo<\/td><td width=\"72\">6.0 \/ 0.6<\/td><td width=\"72\">9.0 \/ 0.9<\/td><td width=\"72\">8.0 \/ 0.8<\/td><td width=\"72\">3<\/td><td width=\"72\">0.3<\/td><\/tr><tr><td rowspan=\"3\" width=\"72\">Mayor<\/td><td width=\"72\">Alta<\/td><td width=\"72\">12.0 \/ 1.2<\/td><td width=\"72\">17.0 \/ 1.7<\/td><td width=\"72\">15.0 \/ 1.5<\/td><td width=\"72\">3<\/td><td width=\"72\">0.3<\/td><\/tr><tr><td width=\"72\">Medio<\/td><td width=\"72\">9.0 \/ 0.9<\/td><td width=\"72\">13.0 \/ 1.3<\/td><td width=\"72\">11.0 \/ 1.1<\/td><td width=\"72\">3<\/td><td width=\"72\">0.3<\/td><\/tr><tr><td width=\"72\">Bajo<\/td><td width=\"72\">6.0 \/ 0.6<\/td><td width=\"72\">9.0 \/ 0.9<\/td><td width=\"72\">8.0 \/ 0.8<\/td><td width=\"72\">3<\/td><td width=\"72\">0.3<\/td><\/tr><tr><td rowspan=\"3\" width=\"72\">Colector<\/td><td width=\"72\">Alta<\/td><td width=\"72\">8.0 \/ 0.8<\/td><td width=\"72\">12.0 \/ 1.2<\/td><td width=\"72\">10.0 \/ 1.0<\/td><td width=\"72\">4<\/td><td width=\"72\">0.4<\/td><\/tr><tr><td width=\"72\">Medio<\/td><td width=\"72\">6.0 \/ 0.6<\/td><td width=\"72\">9.0 \/ 0.9<\/td><td width=\"72\">8.0 \/ 0.8<\/td><td width=\"72\">4<\/td><td width=\"72\">0.4<\/td><\/tr><tr><td width=\"72\">Bajo<\/td><td width=\"72\">4.0 \/ 0.4<\/td><td width=\"72\">6.0 \/ 0.6<\/td><td width=\"72\">5.0 \/ 0.5<\/td><td width=\"72\">4<\/td><td width=\"72\">0.4<\/td><\/tr><tr><td rowspan=\"3\" width=\"72\">Local<\/td><td width=\"72\">Alta<\/td><td width=\"72\">6.0 \/ 0.6<\/td><td width=\"72\">9.0 \/ 0.9<\/td><td width=\"72\">8.0 \/ 0.8<\/td><td width=\"72\">6<\/td><td width=\"72\">0.4<\/td><\/tr><tr><td width=\"72\">Medio<\/td><td width=\"72\">5.0 \/ 0.5<\/td><td width=\"72\">7.0 \/ 0.7<\/td><td width=\"72\">6.0 \/ 0.6<\/td><td width=\"72\">6<\/td><td width=\"72\">0.4<\/td><\/tr><tr><td width=\"72\">Bajo<\/td><td width=\"72\">3.0 \/ 0.3<\/td><td width=\"72\">4.0 \/ 0.4<\/td><td width=\"72\">4.0 \/ 0.4<\/td><td width=\"72\">6<\/td><td width=\"72\">0.4<\/td><\/tr><\/tbody><\/table><\/div>\t\t\t\t\t\t\t\t<\/div>\n\t\t\t\t\t<\/div>\n\t\t\t\t<\/div>\n\t\t<div class=\"elementor-element elementor-element-e1f2346 e-flex e-con-boxed e-con e-parent\" data-id=\"e1f2346\" data-element_type=\"container\" data-e-type=\"container\" data-settings=\"{&quot;background_background&quot;:&quot;classic&quot;}\">\n\t\t\t\t\t<div class=\"e-con-inner\">\n\t\t<div class=\"elementor-element elementor-element-8ae01a6 e-con-full e-flex e-con e-child\" data-id=\"8ae01a6\" data-element_type=\"container\" data-e-type=\"container\">\n\t\t\t\t<div class=\"elementor-element elementor-element-54bc4e6 elementor-widget elementor-widget-heading\" data-id=\"54bc4e6\" data-element_type=\"widget\" data-e-type=\"widget\" data-widget_type=\"heading.default\">\n\t\t\t\t\t<h2 class=\"elementor-heading-title elementor-size-default\">DESCARGAR SOLICITUD DE SERVICIO DE DISE\u00d1O DE ILUMINACI\u00d3N.<\/h2>\t\t\t\t<\/div>\n\t\t\t\t<\/div>\n\t\t<div class=\"elementor-element elementor-element-61e9afb e-con-full e-flex e-con e-child\" data-id=\"61e9afb\" data-element_type=\"container\" data-e-type=\"container\">\n\t\t\t\t<div class=\"elementor-element elementor-element-b318337 elementor-widget elementor-widget-button\" data-id=\"b318337\" data-element_type=\"widget\" data-e-type=\"widget\" data-widget_type=\"button.default\">\n\t\t\t\t\t\t\t\t\t\t<a class=\"elementor-button elementor-button-link elementor-size-sm\" href=\"https:\/\/luxmanlight.com\/wp-content\/uploads\/2019\/03\/LUXMAN-Solar-Lighting-Project-Background-Survey.xlsx\">\n\t\t\t\t\t\t<span class=\"elementor-button-content-wrapper\">\n\t\t\t\t\t\t<span class=\"elementor-button-icon\">\n\t\t\t\t<svg aria-hidden=\"true\" class=\"e-font-icon-svg e-far-caret-square-down\" viewbox=\"0 0 448 512\" xmlns=\"http:\/\/www.w3.org\/2000\/svg\"><path d=\"M125.1 208h197.8c10.7 0 16.1 13 8.5 20.5l-98.9 98.3c-4.7 4.7-12.2 4.7-16.9 0l-98.9-98.3c-7.7-7.5-2.3-20.5 8.4-20.5zM448 80v352c0 26.5-21.5 48-48 48H48c-26.5 0-48-21.5-48-48V80c0-26.5 21.5-48 48-48h352c26.5 0 48 21.5 48 48zm-48 346V86c0-3.3-2.7-6-6-6H54c-3.3 0-6 2.7-6 6v340c0 3.3 2.7 6 6 6h340c3.3 0 6-2.7 6-6z\"><\/path><\/svg>\t\t\t<\/span>\n\t\t\t\t\t\t\t\t\t<span class=\"elementor-button-text\">Descargar<\/span>\n\t\t\t\t\t<\/span>\n\t\t\t\t\t<\/a>\n\t\t\t\t\t\t\t\t<\/div>\n\t\t\t\t<\/div>\n\t\t\t\t\t<\/div>\n\t\t\t\t<\/div>\n\t\t<div class=\"elementor-element elementor-element-e8a374c e-flex e-con-boxed e-con e-parent\" data-id=\"e8a374c\" data-element_type=\"container\" data-e-type=\"container\" data-settings=\"{&quot;background_background&quot;:&quot;classic&quot;}\">\n\t\t\t\t\t<div class=\"e-con-inner\">\n\t\t\t\t<div class=\"elementor-element elementor-element-d71703b elementor-widget elementor-widget-heading\" data-id=\"d71703b\" data-element_type=\"widget\" data-e-type=\"widget\" data-widget_type=\"heading.default\">\n\t\t\t\t\t<h3 class=\"elementor-heading-title elementor-size-default\">Estamos deseando entablar un interesante di\u00e1logo comercial con usted.<\/h3>\t\t\t\t<\/div>\n\t\t\t\t<div class=\"elementor-element elementor-element-d01678c elementor-widget elementor-widget-text-editor\" data-id=\"d01678c\" data-element_type=\"widget\" data-e-type=\"widget\" data-widget_type=\"text-editor.default\">\n\t\t\t\t\t\t\t\t\t<p>\n<div class=\"wpcf7 no-js\" id=\"wpcf7-f1997-o1\" lang=\"en-US\" dir=\"ltr\" data-wpcf7-id=\"1997\">\n<div class=\"screen-reader-response\"><p role=\"status\" aria-live=\"polite\" aria-atomic=\"true\"><\/p> <ul><\/ul><\/div>\n<form action=\"\/es\/wp-json\/wp\/v2\/pages\/1382#wpcf7-f1997-o1\" method=\"post\" class=\"wpcf7-form init\" aria-label=\"Formulario de contacto\" novalidate=\"novalidate\" data-status=\"init\" data-trp-original-action=\"\/es\/wp-json\/wp\/v2\/pages\/1382#wpcf7-f1997-o1\">\n<fieldset class=\"hidden-fields-container\"><input type=\"hidden\" name=\"_wpcf7\" value=\"1997\" \/><input type=\"hidden\" name=\"_wpcf7_version\" value=\"6.1.4\" \/><input type=\"hidden\" name=\"_wpcf7_locale\" value=\"en_US\" \/><input type=\"hidden\" name=\"_wpcf7_unit_tag\" value=\"wpcf7-f1997-o1\" \/><input type=\"hidden\" name=\"_wpcf7_container_post\" value=\"0\" \/><input type=\"hidden\" name=\"_wpcf7_posted_data_hash\" value=\"\" \/><input type=\"hidden\" name=\"_wpcf7_recaptcha_response\" value=\"\" \/>\n<\/fieldset>\n<div class=\"onecolumn\">\n\t<div class=\"input_item\">\n\t\t<p><span class=\"wpcf7-form-control-wrap\" data-name=\"your-name\"><input size=\"40\" maxlength=\"400\" class=\"wpcf7-form-control wpcf7-text wpcf7-validates-as-required\" aria-required=\"true\" aria-invalid=\"false\" placeholder=\"Nombre\" value=\"\" type=\"text\" name=\"your-name\" \/><\/span>\n\t\t<\/p>\n\t<\/div>\n\t<div class=\"input_item\">\n\t\t<p><span class=\"wpcf7-form-control-wrap\" data-name=\"your-email\"><input size=\"40\" maxlength=\"400\" class=\"wpcf7-form-control wpcf7-email wpcf7-validates-as-required wpcf7-text wpcf7-validates-as-email\" aria-required=\"true\" aria-invalid=\"false\" placeholder=\"E-Mail\" value=\"\" type=\"email\" name=\"your-email\" \/><\/span>\n\t\t<\/p>\n\t<\/div>\n\t<div class=\"input_item\">\n\t\t<p><span class=\"wpcf7-form-control-wrap\" data-name=\"your-telephone\"><input size=\"40\" maxlength=\"400\" class=\"wpcf7-form-control wpcf7-tel wpcf7-validates-as-required wpcf7-text wpcf7-validates-as-tel\" aria-required=\"true\" aria-invalid=\"false\" placeholder=\"tel\u00e9fono*\" value=\"\" type=\"tel\" name=\"your-telephone\" \/><\/span>\n\t\t<\/p>\n\t<\/div>\n\t<div class=\"input_item\">\n\t\t<p><span class=\"wpcf7-form-control-wrap\" data-name=\"your-message\"><textarea cols=\"40\" rows=\"10\" maxlength=\"2000\" class=\"wpcf7-form-control wpcf7-textarea\" aria-invalid=\"false\" placeholder=\"Mensaje\" name=\"your-message\"><\/textarea><\/span>\n\t\t<\/p>\n\t<\/div>\n<\/div>\n<p><input class=\"wpcf7-form-control wpcf7-submit has-spinner\" type=\"submit\" value=\"Enviar\" \/>\n<\/p>\n<p><script>\ndocument.addEventListener( 'wpcf7mailsent', function( event ) {\n location = '\/thank-you\/';\n}, false );\n<\/script>\n<\/p><div class=\"wpcf7-response-output\" aria-hidden=\"true\"><\/div>\n<input type=\"hidden\" name=\"trp-form-language\" value=\"es\"\/><\/form>\n<\/div>\n<\/p>\t\t\t\t\t\t\t\t<\/div>\n\t\t\t\t\t<\/div>\n\t\t\t\t<\/div>\n\t\t\t\t<\/div>","protected":false},"excerpt":{"rendered":"<p>Lighting Design Solar Street Lighting design for your project The Solar Street\u00a0 Lighting Design System enables you to build rich [&hellip;]<\/p>\n","protected":false},"author":8,"featured_media":1402,"parent":0,"menu_order":0,"comment_status":"closed","ping_status":"closed","template":"elementor_header_footer","meta":{"site-sidebar-layout":"default","site-content-layout":"","ast-site-content-layout":"default","site-content-style":"default","site-sidebar-style":"default","ast-global-header-display":"","ast-banner-title-visibility":"","ast-main-header-display":"","ast-hfb-above-header-display":"","ast-hfb-below-header-display":"","ast-hfb-mobile-header-display":"","site-post-title":"","ast-breadcrumbs-content":"","ast-featured-img":"","footer-sml-layout":"","ast-disable-related-posts":"","theme-transparent-header-meta":"","adv-header-id-meta":"","stick-header-meta":"","header-above-stick-meta":"","header-main-stick-meta":"","header-below-stick-meta":"","astra-migrate-meta-layouts":"default","ast-page-background-enabled":"default","ast-page-background-meta":{"desktop":{"background-color":"var(--ast-global-color-5)","background-image":"","background-repeat":"repeat","background-position":"center center","background-size":"auto","background-attachment":"scroll","background-type":"","background-media":"","overlay-type":"","overlay-color":"","overlay-opacity":"","overlay-gradient":""},"tablet":{"background-color":"","background-image":"","background-repeat":"repeat","background-position":"center center","background-size":"auto","background-attachment":"scroll","background-type":"","background-media":"","overlay-type":"","overlay-color":"","overlay-opacity":"","overlay-gradient":""},"mobile":{"background-color":"","background-image":"","background-repeat":"repeat","background-position":"center center","background-size":"auto","background-attachment":"scroll","background-type":"","background-media":"","overlay-type":"","overlay-color":"","overlay-opacity":"","overlay-gradient":""}},"ast-content-background-meta":{"desktop":{"background-color":"var(--ast-global-color-4)","background-image":"","background-repeat":"repeat","background-position":"center center","background-size":"auto","background-attachment":"scroll","background-type":"","background-media":"","overlay-type":"","overlay-color":"","overlay-opacity":"","overlay-gradient":""},"tablet":{"background-color":"var(--ast-global-color-4)","background-image":"","background-repeat":"repeat","background-position":"center center","background-size":"auto","background-attachment":"scroll","background-type":"","background-media":"","overlay-type":"","overlay-color":"","overlay-opacity":"","overlay-gradient":""},"mobile":{"background-color":"var(--ast-global-color-4)","background-image":"","background-repeat":"repeat","background-position":"center center","background-size":"auto","background-attachment":"scroll","background-type":"","background-media":"","overlay-type":"","overlay-color":"","overlay-opacity":"","overlay-gradient":""}},"footnotes":""},"class_list":["post-1382","page","type-page","status-publish","has-post-thumbnail","hentry"],"_links":{"self":[{"href":"https:\/\/luxmanlight.com\/es\/wp-json\/wp\/v2\/pages\/1382","targetHints":{"allow":["GET"]}}],"collection":[{"href":"https:\/\/luxmanlight.com\/es\/wp-json\/wp\/v2\/pages"}],"about":[{"href":"https:\/\/luxmanlight.com\/es\/wp-json\/wp\/v2\/types\/page"}],"author":[{"embeddable":true,"href":"https:\/\/luxmanlight.com\/es\/wp-json\/wp\/v2\/users\/8"}],"replies":[{"embeddable":true,"href":"https:\/\/luxmanlight.com\/es\/wp-json\/wp\/v2\/comments?post=1382"}],"version-history":[{"count":15,"href":"https:\/\/luxmanlight.com\/es\/wp-json\/wp\/v2\/pages\/1382\/revisions"}],"predecessor-version":[{"id":70775,"href":"https:\/\/luxmanlight.com\/es\/wp-json\/wp\/v2\/pages\/1382\/revisions\/70775"}],"wp:featuredmedia":[{"embeddable":true,"href":"https:\/\/luxmanlight.com\/es\/wp-json\/wp\/v2\/media\/1402"}],"wp:attachment":[{"href":"https:\/\/luxmanlight.com\/es\/wp-json\/wp\/v2\/media?parent=1382"}],"curies":[{"name":"wp","href":"https:\/\/api.w.org\/{rel}","templated":true}]}}