{"id":1201,"date":"2019-03-12T10:14:32","date_gmt":"2019-03-12T10:14:32","guid":{"rendered":"https:\/\/luxmanlight.com\/?page_id=1201"},"modified":"2026-01-15T02:58:48","modified_gmt":"2026-01-15T02:58:48","slug":"farola-solar-oem","status":"publish","type":"page","link":"https:\/\/luxmanlight.com\/es\/oem-soalr-street-light\/","title":{"rendered":"I+D"},"content":{"rendered":"<div data-elementor-type=\"wp-page\" data-elementor-id=\"1201\" class=\"elementor elementor-1201\" data-elementor-post-type=\"page\">\n\t\t\t\t<div class=\"elementor-element elementor-element-adc1184 e-flex e-con-boxed e-con e-parent\" data-id=\"adc1184\" data-element_type=\"container\" data-e-type=\"container\" data-settings=\"{&quot;background_background&quot;:&quot;classic&quot;}\">\n\t\t\t\t\t<div class=\"e-con-inner\">\n\t\t\t\t<div class=\"elementor-element elementor-element-c9d5e50 elementor-widget elementor-widget-heading\" data-id=\"c9d5e50\" data-element_type=\"widget\" data-e-type=\"widget\" data-widget_type=\"heading.default\">\n\t\t\t\t\t<h2 class=\"elementor-heading-title elementor-size-default\">Centro de I+D<\/h2>\t\t\t\t<\/div>\n\t\t\t\t\t<\/div>\n\t\t\t\t<\/div>\n\t\t<div class=\"elementor-element elementor-element-992e27f e-flex e-con-boxed e-con e-parent\" data-id=\"992e27f\" data-element_type=\"container\" data-e-type=\"container\">\n\t\t\t\t\t<div class=\"e-con-inner\">\n\t\t<div class=\"elementor-element elementor-element-c8557c3 e-con-full e-flex e-con e-child\" data-id=\"c8557c3\" data-element_type=\"container\" data-e-type=\"container\">\n\t\t\t\t<div class=\"elementor-element elementor-element-b9b63df elementor-widget elementor-widget-image\" data-id=\"b9b63df\" data-element_type=\"widget\" data-e-type=\"widget\" data-widget_type=\"image.default\">\n\t\t\t\t\t\t\t\t\t\t\t\t\t\t\t<img fetchpriority=\"high\" decoding=\"async\" width=\"655\" height=\"655\" src=\"https:\/\/luxmanlight.com\/wp-content\/uploads\/2019\/03\/Luxman-light-inner-page-design-rd-1.jpg\" class=\"attachment-full size-full wp-image-2782\" alt=\"departamento de investigaci\u00f3n y dise\u00f1o Luxman-light-inner-page-design-r&amp;d\" srcset=\"https:\/\/luxmanlight.com\/wp-content\/uploads\/2019\/03\/Luxman-light-inner-page-design-rd-1.jpg.webp 655w, https:\/\/luxmanlight.com\/wp-content\/uploads\/2019\/03\/Luxman-light-inner-page-design-rd-1-80x80.jpg.webp 80w, https:\/\/luxmanlight.com\/wp-content\/uploads\/2019\/03\/Luxman-light-inner-page-design-rd-1-300x300.jpg.webp 300w, https:\/\/luxmanlight.com\/wp-content\/uploads\/2019\/03\/Luxman-light-inner-page-design-rd-1-36x36.jpg.webp 36w, https:\/\/luxmanlight.com\/wp-content\/uploads\/2019\/03\/Luxman-light-inner-page-design-rd-1-180x180.jpg.webp 180w, https:\/\/luxmanlight.com\/wp-content\/uploads\/2019\/03\/Luxman-light-inner-page-design-rd-1-120x120.jpg.webp 120w, https:\/\/luxmanlight.com\/wp-content\/uploads\/2019\/03\/Luxman-light-inner-page-design-rd-1-450x450.jpg.webp 450w\" sizes=\"(max-width: 655px) 100vw, 655px\" \/>\t\t\t\t\t\t\t\t\t\t\t\t\t\t\t<\/div>\n\t\t\t\t<\/div>\n\t\t<div class=\"elementor-element elementor-element-14aaf0e e-con-full e-flex e-con e-child\" data-id=\"14aaf0e\" data-element_type=\"container\" data-e-type=\"container\">\n\t\t\t\t<div class=\"elementor-element elementor-element-99afac4 elementor-widget elementor-widget-heading\" data-id=\"99afac4\" data-element_type=\"widget\" data-e-type=\"widget\" data-widget_type=\"heading.default\">\n\t\t\t\t\t<h1 class=\"elementor-heading-title elementor-size-default\">Introducci\u00f3n al Centro<\/h1>\t\t\t\t<\/div>\n\t\t\t\t<div class=\"elementor-element elementor-element-b7b84ac elementor-widget elementor-widget-text-editor\" data-id=\"b7b84ac\" data-element_type=\"widget\" data-e-type=\"widget\" data-widget_type=\"text-editor.default\">\n\t\t\t\t\t\t\t\t\t<p>LUXMAN OEM luz de calle solar servicio de dise\u00f1o, Entendemos que entregamos m\u00e1s que un producto, sino una expectativa. El centro de pruebas de Luxman est\u00e1 equipado con una avanzada m\u00e1quina de pruebas el\u00e9ctricas, una sala de pruebas a prueba de agua, una m\u00e1quina de pruebas de alta y baja temperatura, y un sistema de monitoreo de operaci\u00f3n de las luces las 24 horas del d\u00eda, los 7 d\u00edas de la semana. Todos nuestros nuevos productos antes de ser lanzados tendr\u00e1n un periodo de seguimiento de funcionamiento.<\/p><p>Nuestro equipo de desarrollo de productos de farolas solares le ofrece servicios de personalizaci\u00f3n desde el dise\u00f1o del aspecto, la construcci\u00f3n del producto, el utillaje, las muestras iniciales y el producto acabado.<\/p><p>Si tiene un proyecto que necesite un servicio de desarrollo de productos de farolas solares o de personalizaci\u00f3n de productos de farolas solares, no dude en ponerse en contacto con nuestro equipo de ventas.<\/p>\t\t\t\t\t\t\t\t<\/div>\n\t\t\t\t<div class=\"elementor-element elementor-element-f1cfc73 elementor-widget elementor-widget-button\" data-id=\"f1cfc73\" data-element_type=\"widget\" data-e-type=\"widget\" data-widget_type=\"button.default\">\n\t\t\t\t\t\t\t\t\t\t<a class=\"elementor-button elementor-button-link elementor-size-sm\" href=\"https:\/\/luxmanlight.com\/es\/acerca-de-la-fabrica-de-farolas-solares-luxman\/\">\n\t\t\t\t\t\t<span class=\"elementor-button-content-wrapper\">\n\t\t\t\t\t\t<span class=\"elementor-button-icon\">\n\t\t\t\t<svg aria-hidden=\"true\" class=\"e-font-icon-svg e-fas-angle-double-right\" viewbox=\"0 0 448 512\" xmlns=\"http:\/\/www.w3.org\/2000\/svg\"><path d=\"M224.3 273l-136 136c-9.4 9.4-24.6 9.4-33.9 0l-22.6-22.6c-9.4-9.4-9.4-24.6 0-33.9l96.4-96.4-96.4-96.4c-9.4-9.4-9.4-24.6 0-33.9L54.3 103c9.4-9.4 24.6-9.4 33.9 0l136 136c9.5 9.4 9.5 24.6.1 34zm192-34l-136-136c-9.4-9.4-24.6-9.4-33.9 0l-22.6 22.6c-9.4 9.4-9.4 24.6 0 33.9l96.4 96.4-96.4 96.4c-9.4 9.4-9.4 24.6 0 33.9l22.6 22.6c9.4 9.4 24.6 9.4 33.9 0l136-136c9.4-9.2 9.4-24.4 0-33.8z\"><\/path><\/svg>\t\t\t<\/span>\n\t\t\t\t\t\t\t\t\t<span class=\"elementor-button-text\">Acerca de LUXMAN<\/span>\n\t\t\t\t\t<\/span>\n\t\t\t\t\t<\/a>\n\t\t\t\t\t\t\t\t<\/div>\n\t\t\t\t<\/div>\n\t\t\t\t\t<\/div>\n\t\t\t\t<\/div>\n\t\t<div class=\"elementor-element elementor-element-a343562 e-flex e-con-boxed e-con e-parent\" data-id=\"a343562\" data-element_type=\"container\" data-e-type=\"container\" data-settings=\"{&quot;background_background&quot;:&quot;classic&quot;}\">\n\t\t\t\t\t<div class=\"e-con-inner\">\n\t\t\t\t<div class=\"elementor-element elementor-element-9175672 elementor-widget elementor-widget-heading\" data-id=\"9175672\" data-element_type=\"widget\" data-e-type=\"widget\" data-widget_type=\"heading.default\">\n\t\t\t\t\t<h2 class=\"elementor-heading-title elementor-size-default\">Nuestras capacidades de I+D<\/h2>\t\t\t\t<\/div>\n\t\t\t\t<div class=\"elementor-element elementor-element-dda045d elementor-widget-divider--view-line elementor-widget elementor-widget-divider\" data-id=\"dda045d\" data-element_type=\"widget\" data-e-type=\"widget\" data-widget_type=\"divider.default\">\n\t\t\t\t\t\t\t<div class=\"elementor-divider\">\n\t\t\t<span class=\"elementor-divider-separator\">\n\t\t\t\t\t\t<\/span>\n\t\t<\/div>\n\t\t\t\t\t\t<\/div>\n\t\t\t\t<div class=\"elementor-element elementor-element-57e83b1 elementor-widget elementor-widget-text-editor\" data-id=\"57e83b1\" data-element_type=\"widget\" data-e-type=\"widget\" data-widget_type=\"text-editor.default\">\n\t\t\t\t\t\t\t\t\t<p>\u00a0LUXMAN ofrece servicios OEM y ODM de alumbrado p\u00fablico solar a nuestros valiosos clientes en todo el mundo. LUXMAN cuenta con una l\u00ednea de producci\u00f3n est\u00e1ndar, m\u00e1quinas de prueba avanzadas, prioridad de importaci\u00f3n y exportaci\u00f3n, y la experiencia de un equipo de gesti\u00f3n, desarrollo, fabricaci\u00f3n y marketing.<\/p>\t\t\t\t\t\t\t\t<\/div>\n\t\t<div class=\"elementor-element elementor-element-5f5dfe2 e-grid e-con-full e-con e-child\" data-id=\"5f5dfe2\" data-element_type=\"container\" data-e-type=\"container\">\n\t\t\t\t<div class=\"elementor-element elementor-element-3581f8d elementor-widget elementor-widget-icon-box\" data-id=\"3581f8d\" data-element_type=\"widget\" data-e-type=\"widget\" data-widget_type=\"icon-box.default\">\n\t\t\t\t\t\t\t<div class=\"elementor-icon-box-wrapper\">\n\n\t\t\t\n\t\t\t\t\t\t<div class=\"elementor-icon-box-content\">\n\n\t\t\t\t\t\t\t\t\t<h3 class=\"elementor-icon-box-title\">\n\t\t\t\t\t\t<span  >\n\t\t\t\t\t\t\t10\t\t\t\t\t\t<\/span>\n\t\t\t\t\t<\/h3>\n\t\t\t\t\n\t\t\t\t\t\t\t\t\t<p class=\"elementor-icon-box-description\">\n\t\t\t\t\t\tNuestra experiencia\t\t\t\t\t<\/p>\n\t\t\t\t\n\t\t\t<\/div>\n\t\t\t\n\t\t<\/div>\n\t\t\t\t\t\t<\/div>\n\t\t\t\t<div class=\"elementor-element elementor-element-03e9d1c elementor-widget elementor-widget-icon-box\" data-id=\"03e9d1c\" data-element_type=\"widget\" data-e-type=\"widget\" data-widget_type=\"icon-box.default\">\n\t\t\t\t\t\t\t<div class=\"elementor-icon-box-wrapper\">\n\n\t\t\t\n\t\t\t\t\t\t<div class=\"elementor-icon-box-content\">\n\n\t\t\t\t\t\t\t\t\t<h3 class=\"elementor-icon-box-title\">\n\t\t\t\t\t\t<span  >\n\t\t\t\t\t\t\t12\t\t\t\t\t\t<\/span>\n\t\t\t\t\t<\/h3>\n\t\t\t\t\n\t\t\t\t\t\t\t\t\t<p class=\"elementor-icon-box-description\">\n\t\t\t\t\t\tNuestro ingeniero\t\t\t\t\t<\/p>\n\t\t\t\t\n\t\t\t<\/div>\n\t\t\t\n\t\t<\/div>\n\t\t\t\t\t\t<\/div>\n\t\t\t\t<div class=\"elementor-element elementor-element-c475f60 elementor-widget elementor-widget-icon-box\" data-id=\"c475f60\" data-element_type=\"widget\" data-e-type=\"widget\" data-widget_type=\"icon-box.default\">\n\t\t\t\t\t\t\t<div class=\"elementor-icon-box-wrapper\">\n\n\t\t\t\n\t\t\t\t\t\t<div class=\"elementor-icon-box-content\">\n\n\t\t\t\t\t\t\t\t\t<h3 class=\"elementor-icon-box-title\">\n\t\t\t\t\t\t<span  >\n\t\t\t\t\t\t\t100\t\t\t\t\t\t<\/span>\n\t\t\t\t\t<\/h3>\n\t\t\t\t\n\t\t\t\t\t\t\t\t\t<p class=\"elementor-icon-box-description\">\n\t\t\t\t\t\tNuestra patente\t\t\t\t\t<\/p>\n\t\t\t\t\n\t\t\t<\/div>\n\t\t\t\n\t\t<\/div>\n\t\t\t\t\t\t<\/div>\n\t\t\t\t<div class=\"elementor-element elementor-element-1bf6c8c elementor-widget elementor-widget-icon-box\" data-id=\"1bf6c8c\" data-element_type=\"widget\" data-e-type=\"widget\" data-widget_type=\"icon-box.default\">\n\t\t\t\t\t\t\t<div class=\"elementor-icon-box-wrapper\">\n\n\t\t\t\n\t\t\t\t\t\t<div class=\"elementor-icon-box-content\">\n\n\t\t\t\t\t\t\t\t\t<h3 class=\"elementor-icon-box-title\">\n\t\t\t\t\t\t<span  >\n\t\t\t\t\t\t\t100\t\t\t\t\t\t<\/span>\n\t\t\t\t\t<\/h3>\n\t\t\t\t\n\t\t\t\t\t\t\t\t\t<p class=\"elementor-icon-box-description\">\n\t\t\t\t\t\tNuestro honor\t\t\t\t\t<\/p>\n\t\t\t\t\n\t\t\t<\/div>\n\t\t\t\n\t\t<\/div>\n\t\t\t\t\t\t<\/div>\n\t\t\t\t<\/div>\n\t\t\t\t\t<\/div>\n\t\t\t\t<\/div>\n\t\t<div class=\"elementor-element elementor-element-ee9a28e e-flex e-con-boxed e-con e-parent\" data-id=\"ee9a28e\" data-element_type=\"container\" data-e-type=\"container\">\n\t\t\t\t\t<div class=\"e-con-inner\">\n\t\t\t\t<div class=\"elementor-element elementor-element-1d8fcf0 elementor-widget elementor-widget-heading\" data-id=\"1d8fcf0\" data-element_type=\"widget\" data-e-type=\"widget\" data-widget_type=\"heading.default\">\n\t\t\t\t\t<h2 class=\"elementor-heading-title elementor-size-default\">Nuestro proceso de dise\u00f1o de farolas solares<\/h2>\t\t\t\t<\/div>\n\t\t\t\t<div class=\"elementor-element elementor-element-e9753cf elementor-widget elementor-widget-text-editor\" data-id=\"e9753cf\" data-element_type=\"widget\" data-e-type=\"widget\" data-widget_type=\"text-editor.default\">\n\t\t\t\t\t\t\t\t\t<div class=\"flex_column av-492kk1-900b56454ca1fcbdee768cd62d68ef05 av_four_fifth avia-builder-el-29 el_after_av_one_fifth el_before_av_one_fifth flex_column_div av-zero-column-padding\"><section class=\"av_textblock_section av-as1nl-673760127a87a2da5aec61149df04fcd\"><div class=\"avia_textblock\"><p><a href=\"https:\/\/luxmanlight.com\/es\/\">LUXMAN<\/a>\u00a0cuenta con un equipo interno de dise\u00f1o industrial que ofrece soluciones de desarrollo y servicios de personalizaci\u00f3n de farolas solares OEM y ODM.  No dude en ponerse en contacto con nosotros para hablar de su proyecto de dise\u00f1o.<\/p><\/div><\/section><\/div><div class=\"flex_column av-2keaap-76843340d2f7734308b18675fb7b1a73 av_one_fifth avia-builder-el-33 el_after_av_four_fifth el_before_av_hr first flex_column_div av-zero-column-padding\"><img decoding=\"async\" class=\"alignnone size-full wp-image-2783\" src=\"https:\/\/luxmanlight.com\/wp-content\/uploads\/2019\/03\/Luxman-light-inner-page-banner-design-rd-Our-design-process-change.png\" alt=\"Dise\u00f1o de banner interior de Luxman Light: nuestro proceso de dise\u00f1o cambia\" width=\"1903\" height=\"200\" srcset=\"https:\/\/luxmanlight.com\/wp-content\/uploads\/2019\/03\/Luxman-light-inner-page-banner-design-rd-Our-design-process-change.png 1903w, https:\/\/luxmanlight.com\/wp-content\/uploads\/2019\/03\/Luxman-light-inner-page-banner-design-rd-Our-design-process-change-300x32.png 300w, https:\/\/luxmanlight.com\/wp-content\/uploads\/2019\/03\/Luxman-light-inner-page-banner-design-rd-Our-design-process-change-768x81.png 768w, https:\/\/luxmanlight.com\/wp-content\/uploads\/2019\/03\/Luxman-light-inner-page-banner-design-rd-Our-design-process-change-1030x108.png 1030w, https:\/\/luxmanlight.com\/wp-content\/uploads\/2019\/03\/Luxman-light-inner-page-banner-design-rd-Our-design-process-change-1500x158.png 1500w, https:\/\/luxmanlight.com\/wp-content\/uploads\/2019\/03\/Luxman-light-inner-page-banner-design-rd-Our-design-process-change-705x74.png 705w, https:\/\/luxmanlight.com\/wp-content\/uploads\/2019\/03\/Luxman-light-inner-page-banner-design-rd-Our-design-process-change-450x47.png 450w\" sizes=\"(max-width: 1903px) 100vw, 1903px\" \/><\/div><div class=\"hr av-js3yy3aj-76d1f9b38da2a54f116ddd0624260028 hr-invisible avia-builder-el-34 el_after_av_one_fifth el_before_av_one_full av-small-hide av-mini-hide\">\u00a0<\/div>\t\t\t\t\t\t\t\t<\/div>\n\t\t\t\t\t<\/div>\n\t\t\t\t<\/div>\n\t\t<div class=\"elementor-element elementor-element-41b9d98 e-flex e-con-boxed e-con e-parent\" data-id=\"41b9d98\" data-element_type=\"container\" data-e-type=\"container\" data-settings=\"{&quot;background_background&quot;:&quot;classic&quot;}\">\n\t\t\t\t\t<div class=\"e-con-inner\">\n\t\t\t\t<div class=\"elementor-element elementor-element-264e31d elementor-widget elementor-widget-heading\" data-id=\"264e31d\" data-element_type=\"widget\" data-e-type=\"widget\" data-widget_type=\"heading.default\">\n\t\t\t\t\t<h3 class=\"elementor-heading-title elementor-size-default\">Estamos deseando entablar un interesante di\u00e1logo comercial con usted.<\/h3>\t\t\t\t<\/div>\n\t\t\t\t<div class=\"elementor-element elementor-element-9f134f1 elementor-widget elementor-widget-text-editor\" data-id=\"9f134f1\" data-element_type=\"widget\" data-e-type=\"widget\" data-widget_type=\"text-editor.default\">\n\t\t\t\t\t\t\t\t\t<p>\n<div class=\"wpcf7 no-js\" id=\"wpcf7-f1997-o1\" lang=\"en-US\" dir=\"ltr\" data-wpcf7-id=\"1997\">\n<div class=\"screen-reader-response\"><p role=\"status\" aria-live=\"polite\" aria-atomic=\"true\"><\/p> <ul><\/ul><\/div>\n<form action=\"\/es\/wp-json\/wp\/v2\/pages\/1201#wpcf7-f1997-o1\" method=\"post\" class=\"wpcf7-form init\" aria-label=\"Formulario de contacto\" novalidate=\"novalidate\" data-status=\"init\" data-trp-original-action=\"\/es\/wp-json\/wp\/v2\/pages\/1201#wpcf7-f1997-o1\">\n<fieldset class=\"hidden-fields-container\"><input type=\"hidden\" name=\"_wpcf7\" value=\"1997\" \/><input type=\"hidden\" name=\"_wpcf7_version\" value=\"6.1.4\" \/><input type=\"hidden\" name=\"_wpcf7_locale\" value=\"en_US\" \/><input type=\"hidden\" name=\"_wpcf7_unit_tag\" value=\"wpcf7-f1997-o1\" \/><input type=\"hidden\" name=\"_wpcf7_container_post\" value=\"0\" \/><input type=\"hidden\" name=\"_wpcf7_posted_data_hash\" value=\"\" \/><input type=\"hidden\" name=\"_wpcf7_recaptcha_response\" value=\"\" \/>\n<\/fieldset>\n<div class=\"onecolumn\">\n\t<div class=\"input_item\">\n\t\t<p><span class=\"wpcf7-form-control-wrap\" data-name=\"your-name\"><input size=\"40\" maxlength=\"400\" class=\"wpcf7-form-control wpcf7-text wpcf7-validates-as-required\" aria-required=\"true\" aria-invalid=\"false\" placeholder=\"Nombre\" value=\"\" type=\"text\" name=\"your-name\" \/><\/span>\n\t\t<\/p>\n\t<\/div>\n\t<div class=\"input_item\">\n\t\t<p><span class=\"wpcf7-form-control-wrap\" data-name=\"your-email\"><input size=\"40\" maxlength=\"400\" class=\"wpcf7-form-control wpcf7-email wpcf7-validates-as-required wpcf7-text wpcf7-validates-as-email\" aria-required=\"true\" aria-invalid=\"false\" placeholder=\"E-Mail\" value=\"\" type=\"email\" name=\"your-email\" \/><\/span>\n\t\t<\/p>\n\t<\/div>\n\t<div class=\"input_item\">\n\t\t<p><span class=\"wpcf7-form-control-wrap\" data-name=\"your-telephone\"><input size=\"40\" maxlength=\"400\" class=\"wpcf7-form-control wpcf7-tel wpcf7-validates-as-required wpcf7-text wpcf7-validates-as-tel\" aria-required=\"true\" aria-invalid=\"false\" placeholder=\"tel\u00e9fono*\" value=\"\" type=\"tel\" name=\"your-telephone\" \/><\/span>\n\t\t<\/p>\n\t<\/div>\n\t<div class=\"input_item\">\n\t\t<p><span class=\"wpcf7-form-control-wrap\" data-name=\"your-message\"><textarea cols=\"40\" rows=\"10\" maxlength=\"2000\" class=\"wpcf7-form-control wpcf7-textarea\" aria-invalid=\"false\" placeholder=\"Mensaje\" name=\"your-message\"><\/textarea><\/span>\n\t\t<\/p>\n\t<\/div>\n<\/div>\n<p><input class=\"wpcf7-form-control wpcf7-submit has-spinner\" type=\"submit\" value=\"Enviar\" \/>\n<\/p>\n<p><script>\ndocument.addEventListener( 'wpcf7mailsent', function( event ) {\n location = '\/thank-you\/';\n}, false );\n<\/script>\n<\/p><div class=\"wpcf7-response-output\" aria-hidden=\"true\"><\/div>\n<input type=\"hidden\" name=\"trp-form-language\" value=\"es\"\/><\/form>\n<\/div>\n<\/p>\t\t\t\t\t\t\t\t<\/div>\n\t\t\t\t\t<\/div>\n\t\t\t\t<\/div>\n\t\t\t\t<\/div>","protected":false},"excerpt":{"rendered":"<p>R&amp;D Center Center Introduction LUXMAN OEM solar street light design service, We understand that we deliver more than just a [&hellip;]<\/p>\n","protected":false},"author":8,"featured_media":994,"parent":0,"menu_order":0,"comment_status":"closed","ping_status":"closed","template":"elementor_header_footer","meta":{"site-sidebar-layout":"default","site-content-layout":"","ast-site-content-layout":"full-width-container","site-content-style":"default","site-sidebar-style":"default","ast-global-header-display":"","ast-banner-title-visibility":"","ast-main-header-display":"","ast-hfb-above-header-display":"","ast-hfb-below-header-display":"","ast-hfb-mobile-header-display":"","site-post-title":"","ast-breadcrumbs-content":"","ast-featured-img":"","footer-sml-layout":"","ast-disable-related-posts":"","theme-transparent-header-meta":"","adv-header-id-meta":"","stick-header-meta":"","header-above-stick-meta":"","header-main-stick-meta":"","header-below-stick-meta":"","astra-migrate-meta-layouts":"default","ast-page-background-enabled":"default","ast-page-background-meta":{"desktop":{"background-color":"var(--ast-global-color-5)","background-image":"","background-repeat":"repeat","background-position":"center center","background-size":"auto","background-attachment":"scroll","background-type":"","background-media":"","overlay-type":"","overlay-color":"","overlay-opacity":"","overlay-gradient":""},"tablet":{"background-color":"","background-image":"","background-repeat":"repeat","background-position":"center center","background-size":"auto","background-attachment":"scroll","background-type":"","background-media":"","overlay-type":"","overlay-color":"","overlay-opacity":"","overlay-gradient":""},"mobile":{"background-color":"","background-image":"","background-repeat":"repeat","background-position":"center center","background-size":"auto","background-attachment":"scroll","background-type":"","background-media":"","overlay-type":"","overlay-color":"","overlay-opacity":"","overlay-gradient":""}},"ast-content-background-meta":{"desktop":{"background-color":"var(--ast-global-color-4)","background-image":"","background-repeat":"repeat","background-position":"center center","background-size":"auto","background-attachment":"scroll","background-type":"","background-media":"","overlay-type":"","overlay-color":"","overlay-opacity":"","overlay-gradient":""},"tablet":{"background-color":"var(--ast-global-color-4)","background-image":"","background-repeat":"repeat","background-position":"center center","background-size":"auto","background-attachment":"scroll","background-type":"","background-media":"","overlay-type":"","overlay-color":"","overlay-opacity":"","overlay-gradient":""},"mobile":{"background-color":"var(--ast-global-color-4)","background-image":"","background-repeat":"repeat","background-position":"center center","background-size":"auto","background-attachment":"scroll","background-type":"","background-media":"","overlay-type":"","overlay-color":"","overlay-opacity":"","overlay-gradient":""}},"footnotes":""},"class_list":["post-1201","page","type-page","status-publish","has-post-thumbnail","hentry"],"_links":{"self":[{"href":"https:\/\/luxmanlight.com\/es\/wp-json\/wp\/v2\/pages\/1201","targetHints":{"allow":["GET"]}}],"collection":[{"href":"https:\/\/luxmanlight.com\/es\/wp-json\/wp\/v2\/pages"}],"about":[{"href":"https:\/\/luxmanlight.com\/es\/wp-json\/wp\/v2\/types\/page"}],"author":[{"embeddable":true,"href":"https:\/\/luxmanlight.com\/es\/wp-json\/wp\/v2\/users\/8"}],"replies":[{"embeddable":true,"href":"https:\/\/luxmanlight.com\/es\/wp-json\/wp\/v2\/comments?post=1201"}],"version-history":[{"count":28,"href":"https:\/\/luxmanlight.com\/es\/wp-json\/wp\/v2\/pages\/1201\/revisions"}],"predecessor-version":[{"id":69863,"href":"https:\/\/luxmanlight.com\/es\/wp-json\/wp\/v2\/pages\/1201\/revisions\/69863"}],"wp:featuredmedia":[{"embeddable":true,"href":"https:\/\/luxmanlight.com\/es\/wp-json\/wp\/v2\/media\/994"}],"wp:attachment":[{"href":"https:\/\/luxmanlight.com\/es\/wp-json\/wp\/v2\/media?parent=1201"}],"curies":[{"name":"wp","href":"https:\/\/api.w.org\/{rel}","templated":true}]}}