{"id":4056,"date":"2019-10-21T06:00:42","date_gmt":"2019-10-21T06:00:42","guid":{"rendered":"https:\/\/luxmanlight.com\/?page_id=4056"},"modified":"2026-02-03T08:12:02","modified_gmt":"2026-02-03T08:12:02","slug":"solar-sicherheitslicht","status":"publish","type":"page","link":"https:\/\/luxmanlight.com\/de\/solar-security-light\/","title":{"rendered":"Solar-Sicherheitsleuchte"},"content":{"rendered":"<div data-elementor-type=\"wp-page\" data-elementor-id=\"4056\" class=\"elementor elementor-4056\" data-elementor-post-type=\"page\">\n\t\t\t\t<div class=\"elementor-element elementor-element-7d1f1a9 e-flex e-con-boxed e-con e-parent\" data-id=\"7d1f1a9\" data-element_type=\"container\" data-e-type=\"container\" data-settings=\"{&quot;background_background&quot;:&quot;classic&quot;}\">\n\t\t\t\t\t<div class=\"e-con-inner\">\n\t\t\t\t<div class=\"elementor-element elementor-element-1425226 elementor-widget elementor-widget-heading\" data-id=\"1425226\" data-element_type=\"widget\" data-e-type=\"widget\" data-widget_type=\"heading.default\">\n\t\t\t\t\t<h1 class=\"elementor-heading-title elementor-size-default\">Beste Solar-Sicherheitsleuchten<\/h1>\t\t\t\t<\/div>\n\t\t\t\t\t<\/div>\n\t\t\t\t<\/div>\n\t\t<div class=\"elementor-element elementor-element-4fcdc00 e-flex e-con-boxed e-con e-parent\" data-id=\"4fcdc00\" data-element_type=\"container\" data-e-type=\"container\" data-settings=\"{&quot;background_background&quot;:&quot;classic&quot;}\">\n\t\t\t\t\t<div class=\"e-con-inner\">\n\t\t\t\t<div class=\"elementor-element elementor-element-77204bd elementor-widget elementor-widget-spacer\" data-id=\"77204bd\" data-element_type=\"widget\" data-e-type=\"widget\" data-widget_type=\"spacer.default\">\n\t\t\t\t\t\t\t<div class=\"elementor-spacer\">\n\t\t\t<div class=\"elementor-spacer-inner\"><\/div>\n\t\t<\/div>\n\t\t\t\t\t\t<\/div>\n\t\t\t\t<div class=\"elementor-element elementor-element-cf5a245 elementor-widget elementor-widget-heading\" data-id=\"cf5a245\" data-element_type=\"widget\" data-e-type=\"widget\" data-widget_type=\"heading.default\">\n\t\t\t\t\t<h2 class=\"elementor-heading-title elementor-size-default\">Solarbetriebene Sicherheitsleuchten<\/h2>\t\t\t\t<\/div>\n\t\t\t\t<div class=\"elementor-element elementor-element-5c8ab9f elementor-widget-divider--view-line elementor-widget elementor-widget-divider\" data-id=\"5c8ab9f\" data-element_type=\"widget\" data-e-type=\"widget\" data-widget_type=\"divider.default\">\n\t\t\t\t\t\t\t<div class=\"elementor-divider\">\n\t\t\t<span class=\"elementor-divider-separator\">\n\t\t\t\t\t\t<\/span>\n\t\t<\/div>\n\t\t\t\t\t\t<\/div>\n\t\t\t\t<div class=\"elementor-element elementor-element-1363cd0 elementor-widget elementor-widget-text-editor\" data-id=\"1363cd0\" data-element_type=\"widget\" data-e-type=\"widget\" data-widget_type=\"text-editor.default\">\n\t\t\t\t\t\t\t\t\t<p>Das Luxman Solar Security Light mit CCTV-Kamera bietet nicht nur 24 Stunden \u00dcberwachung und Sicherheit, sondern auch 12 Stunden Solarbeleuchtung. Es wird mit einer Fernbedienung geliefert, mit der Sie zwischen den voreingestellten PIR-, Timer- oder PIR+Timer-Optionen oder einer anderen vom Benutzer registrierten Konfiguration w\u00e4hlen k\u00f6nnen. Benutzer k\u00f6nnen es \u00fcber eine mobile App oder einen PC verwalten und \u00fcberwachen.<\/p><p><strong>Luxman Solar Sicherheitslicht Produktansicht:<\/strong><\/p>\t\t\t\t\t\t\t\t<\/div>\n\t\t<div class=\"elementor-element elementor-element-4a69489 e-grid e-con-full e-con e-child\" data-id=\"4a69489\" data-element_type=\"container\" data-e-type=\"container\">\n\t\t\t\t<div class=\"elementor-element elementor-element-354391e elementor-widget elementor-widget-image\" data-id=\"354391e\" data-element_type=\"widget\" data-e-type=\"widget\" data-widget_type=\"image.default\">\n\t\t\t\t\t\t\t\t\t\t\t\t<figure class=\"wp-caption\">\n\t\t\t\t\t\t\t\t\t\t\t<a href=\"https:\/\/luxmanlight.com\/de\/produktposition\/solarbetriebene-sicherheitsleuchten\/\">\n\t\t\t\t\t\t\t<img decoding=\"async\" src=\"https:\/\/luxmanlight.com\/wp-content\/uploads\/2019\/10\/solar-security-light.jpg.webp\" title=\"\" alt=\"solar-security-light.jpg.webp\" loading=\"lazy\" \/>\t\t\t\t\t\t\t\t<\/a>\n\t\t\t\t\t\t\t\t\t\t\t<figcaption class=\"widget-image-caption wp-caption-text\">S3C Solar-Sicherheitsleuchte<\/figcaption>\n\t\t\t\t\t\t\t\t\t\t<\/figure>\n\t\t\t\t\t\t\t\t\t<\/div>\n\t\t\t\t<div class=\"elementor-element elementor-element-cb1ee3b elementor-widget elementor-widget-image\" data-id=\"cb1ee3b\" data-element_type=\"widget\" data-e-type=\"widget\" data-widget_type=\"image.default\">\n\t\t\t\t\t\t\t\t\t\t\t\t<figure class=\"wp-caption\">\n\t\t\t\t\t\t\t\t\t\t\t<a href=\"https:\/\/luxmanlight.com\/de\/produktposition\/solarbetriebene-sicherheitsleuchten\/\">\n\t\t\t\t\t\t\t<img fetchpriority=\"high\" decoding=\"async\" width=\"437\" height=\"437\" src=\"https:\/\/luxmanlight.com\/wp-content\/uploads\/2019\/10\/solar-parking-lot-lights.jpg\" class=\"attachment-large size-large wp-image-4054\" alt=\"Solar-Parkplatzbeleuchtung\" srcset=\"https:\/\/luxmanlight.com\/wp-content\/uploads\/2019\/10\/solar-parking-lot-lights.jpg.webp 437w, https:\/\/luxmanlight.com\/wp-content\/uploads\/2019\/10\/solar-parking-lot-lights-80x80.jpg.webp 80w, https:\/\/luxmanlight.com\/wp-content\/uploads\/2019\/10\/solar-parking-lot-lights-300x300.jpg.webp 300w, https:\/\/luxmanlight.com\/wp-content\/uploads\/2019\/10\/solar-parking-lot-lights-36x36.jpg.webp 36w, https:\/\/luxmanlight.com\/wp-content\/uploads\/2019\/10\/solar-parking-lot-lights-180x180.jpg.webp 180w, https:\/\/luxmanlight.com\/wp-content\/uploads\/2019\/10\/solar-parking-lot-lights-120x120.jpg.webp 120w\" sizes=\"(max-width: 437px) 100vw, 437px\" \/>\t\t\t\t\t\t\t\t<\/a>\n\t\t\t\t\t\t\t\t\t\t\t<figcaption class=\"widget-image-caption wp-caption-text\">S3C \u2013 Vorderansicht<\/figcaption>\n\t\t\t\t\t\t\t\t\t\t<\/figure>\n\t\t\t\t\t\t\t\t\t<\/div>\n\t\t\t\t<div class=\"elementor-element elementor-element-69d913c elementor-widget elementor-widget-image\" data-id=\"69d913c\" data-element_type=\"widget\" data-e-type=\"widget\" data-widget_type=\"image.default\">\n\t\t\t\t\t\t\t\t\t\t\t\t<figure class=\"wp-caption\">\n\t\t\t\t\t\t\t\t\t\t\t<a href=\"https:\/\/luxmanlight.com\/de\/produktposition\/solar-strasenlaterne-mit-cctv-kamera\/\">\n\t\t\t\t\t\t\t<img decoding=\"async\" src=\"https:\/\/luxmanlight.com\/wp-content\/uploads\/2019\/10\/security-light-with-camera.jpg.webp\" title=\"\" alt=\"security-light-with-camera.jpg.webp\" loading=\"lazy\" \/>\t\t\t\t\t\t\t\t<\/a>\n\t\t\t\t\t\t\t\t\t\t\t<figcaption class=\"widget-image-caption wp-caption-text\">S3C Solar-Sicherheitsleuchte<\/figcaption>\n\t\t\t\t\t\t\t\t\t\t<\/figure>\n\t\t\t\t\t\t\t\t\t<\/div>\n\t\t\t\t<\/div>\n\t\t\t\t<div class=\"elementor-element elementor-element-a84ddc8 elementor-widget elementor-widget-text-editor\" data-id=\"a84ddc8\" data-element_type=\"widget\" data-e-type=\"widget\" data-widget_type=\"text-editor.default\">\n\t\t\t\t\t\t\t\t\t<p>Das eigenst\u00e4ndige WLAN-Sicherheitslicht f\u00fcr den Au\u00dfenbereich mit PIR-Bewegungssensor ist ein perfektes drahtloses Sicherheits\u00fcberwachungssystem f\u00fcr abgelegene, schwer erreichbare oder vom Stromnetz unabh\u00e4ngige Gebiete. Solarbetriebene Sicherheitsleuchten mit Bewegungssensor k\u00f6nnen h\u00e4ufig in Parks, H\u00f6fen, Schulen und anderen Orten eingesetzt werden, um eine sichere \u00dcberwachung und Beleuchtung der Umgebung zu gew\u00e4hrleisten.<\/p>\t\t\t\t\t\t\t\t<\/div>\n\t\t\t\t\t<\/div>\n\t\t\t\t<\/div>\n\t\t<div class=\"elementor-element elementor-element-ff8c6a3 e-flex e-con-boxed e-con e-parent\" data-id=\"ff8c6a3\" data-element_type=\"container\" data-e-type=\"container\">\n\t\t\t\t\t<div class=\"e-con-inner\">\n\t\t\t\t<div class=\"elementor-element elementor-element-2813123 elementor-widget elementor-widget-spacer\" data-id=\"2813123\" data-element_type=\"widget\" data-e-type=\"widget\" data-widget_type=\"spacer.default\">\n\t\t\t\t\t\t\t<div class=\"elementor-spacer\">\n\t\t\t<div class=\"elementor-spacer-inner\"><\/div>\n\t\t<\/div>\n\t\t\t\t\t\t<\/div>\n\t\t\t\t<div class=\"elementor-element elementor-element-11e5854 elementor-widget elementor-widget-heading\" data-id=\"11e5854\" data-element_type=\"widget\" data-e-type=\"widget\" data-widget_type=\"heading.default\">\n\t\t\t\t\t<h2 class=\"elementor-heading-title elementor-size-default\">Vorteile<\/h2>\t\t\t\t<\/div>\n\t\t\t\t<div class=\"elementor-element elementor-element-a746164 elementor-widget elementor-widget-text-editor\" data-id=\"a746164\" data-element_type=\"widget\" data-e-type=\"widget\" data-widget_type=\"text-editor.default\">\n\t\t\t\t\t\t\t\t\t<ul><li>\u00dcberall installieren<\/li><li>Keine Stromverkabelung<\/li><li>Keine Stromrechnung<\/li><li>Wartungsfrei<\/li><li>Intelligente Steuerung<\/li><\/ul>\t\t\t\t\t\t\t\t<\/div>\n\t\t\t\t<div class=\"elementor-element elementor-element-4841bc3 elementor-widget elementor-widget-heading\" data-id=\"4841bc3\" data-element_type=\"widget\" data-e-type=\"widget\" data-widget_type=\"heading.default\">\n\t\t\t\t\t<h2 class=\"elementor-heading-title elementor-size-default\">LED Solar Sicherheitsleuchte<\/h2>\t\t\t\t<\/div>\n\t\t\t\t<div class=\"elementor-element elementor-element-37e3098 elementor-widget elementor-widget-text-editor\" data-id=\"37e3098\" data-element_type=\"widget\" data-e-type=\"widget\" data-widget_type=\"text-editor.default\">\n\t\t\t\t\t\t\t\t\t<p>Das eigenst\u00e4ndige Design erm\u00f6glicht den Einsatz von Bewegungssensorleuchten mit Kamera an abgelegenen Orten, beispielsweise in Gebieten ohne Zugang zur Stromnetzinfrastruktur. Die meisten Standorte von Telekommunikationst\u00fcrmen in Afrika befinden sich entweder in netzfernen Gebieten oder in problematischen Netzgebieten mit unzuverl\u00e4ssiger Stromversorgung. Das Solarstromsystem nutzt Stra\u00dfenlaternen vor Ort und \u00fcberwacht die Standorte per Video\u00fcberwachung, um Dunkelheit und Diebstahl zu vermeiden. Dies ist eine typische Anwendung einer solarbetriebenen WLAN-Sicherheitskamera. Dar\u00fcber hinaus k\u00f6nnen die batteriebetriebenen drahtlosen Au\u00dfensicherheitsleuchten zur \u00dcberwachung hydrologischer Anlagen wie Industriebetrieben verwendet werden. Sie k\u00f6nnen auch f\u00fcr Hausg\u00e4rten, Pl\u00e4tze, Parks usw. verwendet werden.<\/p>\t\t\t\t\t\t\t\t<\/div>\n\t\t<div class=\"elementor-element elementor-element-331f380 e-grid e-con-full e-con e-child\" data-id=\"331f380\" data-element_type=\"container\" data-e-type=\"container\">\n\t\t\t\t<div class=\"elementor-element elementor-element-573e431 elementor-widget elementor-widget-image\" data-id=\"573e431\" data-element_type=\"widget\" data-e-type=\"widget\" data-widget_type=\"image.default\">\n\t\t\t\t\t\t\t\t\t\t\t\t\t\t\t<img decoding=\"async\" width=\"437\" height=\"437\" src=\"https:\/\/luxmanlight.com\/wp-content\/uploads\/2019\/05\/luxman-solar-car-parking-light.jpg\" class=\"attachment-large size-large wp-image-2795\" alt=\"luxman-solar-car-parking-light.jpg.webp\" srcset=\"https:\/\/luxmanlight.com\/wp-content\/uploads\/2019\/05\/luxman-solar-car-parking-light.jpg.webp 437w, https:\/\/luxmanlight.com\/wp-content\/uploads\/2019\/05\/luxman-solar-car-parking-light-80x80.jpg.webp 80w, https:\/\/luxmanlight.com\/wp-content\/uploads\/2019\/05\/luxman-solar-car-parking-light-300x300.jpg.webp 300w, https:\/\/luxmanlight.com\/wp-content\/uploads\/2019\/05\/luxman-solar-car-parking-light-36x36.jpg.webp 36w, https:\/\/luxmanlight.com\/wp-content\/uploads\/2019\/05\/luxman-solar-car-parking-light-180x180.jpg.webp 180w, https:\/\/luxmanlight.com\/wp-content\/uploads\/2019\/05\/luxman-solar-car-parking-light-120x120.jpg.webp 120w\" sizes=\"(max-width: 437px) 100vw, 437px\" \/>\t\t\t\t\t\t\t\t\t\t\t\t\t\t\t<\/div>\n\t\t\t\t<div class=\"elementor-element elementor-element-25de9d5 elementor-widget elementor-widget-image\" data-id=\"25de9d5\" data-element_type=\"widget\" data-e-type=\"widget\" data-widget_type=\"image.default\">\n\t\t\t\t\t\t\t\t\t\t\t\t\t\t\t<img decoding=\"async\" src=\"https:\/\/luxmanlight.com\/wp-content\/uploads\/2019\/03\/Luxman-light-inner-page-design-Campus-Solar-Lighting3.jpg\" title=\"\" alt=\"Luxman-Licht-Innenseitendesign\" loading=\"lazy\" \/>\t\t\t\t\t\t\t\t\t\t\t\t\t\t\t<\/div>\n\t\t\t\t<div class=\"elementor-element elementor-element-89f1c37 elementor-widget elementor-widget-image\" data-id=\"89f1c37\" data-element_type=\"widget\" data-e-type=\"widget\" data-widget_type=\"image.default\">\n\t\t\t\t\t\t\t\t\t\t\t\t\t\t\t<img decoding=\"async\" src=\"https:\/\/luxmanlight.com\/wp-content\/uploads\/2019\/05\/car-parking-solar-light.jpg.webp\" title=\"\" alt=\"Luxman-light-inneres-seiten-design-Campus-Solar-Lighting1\" loading=\"lazy\" \/>\t\t\t\t\t\t\t\t\t\t\t\t\t\t\t<\/div>\n\t\t\t\t<\/div>\n\t\t\t\t\t<\/div>\n\t\t\t\t<\/div>\n\t\t<div class=\"elementor-element elementor-element-defb01a e-flex e-con-boxed e-con e-parent\" data-id=\"defb01a\" data-element_type=\"container\" data-e-type=\"container\" data-settings=\"{&quot;background_background&quot;:&quot;classic&quot;}\">\n\t\t\t\t\t<div class=\"e-con-inner\">\n\t\t\t\t<div class=\"elementor-element elementor-element-00f18a7 elementor-widget elementor-widget-spacer\" data-id=\"00f18a7\" data-element_type=\"widget\" data-e-type=\"widget\" data-widget_type=\"spacer.default\">\n\t\t\t\t\t\t\t<div class=\"elementor-spacer\">\n\t\t\t<div class=\"elementor-spacer-inner\"><\/div>\n\t\t<\/div>\n\t\t\t\t\t\t<\/div>\n\t\t\t\t<div class=\"elementor-element elementor-element-caf9229 elementor-widget elementor-widget-heading\" data-id=\"caf9229\" data-element_type=\"widget\" data-e-type=\"widget\" data-widget_type=\"heading.default\">\n\t\t\t\t\t<h2 class=\"elementor-heading-title elementor-size-default\">Unsere L\u00f6sung<\/h2>\t\t\t\t<\/div>\n\t\t\t\t<div class=\"elementor-element elementor-element-980dbba elementor-widget-divider--view-line elementor-widget elementor-widget-divider\" data-id=\"980dbba\" data-element_type=\"widget\" data-e-type=\"widget\" data-widget_type=\"divider.default\">\n\t\t\t\t\t\t\t<div class=\"elementor-divider\">\n\t\t\t<span class=\"elementor-divider-separator\">\n\t\t\t\t\t\t<\/span>\n\t\t<\/div>\n\t\t\t\t\t\t<\/div>\n\t\t\t\t<div class=\"elementor-element elementor-element-a6c8f6c elementor-widget elementor-widget-text-editor\" data-id=\"a6c8f6c\" data-element_type=\"widget\" data-e-type=\"widget\" data-widget_type=\"text-editor.default\">\n\t\t\t\t\t\t\t\t\t<p>Projekte f\u00fcr Solarleuchten im Au\u00dfenbereich erfordern sehr hohe klimatische Bedingungen im Anwendungsbereich, wie beispielsweise Sonnenscheindauer, Regentage, L\u00e4ngen- und Breitengrad usw. Um eine effektive Solarbeleuchtungsl\u00f6sung bereitzustellen, entwickelt LUXMAN eine einzigartige, ma\u00dfgeschneiderte Solarbeleuchtungsl\u00f6sung entsprechend den von den Kunden angegebenen Anwendungsbedingungen.<\/p><p><strong><a href=\"https:\/\/luxmanlight.com\/de\/anwendungen-fur-solar-strasenlaternen\/\">Holen Sie sich die L\u00f6sung &gt;&gt;<\/a><\/strong><\/p>\t\t\t\t\t\t\t\t<\/div>\n\t\t\t\t\t<\/div>\n\t\t\t\t<\/div>\n\t\t<div class=\"elementor-element elementor-element-972cc6c e-flex e-con-boxed e-con e-parent\" data-id=\"972cc6c\" data-element_type=\"container\" data-e-type=\"container\" data-settings=\"{&quot;background_background&quot;:&quot;classic&quot;}\">\n\t\t\t\t\t<div class=\"e-con-inner\">\n\t\t\t\t<div class=\"elementor-element elementor-element-8a656aa elementor-widget elementor-widget-heading\" data-id=\"8a656aa\" data-element_type=\"widget\" data-e-type=\"widget\" data-widget_type=\"heading.default\">\n\t\t\t\t\t<h3 class=\"elementor-heading-title elementor-size-default\">Wir freuen uns auf einen interessanten Gesch\u00e4ftsdialog mit Ihnen!<\/h3>\t\t\t\t<\/div>\n\t\t\t\t<div class=\"elementor-element elementor-element-a7b332a elementor-widget elementor-widget-text-editor\" data-id=\"a7b332a\" data-element_type=\"widget\" data-e-type=\"widget\" data-widget_type=\"text-editor.default\">\n\t\t\t\t\t\t\t\t\t<p>\n<div class=\"wpcf7 no-js\" id=\"wpcf7-f1997-o1\" lang=\"en-US\" dir=\"ltr\" data-wpcf7-id=\"1997\">\n<div class=\"screen-reader-response\"><p role=\"status\" aria-live=\"polite\" aria-atomic=\"true\"><\/p> <ul><\/ul><\/div>\n<form action=\"\/de\/wp-json\/wp\/v2\/pages\/4056#wpcf7-f1997-o1\" method=\"post\" class=\"wpcf7-form init\" aria-label=\"Kontaktformular\" novalidate=\"novalidate\" data-status=\"init\" data-trp-original-action=\"\/de\/wp-json\/wp\/v2\/pages\/4056#wpcf7-f1997-o1\">\n<fieldset class=\"hidden-fields-container\"><input type=\"hidden\" name=\"_wpcf7\" value=\"1997\" \/><input type=\"hidden\" name=\"_wpcf7_version\" value=\"6.1.4\" \/><input type=\"hidden\" name=\"_wpcf7_locale\" value=\"en_US\" \/><input type=\"hidden\" name=\"_wpcf7_unit_tag\" value=\"wpcf7-f1997-o1\" \/><input type=\"hidden\" name=\"_wpcf7_container_post\" value=\"0\" \/><input type=\"hidden\" name=\"_wpcf7_posted_data_hash\" value=\"\" \/><input type=\"hidden\" name=\"_wpcf7_recaptcha_response\" value=\"\" \/>\n<\/fieldset>\n<div class=\"onecolumn\">\n\t<div class=\"input_item\">\n\t\t<p><span class=\"wpcf7-form-control-wrap\" data-name=\"your-name\"><input size=\"40\" maxlength=\"400\" class=\"wpcf7-form-control wpcf7-text wpcf7-validates-as-required\" aria-required=\"true\" aria-invalid=\"false\" placeholder=\"Name*\" value=\"\" type=\"text\" name=\"your-name\" \/><\/span>\n\t\t<\/p>\n\t<\/div>\n\t<div class=\"input_item\">\n\t\t<p><span class=\"wpcf7-form-control-wrap\" data-name=\"your-email\"><input size=\"40\" maxlength=\"400\" class=\"wpcf7-form-control wpcf7-email wpcf7-validates-as-required wpcf7-text wpcf7-validates-as-email\" aria-required=\"true\" aria-invalid=\"false\" placeholder=\"E-Mail*\" value=\"\" type=\"email\" name=\"your-email\" \/><\/span>\n\t\t<\/p>\n\t<\/div>\n\t<div class=\"input_item\">\n\t\t<p><span class=\"wpcf7-form-control-wrap\" data-name=\"your-telephone\"><input size=\"40\" maxlength=\"400\" class=\"wpcf7-form-control wpcf7-tel wpcf7-validates-as-required wpcf7-text wpcf7-validates-as-tel\" aria-required=\"true\" aria-invalid=\"false\" placeholder=\"Telefon*\" value=\"\" type=\"tel\" name=\"your-telephone\" \/><\/span>\n\t\t<\/p>\n\t<\/div>\n\t<div class=\"input_item\">\n\t\t<p><span class=\"wpcf7-form-control-wrap\" data-name=\"your-message\"><textarea cols=\"40\" rows=\"10\" maxlength=\"2000\" class=\"wpcf7-form-control wpcf7-textarea\" aria-invalid=\"false\" placeholder=\"Nachricht*\" name=\"your-message\"><\/textarea><\/span>\n\t\t<\/p>\n\t<\/div>\n<\/div>\n<p><input class=\"wpcf7-form-control wpcf7-submit has-spinner\" type=\"submit\" value=\"Einreichen\" \/>\n<\/p>\n<p><script>\ndocument.addEventListener( 'wpcf7mailsent', function( event ) {\n location = '\/thank-you\/';\n}, false );\n<\/script>\n<\/p><div class=\"wpcf7-response-output\" aria-hidden=\"true\"><\/div>\n<input type=\"hidden\" name=\"trp-form-language\" value=\"de\"\/><\/form>\n<\/div>\n<\/p>\t\t\t\t\t\t\t\t<\/div>\n\t\t\t\t\t<\/div>\n\t\t\t\t<\/div>\n\t\t\t\t<\/div>","protected":false},"excerpt":{"rendered":"<p>Best Solar Security Lights Solar Powered Security Lights Luxman Solar Security Light with CCTV camera not only can provide 24hours [&hellip;]<\/p>\n","protected":false},"author":8,"featured_media":4292,"parent":0,"menu_order":0,"comment_status":"closed","ping_status":"closed","template":"elementor_header_footer","meta":{"site-sidebar-layout":"default","site-content-layout":"","ast-site-content-layout":"full-width-container","site-content-style":"default","site-sidebar-style":"default","ast-global-header-display":"","ast-banner-title-visibility":"","ast-main-header-display":"","ast-hfb-above-header-display":"","ast-hfb-below-header-display":"","ast-hfb-mobile-header-display":"","site-post-title":"","ast-breadcrumbs-content":"","ast-featured-img":"","footer-sml-layout":"","ast-disable-related-posts":"","theme-transparent-header-meta":"","adv-header-id-meta":"","stick-header-meta":"","header-above-stick-meta":"","header-main-stick-meta":"","header-below-stick-meta":"","astra-migrate-meta-layouts":"default","ast-page-background-enabled":"default","ast-page-background-meta":{"desktop":{"background-color":"var(--ast-global-color-5)","background-image":"","background-repeat":"repeat","background-position":"center center","background-size":"auto","background-attachment":"scroll","background-type":"","background-media":"","overlay-type":"","overlay-color":"","overlay-opacity":"","overlay-gradient":""},"tablet":{"background-color":"","background-image":"","background-repeat":"repeat","background-position":"center center","background-size":"auto","background-attachment":"scroll","background-type":"","background-media":"","overlay-type":"","overlay-color":"","overlay-opacity":"","overlay-gradient":""},"mobile":{"background-color":"","background-image":"","background-repeat":"repeat","background-position":"center center","background-size":"auto","background-attachment":"scroll","background-type":"","background-media":"","overlay-type":"","overlay-color":"","overlay-opacity":"","overlay-gradient":""}},"ast-content-background-meta":{"desktop":{"background-color":"var(--ast-global-color-4)","background-image":"","background-repeat":"repeat","background-position":"center center","background-size":"auto","background-attachment":"scroll","background-type":"","background-media":"","overlay-type":"","overlay-color":"","overlay-opacity":"","overlay-gradient":""},"tablet":{"background-color":"var(--ast-global-color-4)","background-image":"","background-repeat":"repeat","background-position":"center center","background-size":"auto","background-attachment":"scroll","background-type":"","background-media":"","overlay-type":"","overlay-color":"","overlay-opacity":"","overlay-gradient":""},"mobile":{"background-color":"var(--ast-global-color-4)","background-image":"","background-repeat":"repeat","background-position":"center center","background-size":"auto","background-attachment":"scroll","background-type":"","background-media":"","overlay-type":"","overlay-color":"","overlay-opacity":"","overlay-gradient":""}},"footnotes":""},"class_list":["post-4056","page","type-page","status-publish","has-post-thumbnail","hentry"],"_links":{"self":[{"href":"https:\/\/luxmanlight.com\/de\/wp-json\/wp\/v2\/pages\/4056","targetHints":{"allow":["GET"]}}],"collection":[{"href":"https:\/\/luxmanlight.com\/de\/wp-json\/wp\/v2\/pages"}],"about":[{"href":"https:\/\/luxmanlight.com\/de\/wp-json\/wp\/v2\/types\/page"}],"author":[{"embeddable":true,"href":"https:\/\/luxmanlight.com\/de\/wp-json\/wp\/v2\/users\/8"}],"replies":[{"embeddable":true,"href":"https:\/\/luxmanlight.com\/de\/wp-json\/wp\/v2\/comments?post=4056"}],"version-history":[{"count":10,"href":"https:\/\/luxmanlight.com\/de\/wp-json\/wp\/v2\/pages\/4056\/revisions"}],"predecessor-version":[{"id":70425,"href":"https:\/\/luxmanlight.com\/de\/wp-json\/wp\/v2\/pages\/4056\/revisions\/70425"}],"wp:featuredmedia":[{"embeddable":true,"href":"https:\/\/luxmanlight.com\/de\/wp-json\/wp\/v2\/media\/4292"}],"wp:attachment":[{"href":"https:\/\/luxmanlight.com\/de\/wp-json\/wp\/v2\/media?parent=4056"}],"curies":[{"name":"wp","href":"https:\/\/api.w.org\/{rel}","templated":true}]}}