{"id":1815,"date":"2019-04-04T06:55:11","date_gmt":"2019-04-04T06:55:11","guid":{"rendered":"https:\/\/luxmanlight.com\/?page_id=1815"},"modified":"2026-01-12T12:24:25","modified_gmt":"2026-01-12T12:24:25","slug":"uber-die-luxman-solar-strasenlaternenfabrik","status":"publish","type":"page","link":"https:\/\/luxmanlight.com\/de\/about-luxman-solar-street-light-factory\/","title":{"rendered":"\u00dcber LUXMAN GROUP"},"content":{"rendered":"<div data-elementor-type=\"wp-page\" data-elementor-id=\"1815\" class=\"elementor elementor-1815\" data-elementor-post-type=\"page\">\n\t\t\t\t<div class=\"elementor-element elementor-element-040ab15 e-flex e-con-boxed e-con e-parent\" data-id=\"040ab15\" data-element_type=\"container\" data-e-type=\"container\" data-settings=\"{&quot;background_background&quot;:&quot;classic&quot;}\">\n\t\t\t\t\t<div class=\"e-con-inner\">\n\t\t\t\t<div class=\"elementor-element elementor-element-2e4cd6f elementor-widget elementor-widget-heading\" data-id=\"2e4cd6f\" data-element_type=\"widget\" data-e-type=\"widget\" data-widget_type=\"heading.default\">\n\t\t\t\t\t<h2 class=\"elementor-heading-title elementor-size-default\">Das Geheimnis liegt im Subtilen<\/h2>\t\t\t\t<\/div>\n\t\t\t\t<div class=\"elementor-element elementor-element-ba2c5b6 elementor-widget elementor-widget-text-editor\" data-id=\"ba2c5b6\" data-element_type=\"widget\" data-e-type=\"widget\" data-widget_type=\"text-editor.default\">\n\t\t\t\t\t\t\t\t\t<p>In jedem Prozess wird eine Qualit\u00e4tskontrolle durchgef\u00fchrt, um sicherzustellen, dass die Kunden fehlerfreie Produkte erhalten, die ihren Anforderungen entsprechen.<\/p>\t\t\t\t\t\t\t\t<\/div>\n\t\t\t\t\t<\/div>\n\t\t\t\t<\/div>\n\t\t<div class=\"elementor-element elementor-element-d609314 e-flex e-con-boxed e-con e-parent\" data-id=\"d609314\" data-element_type=\"container\" data-e-type=\"container\">\n\t\t\t\t\t<div class=\"e-con-inner\">\n\t\t\t\t<div class=\"elementor-element elementor-element-be7393a elementor-widget elementor-widget-heading\" data-id=\"be7393a\" data-element_type=\"widget\" data-e-type=\"widget\" data-widget_type=\"heading.default\">\n\t\t\t\t\t<h3 class=\"elementor-heading-title elementor-size-default\">\u00dcber die Luxman Group<\/h3>\t\t\t\t<\/div>\n\t\t\t\t<div class=\"elementor-element elementor-element-c0614ee elementor-widget-divider--view-line elementor-widget elementor-widget-divider\" data-id=\"c0614ee\" data-element_type=\"widget\" data-e-type=\"widget\" data-widget_type=\"divider.default\">\n\t\t\t\t\t\t\t<div class=\"elementor-divider\">\n\t\t\t<span class=\"elementor-divider-separator\">\n\t\t\t\t\t\t<\/span>\n\t\t<\/div>\n\t\t\t\t\t\t<\/div>\n\t\t\t\t<div class=\"elementor-element elementor-element-fad1194 elementor-widget elementor-widget-heading\" data-id=\"fad1194\" data-element_type=\"widget\" data-e-type=\"widget\" data-widget_type=\"heading.default\">\n\t\t\t\t\t<h1 class=\"elementor-heading-title elementor-size-default\">Wir haben uns zum Ziel gesetzt, die weltweit professionellste Fabrik f\u00fcr Solarstra\u00dfenbeleuchtung zu werden.<\/h1>\t\t\t\t<\/div>\n\t\t\t\t<div class=\"elementor-element elementor-element-f43b0e9 elementor-widget elementor-widget-text-editor\" data-id=\"f43b0e9\" data-element_type=\"widget\" data-e-type=\"widget\" data-widget_type=\"text-editor.default\">\n\t\t\t\t\t\t\t\t\t<p><a href=\"https:\/\/luxmanlight.com\/de\/\">Shenzhen Luxman Light Co., Ltd<\/a>LUXMAN, gegr\u00fcndet 2010, konzentriert sich auf die Forschung und Entwicklung von Produkten f\u00fcr gr\u00fcne Energie, die Produktion von Solarleuchten f\u00fcr den Au\u00dfenbereich und den Vertrieb von CO\u2082-armen Energieprodukten f\u00fcr den Au\u00dfenbereich. Die LUXMAN-Solarstra\u00dfenleuchtenfabrik verf\u00fcgt \u00fcber eine standardisierte Produktionslinie f\u00fcr Solarstra\u00dfenleuchten, priorisiert den Import und Export und kann auf ein erfahrenes Team in den Bereichen Management, Entwicklung, Fertigung und Marketing zur\u00fcckgreifen. LUXMAN hat sich zum Ziel gesetzt, Kunden weltweit sichere, mobile, effiziente und nachhaltige Produkte f\u00fcr gr\u00fcne Energie anzubieten. Das Unternehmen implementiert ein umfassendes und wissenschaftliches Qualit\u00e4tsmanagementsystem und ist nach ISO 9001 (Qualit\u00e4tsmanagement) und ISO 14001 (Umweltschutz) zertifiziert. Die Produkte werden in zahlreiche L\u00e4nder weltweit exportiert und genie\u00dfen einen hervorragenden Ruf. Luxman-Solarstra\u00dfenleuchten sind bereits in China, Europa, Australien, S\u00fcdamerika, S\u00fcdostasien und dem Nahen Osten im Einsatz. Die gleichbleibende Produktqualit\u00e4t sowie der pr\u00e4zise und schnelle Service haben LUXMAN im In- und Ausland einhelliges Lob eingebracht.<\/p><p>Wir arbeiten mit Unternehmen zusammen, um ma\u00dfgeschneiderte, innovative Energie- und Nachhaltigkeitsl\u00f6sungen zu entwickeln, die auf unserer langj\u00e4hrigen Erfahrung als Marktf\u00fchrer basieren. Und wir arbeiten unerm\u00fcdlich daran, einem sich st\u00e4ndig weiterentwickelnden Energieumfeld mit steigenden Anforderungen immer einen Schritt voraus zu sein.<\/p><h2><span style=\"color: #ff6600;\"><strong><b>Was macht Luxman anders?<\/b><\/strong><\/span><\/h2><p>Bei Luxman Light stehen Kunden und Qualit\u00e4t an erster Stelle. Das Team verf\u00fcgt \u00fcber einen gro\u00dfen Erfahrungsschatz und jahrzehntelange praktische Kenntnisse im Bereich Beleuchtung und neue Energien.<\/p><p>Als weltweit f\u00fchrender Anbieter von Photovoltaikbeleuchtung arbeitet Luxman mit Unternehmen zusammen, um ma\u00dfgeschneiderte, innovative Energie- und Nachhaltigkeitsl\u00f6sungen zu entwickeln, die auf langj\u00e4hriger Erfahrung auf dem neuesten Stand der Photovoltaik basieren.<\/p><h2><span style=\"color: #ff6600;\"><strong><b>Ein Produkt von h\u00f6chster Qualit\u00e4t<\/b><\/strong><\/span><\/h2><p>Optimierung und Verbesserung sind Kernpunkte des Gesch\u00e4fts von Luxman. Das Testzentrum von Luxman ist mit den modernsten Ger\u00e4ten ausgestattet, sodass das Team alle Produkte gr\u00fcndlich testen kann, bevor sie auf den Markt gebracht werden.<\/p><p>Die Qualit\u00e4t der Produkte wird mithilfe von Multimetern und anderen elektrischen Pr\u00fcfger\u00e4ten, Wasserdichtigkeitspr\u00fcfger\u00e4ten, Hoch- und Tieftemperaturpr\u00fcfger\u00e4ten und \u00dcberwachungssystemen gepr\u00fcft, um sicherzustellen, dass die Produkte 24 Stunden am Tag, sieben Tage die Woche funktionieren.<\/p><p>Alle neuen Produkte werden auf Herz und Nieren gepr\u00fcft, einschlie\u00dflich einer \u00dcberwachungsphase der Betriebsleistung.<\/p><h2><span style=\"color: #ff6600;\"><strong><b>Reibungsloser Kundenservice und Nachbetreuung\u00a0<\/b><\/strong><\/span><\/h2><p>Die Luxman-Gruppe ist bestrebt, ihren Kunden von Anfang an bis zur Lieferung und dar\u00fcber hinaus einen beratenden und ergebnisorientierten Service zu bieten. Die Vertriebsmitarbeiter und Ingenieure bleiben w\u00e4hrend der gesamten<\/p><p>den Beschaffungsprozess, um alle Fragen zu beantworten und eventuellen Herausforderungen vorzubeugen.<\/p><p>Mit einer Reihe marktreifer Produkte und gemeinsamer L\u00f6sungen ist Luxman mittlerweile eine einzige Anlaufstelle f\u00fcr alle Anforderungen im Bereich Solarbeleuchtung.<\/p>\t\t\t\t\t\t\t\t<\/div>\n\t\t\t\t\t<\/div>\n\t\t\t\t<\/div>\n\t\t<div class=\"elementor-element elementor-element-a074bf1 e-flex e-con-boxed e-con e-parent\" data-id=\"a074bf1\" data-element_type=\"container\" data-e-type=\"container\" data-settings=\"{&quot;background_background&quot;:&quot;classic&quot;}\">\n\t\t\t\t\t<div class=\"e-con-inner\">\n\t\t<div class=\"elementor-element elementor-element-fbdc1cf e-con-full e-flex e-con e-child\" data-id=\"fbdc1cf\" data-element_type=\"container\" data-e-type=\"container\">\n\t\t\t\t<div class=\"elementor-element elementor-element-0cc5ed3 elementor-view-stacked elementor-position-inline-start elementor-shape-circle elementor-mobile-position-block-start elementor-widget elementor-widget-icon-box\" data-id=\"0cc5ed3\" data-element_type=\"widget\" data-e-type=\"widget\" data-widget_type=\"icon-box.default\">\n\t\t\t\t\t\t\t<div class=\"elementor-icon-box-wrapper\">\n\n\t\t\t\t\t\t<div class=\"elementor-icon-box-icon\">\n\t\t\t\t<span  class=\"elementor-icon\">\n\t\t\t\t<svg aria-hidden=\"true\" class=\"e-font-icon-svg e-fab-servicestack\" viewbox=\"0 0 496 512\" xmlns=\"http:\/\/www.w3.org\/2000\/svg\"><path d=\"M88 216c81.7 10.2 273.7 102.3 304 232H0c99.5-8.1 184.5-137 88-232zm32-152c32.3 35.6 47.7 83.9 46.4 133.6C249.3 231.3 373.7 321.3 400 448h96C455.3 231.9 222.8 79.5 120 64z\"><\/path><\/svg>\t\t\t\t<\/span>\n\t\t\t<\/div>\n\t\t\t\n\t\t\t\t\t\t<div class=\"elementor-icon-box-content\">\n\n\t\t\t\t\t\t\t\t\t<h3 class=\"elementor-icon-box-title\">\n\t\t\t\t\t\t<span  >\n\t\t\t\t\t\t\tEngagierter Kundenservice\t\t\t\t\t\t<\/span>\n\t\t\t\t\t<\/h3>\n\t\t\t\t\n\t\t\t\t\t\t\t\t\t<p class=\"elementor-icon-box-description\">\n\t\t\t\t\t\tUnsere qualifizierten Mitarbeiter betreuen Sie umfassend von der ersten Anfrage \u00fcber Preisangebote und Projektumsetzung bis hin zur Baustellenbetreuung und Marktanalyse. Bei Problemen mit Artikeln sorgen wir f\u00fcr einen schnellen Umtausch oder eine Reparatur. Kostenlose Lichtplanung inklusive.\t\t\t\t\t<\/p>\n\t\t\t\t\n\t\t\t<\/div>\n\t\t\t\n\t\t<\/div>\n\t\t\t\t\t\t<\/div>\n\t\t\t\t<\/div>\n\t\t<div class=\"elementor-element elementor-element-712ece5 e-con-full e-flex e-con e-child\" data-id=\"712ece5\" data-element_type=\"container\" data-e-type=\"container\">\n\t\t\t\t<div class=\"elementor-element elementor-element-414b978 elementor-view-stacked elementor-position-inline-start elementor-shape-circle elementor-mobile-position-block-start elementor-widget elementor-widget-icon-box\" data-id=\"414b978\" data-element_type=\"widget\" data-e-type=\"widget\" data-widget_type=\"icon-box.default\">\n\t\t\t\t\t\t\t<div class=\"elementor-icon-box-wrapper\">\n\n\t\t\t\t\t\t<div class=\"elementor-icon-box-icon\">\n\t\t\t\t<span  class=\"elementor-icon\">\n\t\t\t\t<svg aria-hidden=\"true\" class=\"e-font-icon-svg e-fas-fingerprint\" viewbox=\"0 0 512 512\" xmlns=\"http:\/\/www.w3.org\/2000\/svg\"><path d=\"M256.12 245.96c-13.25 0-24 10.74-24 24 1.14 72.25-8.14 141.9-27.7 211.55-2.73 9.72 2.15 30.49 23.12 30.49 10.48 0 20.11-6.92 23.09-17.52 13.53-47.91 31.04-125.41 29.48-224.52.01-13.25-10.73-24-23.99-24zm-.86-81.73C194 164.16 151.25 211.3 152.1 265.32c.75 47.94-3.75 95.91-13.37 142.55-2.69 12.98 5.67 25.69 18.64 28.36 13.05 2.67 25.67-5.66 28.36-18.64 10.34-50.09 15.17-101.58 14.37-153.02-.41-25.95 19.92-52.49 54.45-52.34 31.31.47 57.15 25.34 57.62 55.47.77 48.05-2.81 96.33-10.61 143.55-2.17 13.06 6.69 25.42 19.76 27.58 19.97 3.33 26.81-15.1 27.58-19.77 8.28-50.03 12.06-101.21 11.27-152.11-.88-55.8-47.94-101.88-104.91-102.72zm-110.69-19.78c-10.3-8.34-25.37-6.8-33.76 3.48-25.62 31.5-39.39 71.28-38.75 112 .59 37.58-2.47 75.27-9.11 112.05-2.34 13.05 6.31 25.53 19.36 27.89 20.11 3.5 27.07-14.81 27.89-19.36 7.19-39.84 10.5-80.66 9.86-121.33-.47-29.88 9.2-57.88 28-80.97 8.35-10.28 6.79-25.39-3.49-33.76zm109.47-62.33c-15.41-.41-30.87 1.44-45.78 4.97-12.89 3.06-20.87 15.98-17.83 28.89 3.06 12.89 16 20.83 28.89 17.83 11.05-2.61 22.47-3.77 34-3.69 75.43 1.13 137.73 61.5 138.88 134.58.59 37.88-1.28 76.11-5.58 113.63-1.5 13.17 7.95 25.08 21.11 26.58 16.72 1.95 25.51-11.88 26.58-21.11a929.06 929.06 0 0 0 5.89-119.85c-1.56-98.75-85.07-180.33-186.16-181.83zm252.07 121.45c-2.86-12.92-15.51-21.2-28.61-18.27-12.94 2.86-21.12 15.66-18.26 28.61 4.71 21.41 4.91 37.41 4.7 61.6-.11 13.27 10.55 24.09 23.8 24.2h.2c13.17 0 23.89-10.61 24-23.8.18-22.18.4-44.11-5.83-72.34zm-40.12-90.72C417.29 43.46 337.6 1.29 252.81.02 183.02-.82 118.47 24.91 70.46 72.94 24.09 119.37-.9 181.04.14 246.65l-.12 21.47c-.39 13.25 10.03 24.31 23.28 24.69.23.02.48.02.72.02 12.92 0 23.59-10.3 23.97-23.3l.16-23.64c-.83-52.5 19.16-101.86 56.28-139 38.76-38.8 91.34-59.67 147.68-58.86 69.45 1.03 134.73 35.56 174.62 92.39 7.61 10.86 22.56 13.45 33.42 5.86 10.84-7.62 13.46-22.59 5.84-33.43z\"><\/path><\/svg>\t\t\t\t<\/span>\n\t\t\t<\/div>\n\t\t\t\n\t\t\t\t\t\t<div class=\"elementor-icon-box-content\">\n\n\t\t\t\t\t\t\t\t\t<h3 class=\"elementor-icon-box-title\">\n\t\t\t\t\t\t<span  >\n\t\t\t\t\t\t\tFortschrittliche Technologie\t\t\t\t\t\t<\/span>\n\t\t\t\t\t<\/h3>\n\t\t\t\t\n\t\t\t\t\t\t\t\t\t<p class=\"elementor-icon-box-description\">\n\t\t\t\t\t\tIntelligente Fernsteuerung\/App-Steuerung zur \u00dcberwachung des Betriebszustands der Leuchte. Die intelligente Energieverwaltung erm\u00f6glicht eine extrem lange Leuchtdauer. Kundenspezifische Produktanpassung.\t\t\t\t\t<\/p>\n\t\t\t\t\n\t\t\t<\/div>\n\t\t\t\n\t\t<\/div>\n\t\t\t\t\t\t<\/div>\n\t\t\t\t<\/div>\n\t\t<div class=\"elementor-element elementor-element-c2fbb09 e-con-full e-flex e-con e-child\" data-id=\"c2fbb09\" data-element_type=\"container\" data-e-type=\"container\">\n\t\t\t\t<div class=\"elementor-element elementor-element-9c193be elementor-view-stacked elementor-position-inline-start elementor-shape-circle elementor-mobile-position-block-start elementor-widget elementor-widget-icon-box\" data-id=\"9c193be\" data-element_type=\"widget\" data-e-type=\"widget\" data-widget_type=\"icon-box.default\">\n\t\t\t\t\t\t\t<div class=\"elementor-icon-box-wrapper\">\n\n\t\t\t\t\t\t<div class=\"elementor-icon-box-icon\">\n\t\t\t\t<span  class=\"elementor-icon\">\n\t\t\t\t<svg aria-hidden=\"true\" class=\"e-font-icon-svg e-fab-renren\" viewbox=\"0 0 512 512\" xmlns=\"http:\/\/www.w3.org\/2000\/svg\"><path d=\"M214 169.1c0 110.4-61 205.4-147.6 247.4C30 373.2 8 317.7 8 256.6 8 133.9 97.1 32.2 214 12.5v156.6zM255 504c-42.9 0-83.3-11-118.5-30.4C193.7 437.5 239.9 382.9 255 319c15.5 63.9 61.7 118.5 118.8 154.7C338.7 493 298.3 504 255 504zm190.6-87.5C359 374.5 298 279.6 298 169.1V12.5c116.9 19.7 206 121.4 206 244.1 0 61.1-22 116.6-58.4 159.9z\"><\/path><\/svg>\t\t\t\t<\/span>\n\t\t\t<\/div>\n\t\t\t\n\t\t\t\t\t\t<div class=\"elementor-icon-box-content\">\n\n\t\t\t\t\t\t\t\t\t<h3 class=\"elementor-icon-box-title\">\n\t\t\t\t\t\t<span  >\n\t\t\t\t\t\t\tProduktionsf\u00e4higkeit\t\t\t\t\t\t<\/span>\n\t\t\t\t\t<\/h3>\n\t\t\t\t\n\t\t\t\t\t\t\t\t\t<p class=\"elementor-icon-box-description\">\n\t\t\t\t\t\tDurch die Lagerhaltung von Standardprodukten k\u00f6nnen die Produktionszeiten verk\u00fcrzt und eine schnelle Lieferung innerhalb von 2\u20133 Tagen erm\u00f6glicht werden. 5 Produktionslinien und moderne Ausr\u00fcstung erm\u00f6glichen eine Massenproduktionskapazit\u00e4t von 20.000 St\u00fcck pro Monat.\t\t\t\t\t<\/p>\n\t\t\t\t\n\t\t\t<\/div>\n\t\t\t\n\t\t<\/div>\n\t\t\t\t\t\t<\/div>\n\t\t\t\t<\/div>\n\t\t<div class=\"elementor-element elementor-element-566bf1c e-con-full e-flex e-con e-child\" data-id=\"566bf1c\" data-element_type=\"container\" data-e-type=\"container\">\n\t\t\t\t<div class=\"elementor-element elementor-element-c1d0c28 elementor-view-stacked elementor-position-inline-start elementor-shape-circle elementor-mobile-position-block-start elementor-widget elementor-widget-icon-box\" data-id=\"c1d0c28\" data-element_type=\"widget\" data-e-type=\"widget\" data-widget_type=\"icon-box.default\">\n\t\t\t\t\t\t\t<div class=\"elementor-icon-box-wrapper\">\n\n\t\t\t\t\t\t<div class=\"elementor-icon-box-icon\">\n\t\t\t\t<span  class=\"elementor-icon\">\n\t\t\t\t<svg aria-hidden=\"true\" class=\"e-font-icon-svg e-fab-sketch\" viewbox=\"0 0 512 512\" xmlns=\"http:\/\/www.w3.org\/2000\/svg\"><path d=\"M27.5 162.2L9 187.1h90.5l6.9-130.7-78.9 105.8zM396.3 45.7L267.7 32l135.7 147.2-7.1-133.5zM112.2 218.3l-11.2-22H9.9L234.8 458zm2-31.2h284l-81.5-88.5L256.3 33zm297.3 9.1L277.6 458l224.8-261.7h-90.9zM415.4 69L406 56.4l.9 17.3 6.1 113.4h90.3zM113.5 93.5l-4.6 85.6L244.7 32 116.1 45.7zm287.7 102.7h-290l42.4 82.9L256.3 480l144.9-283.8z\"><\/path><\/svg>\t\t\t\t<\/span>\n\t\t\t<\/div>\n\t\t\t\n\t\t\t\t\t\t<div class=\"elementor-icon-box-content\">\n\n\t\t\t\t\t\t\t\t\t<h3 class=\"elementor-icon-box-title\">\n\t\t\t\t\t\t<span  >\n\t\t\t\t\t\t\tStabile Qualit\u00e4t\t\t\t\t\t\t<\/span>\n\t\t\t\t\t<\/h3>\n\t\t\t\t\n\t\t\t\t\t\t\t\t\t<p class=\"elementor-icon-box-description\">\n\t\t\t\t\t\tImplementierung eines japanischen QC- und QA-Managementsystems, Durchf\u00fchrung einer Vorablieferungspr\u00fcfung und -kontrolle durch Dritte bei jeder Bestellung.\t\t\t\t\t<\/p>\n\t\t\t\t\n\t\t\t<\/div>\n\t\t\t\n\t\t<\/div>\n\t\t\t\t\t\t<\/div>\n\t\t\t\t<\/div>\n\t\t\t\t\t<\/div>\n\t\t\t\t<\/div>\n\t\t\t\t<\/div>","protected":false},"excerpt":{"rendered":"<p>Secret all in the subtle Quality control is implemented in every process that ensures customers receive products free from defects [&hellip;]<\/p>\n","protected":false},"author":8,"featured_media":0,"parent":0,"menu_order":0,"comment_status":"closed","ping_status":"closed","template":"elementor_header_footer","meta":{"site-sidebar-layout":"default","site-content-layout":"","ast-site-content-layout":"full-width-container","site-content-style":"default","site-sidebar-style":"default","ast-global-header-display":"","ast-banner-title-visibility":"","ast-main-header-display":"","ast-hfb-above-header-display":"","ast-hfb-below-header-display":"","ast-hfb-mobile-header-display":"","site-post-title":"","ast-breadcrumbs-content":"","ast-featured-img":"","footer-sml-layout":"","ast-disable-related-posts":"","theme-transparent-header-meta":"","adv-header-id-meta":"","stick-header-meta":"","header-above-stick-meta":"","header-main-stick-meta":"","header-below-stick-meta":"","astra-migrate-meta-layouts":"default","ast-page-background-enabled":"default","ast-page-background-meta":{"desktop":{"background-color":"var(--ast-global-color-5)","background-image":"","background-repeat":"repeat","background-position":"center center","background-size":"auto","background-attachment":"scroll","background-type":"","background-media":"","overlay-type":"","overlay-color":"","overlay-opacity":"","overlay-gradient":""},"tablet":{"background-color":"","background-image":"","background-repeat":"repeat","background-position":"center center","background-size":"auto","background-attachment":"scroll","background-type":"","background-media":"","overlay-type":"","overlay-color":"","overlay-opacity":"","overlay-gradient":""},"mobile":{"background-color":"","background-image":"","background-repeat":"repeat","background-position":"center center","background-size":"auto","background-attachment":"scroll","background-type":"","background-media":"","overlay-type":"","overlay-color":"","overlay-opacity":"","overlay-gradient":""}},"ast-content-background-meta":{"desktop":{"background-color":"var(--ast-global-color-4)","background-image":"","background-repeat":"repeat","background-position":"center center","background-size":"auto","background-attachment":"scroll","background-type":"","background-media":"","overlay-type":"","overlay-color":"","overlay-opacity":"","overlay-gradient":""},"tablet":{"background-color":"var(--ast-global-color-4)","background-image":"","background-repeat":"repeat","background-position":"center center","background-size":"auto","background-attachment":"scroll","background-type":"","background-media":"","overlay-type":"","overlay-color":"","overlay-opacity":"","overlay-gradient":""},"mobile":{"background-color":"var(--ast-global-color-4)","background-image":"","background-repeat":"repeat","background-position":"center center","background-size":"auto","background-attachment":"scroll","background-type":"","background-media":"","overlay-type":"","overlay-color":"","overlay-opacity":"","overlay-gradient":""}},"footnotes":""},"class_list":["post-1815","page","type-page","status-publish","hentry"],"_links":{"self":[{"href":"https:\/\/luxmanlight.com\/de\/wp-json\/wp\/v2\/pages\/1815","targetHints":{"allow":["GET"]}}],"collection":[{"href":"https:\/\/luxmanlight.com\/de\/wp-json\/wp\/v2\/pages"}],"about":[{"href":"https:\/\/luxmanlight.com\/de\/wp-json\/wp\/v2\/types\/page"}],"author":[{"embeddable":true,"href":"https:\/\/luxmanlight.com\/de\/wp-json\/wp\/v2\/users\/8"}],"replies":[{"embeddable":true,"href":"https:\/\/luxmanlight.com\/de\/wp-json\/wp\/v2\/comments?post=1815"}],"version-history":[{"count":13,"href":"https:\/\/luxmanlight.com\/de\/wp-json\/wp\/v2\/pages\/1815\/revisions"}],"predecessor-version":[{"id":69810,"href":"https:\/\/luxmanlight.com\/de\/wp-json\/wp\/v2\/pages\/1815\/revisions\/69810"}],"wp:attachment":[{"href":"https:\/\/luxmanlight.com\/de\/wp-json\/wp\/v2\/media?parent=1815"}],"curies":[{"name":"wp","href":"https:\/\/api.w.org\/{rel}","templated":true}]}}