{"id":1476,"date":"2019-03-16T02:24:59","date_gmt":"2019-03-16T02:24:59","guid":{"rendered":"https:\/\/luxmanlight.com\/?page_id=1476"},"modified":"2026-02-09T02:53:35","modified_gmt":"2026-02-09T02:53:35","slug":"solarbetriebene-ausenleuchten","status":"publish","type":"page","link":"https:\/\/luxmanlight.com\/de\/solar-street-light-applications\/solar-powered-outdoor-lights\/","title":{"rendered":"Solar-Au\u00dfenbeleuchtung auf dem Campus"},"content":{"rendered":"<div data-elementor-type=\"wp-page\" data-elementor-id=\"1476\" class=\"elementor elementor-1476\" data-elementor-post-type=\"page\">\n\t\t\t\t<div class=\"elementor-element elementor-element-3698720 e-flex e-con-boxed e-con e-parent\" data-id=\"3698720\" data-element_type=\"container\" data-e-type=\"container\" data-settings=\"{&quot;background_background&quot;:&quot;classic&quot;}\">\n\t\t\t\t\t<div class=\"e-con-inner\">\n\t\t\t\t<div class=\"elementor-element elementor-element-38ed71c elementor-widget elementor-widget-heading\" data-id=\"38ed71c\" data-element_type=\"widget\" data-e-type=\"widget\" data-widget_type=\"heading.default\">\n\t\t\t\t\t<h2 class=\"elementor-heading-title elementor-size-default\">Anwendung f\u00fcr Solarbeleuchtung auf dem Campus<\/h2>\t\t\t\t<\/div>\n\t\t\t\t\t<\/div>\n\t\t\t\t<\/div>\n\t\t<div class=\"elementor-element elementor-element-8b46eb9 e-flex e-con-boxed e-con e-parent\" data-id=\"8b46eb9\" data-element_type=\"container\" data-e-type=\"container\">\n\t\t\t\t\t<div class=\"e-con-inner\">\n\t\t\t\t<div class=\"elementor-element elementor-element-54f4074 elementor-widget elementor-widget-spacer\" data-id=\"54f4074\" data-element_type=\"widget\" data-e-type=\"widget\" data-widget_type=\"spacer.default\">\n\t\t\t\t\t\t\t<div class=\"elementor-spacer\">\n\t\t\t<div class=\"elementor-spacer-inner\"><\/div>\n\t\t<\/div>\n\t\t\t\t\t\t<\/div>\n\t\t\t\t<div class=\"elementor-element elementor-element-f399244 elementor-widget elementor-widget-heading\" data-id=\"f399244\" data-element_type=\"widget\" data-e-type=\"widget\" data-widget_type=\"heading.default\">\n\t\t\t\t\t<h2 class=\"elementor-heading-title elementor-size-default\">Anwendungsfall<\/h2>\t\t\t\t<\/div>\n\t\t\t\t<div class=\"elementor-element elementor-element-6e6318a elementor-widget-divider--view-line elementor-widget elementor-widget-divider\" data-id=\"6e6318a\" data-element_type=\"widget\" data-e-type=\"widget\" data-widget_type=\"divider.default\">\n\t\t\t\t\t\t\t<div class=\"elementor-divider\">\n\t\t\t<span class=\"elementor-divider-separator\">\n\t\t\t\t\t\t<\/span>\n\t\t<\/div>\n\t\t\t\t\t\t<\/div>\n\t\t\t\t<div class=\"elementor-element elementor-element-e9e7c31 elementor-widget elementor-widget-text-editor\" data-id=\"e9e7c31\" data-element_type=\"widget\" data-e-type=\"widget\" data-widget_type=\"text-editor.default\">\n\t\t\t\t\t\t\t\t\t<p>Die solarbetriebenen Au\u00dfenleuchten von Luxman werden mit einer Fernbedienung geliefert, mit der Sie zwischen den voreingestellten Optionen PIR, Timer oder PIR + Timer w\u00e4hlen k\u00f6nnen.<\/p><p>Die solarbetriebenen Au\u00dfenleuchten verf\u00fcgen \u00fcber ein fortschrittliches optisches Design, verbesserte Solarpanel-Funktionen mit verbessertem Design f\u00fcr den separaten Zugriff auf das LED-Panel, ein wasserdichtes IP66-Batteriegeh\u00e4use und einen intelligenten Controller, um sehr effektive und schnell umsetzbare Beleuchtungsl\u00f6sungen zu erm\u00f6glichen. Diese robuste Standalone-L\u00f6sung ist f\u00fcr eine nachhaltige Zukunft sowohl in Wohngebieten als auch in st\u00e4dtischen Gebieten konzipiert.<\/p><p><a class=\"alignnone\" href=\"https:\/\/luxmanlight.com\/de\/\"><img fetchpriority=\"high\" decoding=\"async\" class=\"alignnone size-full wp-image-6897\" src=\"https:\/\/luxmanlight.com\/wp-content\/uploads\/2021\/09\/solar-powered-outdoor-lights-1.png.webp\" sizes=\"(max-width: 1200px) 100vw, 1200px\" srcset=\"https:\/\/luxmanlight.com\/wp-content\/uploads\/2021\/09\/solar-powered-outdoor-lights-1.png.webp 1200w, https:\/\/luxmanlight.com\/wp-content\/uploads\/2021\/09\/solar-powered-outdoor-lights-1-300x223.png.webp 300w, https:\/\/luxmanlight.com\/wp-content\/uploads\/2021\/09\/solar-powered-outdoor-lights-1-1030x764.png.webp 1030w, https:\/\/luxmanlight.com\/wp-content\/uploads\/2021\/09\/solar-powered-outdoor-lights-1-768x570.png.webp 768w, https:\/\/luxmanlight.com\/wp-content\/uploads\/2021\/09\/solar-powered-outdoor-lights-1-705x523.png.webp 705w, https:\/\/luxmanlight.com\/wp-content\/uploads\/2021\/09\/solar-powered-outdoor-lights-1-450x334.png.webp 450w\" alt=\"solarbetriebene Au\u00dfenleuchten\" width=\"1200\" height=\"890\" \/><\/a><\/p><p>Das intelligente Steuerungssystem berechnet die Lichtleistung auf wissenschaftlicher Basis in Abh\u00e4ngigkeit von Wetter und Batteriekapazit\u00e4t, um eine Beleuchtungsdauer sicherzustellen, die eine Beleuchtung das ganze Jahr \u00fcber erm\u00f6glicht.<\/p><p>Drei verschiedene Anzeigeleuchten zeigen den Betriebsstatus der Solarmodule, Batterien und Lichtquellen in Echtzeit an und erleichtern so die Wartung.<\/p>\t\t\t\t\t\t\t\t<\/div>\n\t\t<div class=\"elementor-element elementor-element-2dbfeda e-grid e-con-full e-con e-child\" data-id=\"2dbfeda\" data-element_type=\"container\" data-e-type=\"container\">\n\t\t\t\t<div class=\"elementor-element elementor-element-0555898 elementor-widget elementor-widget-image\" data-id=\"0555898\" data-element_type=\"widget\" data-e-type=\"widget\" data-widget_type=\"image.default\">\n\t\t\t\t\t\t\t\t\t\t\t\t\t\t\t<img decoding=\"async\" src=\"https:\/\/luxmanlight.com\/wp-content\/uploads\/2019\/03\/Luxman-light-inner-page-design-Campus-Solar-Lighting1.jpg.webp\" title=\"\" alt=\"Luxman-light-inneres-seiten-design-Campus-Solar-Lighting1\" loading=\"lazy\" \/>\t\t\t\t\t\t\t\t\t\t\t\t\t\t\t<\/div>\n\t\t\t\t<div class=\"elementor-element elementor-element-0df1906 elementor-widget elementor-widget-image\" data-id=\"0df1906\" data-element_type=\"widget\" data-e-type=\"widget\" data-widget_type=\"image.default\">\n\t\t\t\t\t\t\t\t\t\t\t\t\t\t\t<img decoding=\"async\" src=\"https:\/\/luxmanlight.com\/wp-content\/uploads\/2019\/03\/Luxman-light-inner-page-design-Campus-Solar-Lighting2.jpg.webp\" title=\"\" alt=\"Luxman-light-inneres-seiten-design-Campus-Solar-Lighting1\" loading=\"lazy\" \/>\t\t\t\t\t\t\t\t\t\t\t\t\t\t\t<\/div>\n\t\t\t\t<div class=\"elementor-element elementor-element-c1856b9 elementor-widget elementor-widget-image\" data-id=\"c1856b9\" data-element_type=\"widget\" data-e-type=\"widget\" data-widget_type=\"image.default\">\n\t\t\t\t\t\t\t\t\t\t\t\t\t\t\t<img decoding=\"async\" src=\"https:\/\/luxmanlight.com\/wp-content\/uploads\/2019\/03\/Luxman-light-inner-page-design-Campus-Solar-Lighting3.jpg\" title=\"\" alt=\"Luxman-light-inneres-seiten-design-Campus-Solar-Lighting1\" loading=\"lazy\" \/>\t\t\t\t\t\t\t\t\t\t\t\t\t\t\t<\/div>\n\t\t\t\t<\/div>\n\t\t\t\t\t<\/div>\n\t\t\t\t<\/div>\n\t\t<div class=\"elementor-element elementor-element-f9e8602 e-flex e-con-boxed e-con e-parent\" data-id=\"f9e8602\" data-element_type=\"container\" data-e-type=\"container\">\n\t\t\t\t\t<div class=\"e-con-inner\">\n\t\t\t\t<div class=\"elementor-element elementor-element-74f2b29 elementor-widget elementor-widget-spacer\" data-id=\"74f2b29\" data-element_type=\"widget\" data-e-type=\"widget\" data-widget_type=\"spacer.default\">\n\t\t\t\t\t\t\t<div class=\"elementor-spacer\">\n\t\t\t<div class=\"elementor-spacer-inner\"><\/div>\n\t\t<\/div>\n\t\t\t\t\t\t<\/div>\n\t\t\t\t<div class=\"elementor-element elementor-element-77a9fde elementor-widget elementor-widget-heading\" data-id=\"77a9fde\" data-element_type=\"widget\" data-e-type=\"widget\" data-widget_type=\"heading.default\">\n\t\t\t\t\t<h2 class=\"elementor-heading-title elementor-size-default\">Vorteile<\/h2>\t\t\t\t<\/div>\n\t\t\t\t<div class=\"elementor-element elementor-element-8106f30 elementor-widget elementor-widget-text-editor\" data-id=\"8106f30\" data-element_type=\"widget\" data-e-type=\"widget\" data-widget_type=\"text-editor.default\">\n\t\t\t\t\t\t\t\t\t<ul><li>Gew\u00e4hrleisten Sie die Sicherheit auf dem Campus durch Kameras, PIR- und Tageslichtsensoren.<\/li><li>Angetrieben durch Sonnenenergie, keine Stromrechnungen.<\/li><li>Intelligente Steuerung \u00fcber die mobile App oder Fernbedienung, einfach zu warten.<\/li><li>Geringere Investition, schnelle Amortisierung.<\/li><\/ul>\t\t\t\t\t\t\t\t<\/div>\n\t\t\t\t\t<\/div>\n\t\t\t\t<\/div>\n\t\t<div class=\"elementor-element elementor-element-fdc257f e-flex e-con-boxed e-con e-parent\" data-id=\"fdc257f\" data-element_type=\"container\" data-e-type=\"container\" data-settings=\"{&quot;background_background&quot;:&quot;classic&quot;}\">\n\t\t\t\t\t<div class=\"e-con-inner\">\n\t\t\t\t<div class=\"elementor-element elementor-element-a054a3b elementor-widget elementor-widget-spacer\" data-id=\"a054a3b\" data-element_type=\"widget\" data-e-type=\"widget\" data-widget_type=\"spacer.default\">\n\t\t\t\t\t\t\t<div class=\"elementor-spacer\">\n\t\t\t<div class=\"elementor-spacer-inner\"><\/div>\n\t\t<\/div>\n\t\t\t\t\t\t<\/div>\n\t\t\t\t<div class=\"elementor-element elementor-element-ab53976 elementor-widget elementor-widget-heading\" data-id=\"ab53976\" data-element_type=\"widget\" data-e-type=\"widget\" data-widget_type=\"heading.default\">\n\t\t\t\t\t<h2 class=\"elementor-heading-title elementor-size-default\">Unsere L\u00f6sung<\/h2>\t\t\t\t<\/div>\n\t\t\t\t<div class=\"elementor-element elementor-element-1aa8142 elementor-widget-divider--view-line elementor-widget elementor-widget-divider\" data-id=\"1aa8142\" data-element_type=\"widget\" data-e-type=\"widget\" data-widget_type=\"divider.default\">\n\t\t\t\t\t\t\t<div class=\"elementor-divider\">\n\t\t\t<span class=\"elementor-divider-separator\">\n\t\t\t\t\t\t<\/span>\n\t\t<\/div>\n\t\t\t\t\t\t<\/div>\n\t\t\t\t<div class=\"elementor-element elementor-element-b77144d elementor-widget elementor-widget-text-editor\" data-id=\"b77144d\" data-element_type=\"widget\" data-e-type=\"widget\" data-widget_type=\"text-editor.default\">\n\t\t\t\t\t\t\t\t\t<p>Projekte f\u00fcr Solarleuchten im Au\u00dfenbereich erfordern sehr hohe klimatische Bedingungen im Anwendungsbereich, wie beispielsweise Sonnenscheindauer, Regentage, L\u00e4ngen- und Breitengrad usw. Um eine effektive Solarbeleuchtungsl\u00f6sung bereitzustellen, entwickelt LUXMAN eine einzigartige, ma\u00dfgeschneiderte Solarbeleuchtungsl\u00f6sung entsprechend den von den Kunden angegebenen Anwendungsbedingungen.<\/p><p><strong><a href=\"https:\/\/luxmanlight.com\/de\/anwendungen-fur-solar-strasenlaternen\/\">Holen Sie sich die L\u00f6sung &gt;&gt;<\/a><\/strong><\/p>\t\t\t\t\t\t\t\t<\/div>\n\t\t\t\t\t<\/div>\n\t\t\t\t<\/div>\n\t\t<div class=\"elementor-element elementor-element-e7a08e1 e-flex e-con-boxed e-con e-parent\" data-id=\"e7a08e1\" data-element_type=\"container\" data-e-type=\"container\" data-settings=\"{&quot;background_background&quot;:&quot;classic&quot;}\">\n\t\t\t\t\t<div class=\"e-con-inner\">\n\t\t\t\t<div class=\"elementor-element elementor-element-1e9b4be elementor-widget elementor-widget-heading\" data-id=\"1e9b4be\" data-element_type=\"widget\" data-e-type=\"widget\" data-widget_type=\"heading.default\">\n\t\t\t\t\t<h3 class=\"elementor-heading-title elementor-size-default\">Wir freuen uns auf einen interessanten Gesch\u00e4ftsdialog mit Ihnen!<\/h3>\t\t\t\t<\/div>\n\t\t\t\t<div class=\"elementor-element elementor-element-e9090c2 elementor-widget elementor-widget-text-editor\" data-id=\"e9090c2\" data-element_type=\"widget\" data-e-type=\"widget\" data-widget_type=\"text-editor.default\">\n\t\t\t\t\t\t\t\t\t<p>\n<div class=\"wpcf7 no-js\" id=\"wpcf7-f1997-o1\" lang=\"en-US\" dir=\"ltr\" data-wpcf7-id=\"1997\">\n<div class=\"screen-reader-response\"><p role=\"status\" aria-live=\"polite\" aria-atomic=\"true\"><\/p> <ul><\/ul><\/div>\n<form action=\"\/de\/wp-json\/wp\/v2\/pages\/1476#wpcf7-f1997-o1\" method=\"post\" class=\"wpcf7-form init\" aria-label=\"Kontaktformular\" novalidate=\"novalidate\" data-status=\"init\" data-trp-original-action=\"\/de\/wp-json\/wp\/v2\/pages\/1476#wpcf7-f1997-o1\">\n<fieldset class=\"hidden-fields-container\"><input type=\"hidden\" name=\"_wpcf7\" value=\"1997\" \/><input type=\"hidden\" name=\"_wpcf7_version\" value=\"6.1.4\" \/><input type=\"hidden\" name=\"_wpcf7_locale\" value=\"en_US\" \/><input type=\"hidden\" name=\"_wpcf7_unit_tag\" value=\"wpcf7-f1997-o1\" \/><input type=\"hidden\" name=\"_wpcf7_container_post\" value=\"0\" \/><input type=\"hidden\" name=\"_wpcf7_posted_data_hash\" value=\"\" \/><input type=\"hidden\" name=\"_wpcf7_recaptcha_response\" value=\"\" \/>\n<\/fieldset>\n<div class=\"onecolumn\">\n\t<div class=\"input_item\">\n\t\t<p><span class=\"wpcf7-form-control-wrap\" data-name=\"your-name\"><input size=\"40\" maxlength=\"400\" class=\"wpcf7-form-control wpcf7-text wpcf7-validates-as-required\" aria-required=\"true\" aria-invalid=\"false\" placeholder=\"Name*\" value=\"\" type=\"text\" name=\"your-name\" \/><\/span>\n\t\t<\/p>\n\t<\/div>\n\t<div class=\"input_item\">\n\t\t<p><span class=\"wpcf7-form-control-wrap\" data-name=\"your-email\"><input size=\"40\" maxlength=\"400\" class=\"wpcf7-form-control wpcf7-email wpcf7-validates-as-required wpcf7-text wpcf7-validates-as-email\" aria-required=\"true\" aria-invalid=\"false\" placeholder=\"E-Mail*\" value=\"\" type=\"email\" name=\"your-email\" \/><\/span>\n\t\t<\/p>\n\t<\/div>\n\t<div class=\"input_item\">\n\t\t<p><span class=\"wpcf7-form-control-wrap\" data-name=\"your-telephone\"><input size=\"40\" maxlength=\"400\" class=\"wpcf7-form-control wpcf7-tel wpcf7-validates-as-required wpcf7-text wpcf7-validates-as-tel\" aria-required=\"true\" aria-invalid=\"false\" placeholder=\"Telefon*\" value=\"\" type=\"tel\" name=\"your-telephone\" \/><\/span>\n\t\t<\/p>\n\t<\/div>\n\t<div class=\"input_item\">\n\t\t<p><span class=\"wpcf7-form-control-wrap\" data-name=\"your-message\"><textarea cols=\"40\" rows=\"10\" maxlength=\"2000\" class=\"wpcf7-form-control wpcf7-textarea\" aria-invalid=\"false\" placeholder=\"Nachricht*\" name=\"your-message\"><\/textarea><\/span>\n\t\t<\/p>\n\t<\/div>\n<\/div>\n<p><input class=\"wpcf7-form-control wpcf7-submit has-spinner\" type=\"submit\" value=\"Einreichen\" \/>\n<\/p>\n<p><script>\ndocument.addEventListener( 'wpcf7mailsent', function( event ) {\n location = '\/thank-you\/';\n}, false );\n<\/script>\n<\/p><div class=\"wpcf7-response-output\" aria-hidden=\"true\"><\/div>\n<input type=\"hidden\" name=\"trp-form-language\" value=\"de\"\/><\/form>\n<\/div>\n<\/p>\t\t\t\t\t\t\t\t<\/div>\n\t\t\t\t\t<\/div>\n\t\t\t\t<\/div>\n\t\t\t\t<\/div>","protected":false},"excerpt":{"rendered":"<p>Campus Solar Lighting Application Application Case Luxman solar-powered outdoor lights come with remote control to select among the preset PIR, [&hellip;]<\/p>\n","protected":false},"author":8,"featured_media":15966,"parent":1469,"menu_order":0,"comment_status":"closed","ping_status":"closed","template":"elementor_header_footer","meta":{"site-sidebar-layout":"default","site-content-layout":"","ast-site-content-layout":"full-width-container","site-content-style":"default","site-sidebar-style":"default","ast-global-header-display":"","ast-banner-title-visibility":"","ast-main-header-display":"","ast-hfb-above-header-display":"","ast-hfb-below-header-display":"","ast-hfb-mobile-header-display":"","site-post-title":"","ast-breadcrumbs-content":"","ast-featured-img":"","footer-sml-layout":"","ast-disable-related-posts":"","theme-transparent-header-meta":"default","adv-header-id-meta":"","stick-header-meta":"","header-above-stick-meta":"","header-main-stick-meta":"","header-below-stick-meta":"","astra-migrate-meta-layouts":"set","ast-page-background-enabled":"default","ast-page-background-meta":{"desktop":{"background-color":"var(--ast-global-color-5)","background-image":"","background-repeat":"repeat","background-position":"center center","background-size":"auto","background-attachment":"scroll","background-type":"","background-media":"","overlay-type":"","overlay-color":"","overlay-opacity":"","overlay-gradient":""},"tablet":{"background-color":"","background-image":"","background-repeat":"repeat","background-position":"center center","background-size":"auto","background-attachment":"scroll","background-type":"","background-media":"","overlay-type":"","overlay-color":"","overlay-opacity":"","overlay-gradient":""},"mobile":{"background-color":"","background-image":"","background-repeat":"repeat","background-position":"center center","background-size":"auto","background-attachment":"scroll","background-type":"","background-media":"","overlay-type":"","overlay-color":"","overlay-opacity":"","overlay-gradient":""}},"ast-content-background-meta":{"desktop":{"background-color":"var(--ast-global-color-4)","background-image":"","background-repeat":"repeat","background-position":"center center","background-size":"auto","background-attachment":"scroll","background-type":"","background-media":"","overlay-type":"","overlay-color":"","overlay-opacity":"","overlay-gradient":""},"tablet":{"background-color":"var(--ast-global-color-4)","background-image":"","background-repeat":"repeat","background-position":"center center","background-size":"auto","background-attachment":"scroll","background-type":"","background-media":"","overlay-type":"","overlay-color":"","overlay-opacity":"","overlay-gradient":""},"mobile":{"background-color":"var(--ast-global-color-4)","background-image":"","background-repeat":"repeat","background-position":"center center","background-size":"auto","background-attachment":"scroll","background-type":"","background-media":"","overlay-type":"","overlay-color":"","overlay-opacity":"","overlay-gradient":""}},"footnotes":""},"class_list":["post-1476","page","type-page","status-publish","has-post-thumbnail","hentry"],"_links":{"self":[{"href":"https:\/\/luxmanlight.com\/de\/wp-json\/wp\/v2\/pages\/1476","targetHints":{"allow":["GET"]}}],"collection":[{"href":"https:\/\/luxmanlight.com\/de\/wp-json\/wp\/v2\/pages"}],"about":[{"href":"https:\/\/luxmanlight.com\/de\/wp-json\/wp\/v2\/types\/page"}],"author":[{"embeddable":true,"href":"https:\/\/luxmanlight.com\/de\/wp-json\/wp\/v2\/users\/8"}],"replies":[{"embeddable":true,"href":"https:\/\/luxmanlight.com\/de\/wp-json\/wp\/v2\/comments?post=1476"}],"version-history":[{"count":15,"href":"https:\/\/luxmanlight.com\/de\/wp-json\/wp\/v2\/pages\/1476\/revisions"}],"predecessor-version":[{"id":72065,"href":"https:\/\/luxmanlight.com\/de\/wp-json\/wp\/v2\/pages\/1476\/revisions\/72065"}],"up":[{"embeddable":true,"href":"https:\/\/luxmanlight.com\/de\/wp-json\/wp\/v2\/pages\/1469"}],"wp:featuredmedia":[{"embeddable":true,"href":"https:\/\/luxmanlight.com\/de\/wp-json\/wp\/v2\/media\/15966"}],"wp:attachment":[{"href":"https:\/\/luxmanlight.com\/de\/wp-json\/wp\/v2\/media?parent=1476"}],"curies":[{"name":"wp","href":"https:\/\/api.w.org\/{rel}","templated":true}]}}