{"id":1469,"date":"2019-03-16T01:23:50","date_gmt":"2019-03-16T01:23:50","guid":{"rendered":"https:\/\/luxmanlight.com\/?page_id=1469"},"modified":"2026-02-03T07:17:17","modified_gmt":"2026-02-03T07:17:17","slug":"anwendungen-fur-solar-strasenlaternen","status":"publish","type":"page","link":"https:\/\/luxmanlight.com\/de\/solar-street-light-applications\/","title":{"rendered":"Anwendung"},"content":{"rendered":"<div data-elementor-type=\"wp-page\" data-elementor-id=\"1469\" class=\"elementor elementor-1469\" data-elementor-post-type=\"page\">\n\t\t\t\t<div class=\"elementor-element elementor-element-faf7bf1 e-flex e-con-boxed e-con e-parent\" data-id=\"faf7bf1\" data-element_type=\"container\" data-e-type=\"container\" data-settings=\"{&quot;background_background&quot;:&quot;classic&quot;}\">\n\t\t\t\t\t<div class=\"e-con-inner\">\n\t\t\t\t<div class=\"elementor-element elementor-element-1d7706a elementor-widget elementor-widget-heading\" data-id=\"1d7706a\" data-element_type=\"widget\" data-e-type=\"widget\" data-widget_type=\"heading.default\">\n\t\t\t\t\t<h1 class=\"elementor-heading-title elementor-size-default\">Anwendungs\u00fcbersicht f\u00fcr Solar-Stra\u00dfenlaternen<\/h1>\t\t\t\t<\/div>\n\t\t\t\t<div class=\"elementor-element elementor-element-76c807e elementor-widget-divider--view-line elementor-widget elementor-widget-divider\" data-id=\"76c807e\" data-element_type=\"widget\" data-e-type=\"widget\" data-widget_type=\"divider.default\">\n\t\t\t\t\t\t\t<div class=\"elementor-divider\">\n\t\t\t<span class=\"elementor-divider-separator\">\n\t\t\t\t\t\t<\/span>\n\t\t<\/div>\n\t\t\t\t\t\t<\/div>\n\t\t\t\t<div class=\"elementor-element elementor-element-d414aba elementor-widget elementor-widget-text-editor\" data-id=\"d414aba\" data-element_type=\"widget\" data-e-type=\"widget\" data-widget_type=\"text-editor.default\">\n\t\t\t\t\t\t\t\t\t<p>Die Kosten f\u00fcr Strom aus dem herk\u00f6mmlichen Stromnetz steigen weiter an, da das \"System\" Sie, den Verbraucher, ausbeutet. Wir verzeichnen eine beispiellose Nachfrage nach Solarbeleuchtungs- und -stroml\u00f6sungen. Wir arbeiten mit Unternehmen zusammen, um innovative Energie- und Nachhaltigkeitsl\u00f6sungen zu entwickeln, die auf unserer langj\u00e4hrigen Erfahrung als Marktf\u00fchrer beruhen.<\/p>\t\t\t\t\t\t\t\t<\/div>\n\t\t\t\t\t<\/div>\n\t\t\t\t<\/div>\n\t\t<div class=\"elementor-element elementor-element-d54585f e-flex e-con-boxed e-con e-parent\" data-id=\"d54585f\" data-element_type=\"container\" data-e-type=\"container\">\n\t\t\t\t\t<div class=\"e-con-inner\">\n\t\t\t\t<div class=\"elementor-element elementor-element-e4a448c elementor-grid-3 elementor-grid-tablet-2 elementor-grid-mobile-1 elementor-widget elementor-widget-portfolio\" data-id=\"e4a448c\" data-element_type=\"widget\" data-e-type=\"widget\" data-settings=\"{&quot;item_ratio&quot;:{&quot;unit&quot;:&quot;px&quot;,&quot;size&quot;:1,&quot;sizes&quot;:[]},&quot;row_gap&quot;:{&quot;unit&quot;:&quot;px&quot;,&quot;size&quot;:10,&quot;sizes&quot;:[]},&quot;columns&quot;:&quot;3&quot;,&quot;columns_tablet&quot;:&quot;2&quot;,&quot;columns_mobile&quot;:&quot;1&quot;,&quot;item_gap&quot;:{&quot;unit&quot;:&quot;px&quot;,&quot;size&quot;:&quot;&quot;,&quot;sizes&quot;:[]}}\" data-widget_type=\"portfolio.default\">\n\t\t\t\t<div class=\"elementor-widget-container\">\n\t\t\t\t\t\t\t<div class=\"elementor-portfolio elementor-grid elementor-posts-container\" role=\"list\">\n\t\t\t\t<article class=\"elementor-portfolio-item elementor-post  post-4108 page type-page status-publish has-post-thumbnail hentry\" role=\"listitem\">\n\t\t\t<a class=\"elementor-post__thumbnail__link\" href=\"https:\/\/luxmanlight.com\/de\/solar-garden-light-4\/\">\n\t\t\t\t<div class=\"elementor-portfolio-item__img elementor-post__thumbnail\">\n\t\t\t<img fetchpriority=\"high\" decoding=\"async\" width=\"768\" height=\"485\" src=\"https:\/\/luxmanlight.com\/wp-content\/uploads\/2020\/04\/Integrated-solar-led-light-768x485.png\" class=\"attachment-medium_large size-medium_large wp-image-5154\" alt=\"integriertes Solar-LED-Licht\" srcset=\"https:\/\/luxmanlight.com\/wp-content\/uploads\/2020\/04\/Integrated-solar-led-light-768x485.png 768w, https:\/\/luxmanlight.com\/wp-content\/uploads\/2020\/04\/Integrated-solar-led-light-300x189.png 300w, https:\/\/luxmanlight.com\/wp-content\/uploads\/2020\/04\/Integrated-solar-led-light-705x445.png 705w, https:\/\/luxmanlight.com\/wp-content\/uploads\/2020\/04\/Integrated-solar-led-light-450x284.png 450w, https:\/\/luxmanlight.com\/wp-content\/uploads\/2020\/04\/Integrated-solar-led-light.png 800w\" sizes=\"(max-width: 768px) 100vw, 768px\" \/>\t\t<\/div>\n\t\t\t\t<div class=\"elementor-portfolio-item__overlay\">\n\t\t\t\t<h3 class=\"elementor-portfolio-item__title\">\n\t\tSOLAR-GARTENLEUCHTE\t\t<\/h3>\n\t\t\t\t<\/div>\n\t\t\t\t<\/a>\n\t\t<\/article>\n\t\t\t\t<article class=\"elementor-portfolio-item elementor-post  post-4056 page type-page status-publish has-post-thumbnail hentry\" role=\"listitem\">\n\t\t\t<a class=\"elementor-post__thumbnail__link\" href=\"https:\/\/luxmanlight.com\/de\/solar-security-light\/\">\n\t\t\t\t<div class=\"elementor-portfolio-item__img elementor-post__thumbnail\">\n\t\t\t<img decoding=\"async\" width=\"768\" height=\"432\" src=\"https:\/\/luxmanlight.com\/wp-content\/uploads\/2019\/11\/outdoor-lights-solar-security-light-garden-lights-parking-lot-lights-768x432.jpg\" class=\"attachment-medium_large size-medium_large wp-image-4292\" alt=\"Solar-Sicherheitsleuchte, Au\u00dfenleuchten, Gartenleuchten, Parkplatzleuchten\" srcset=\"https:\/\/luxmanlight.com\/wp-content\/uploads\/2019\/11\/outdoor-lights-solar-security-light-garden-lights-parking-lot-lights-768x432.jpg 768w, https:\/\/luxmanlight.com\/wp-content\/uploads\/2019\/11\/outdoor-lights-solar-security-light-garden-lights-parking-lot-lights-300x169.jpg 300w, https:\/\/luxmanlight.com\/wp-content\/uploads\/2019\/11\/outdoor-lights-solar-security-light-garden-lights-parking-lot-lights-1030x579.jpg 1030w, https:\/\/luxmanlight.com\/wp-content\/uploads\/2019\/11\/outdoor-lights-solar-security-light-garden-lights-parking-lot-lights-705x397.jpg 705w, https:\/\/luxmanlight.com\/wp-content\/uploads\/2019\/11\/outdoor-lights-solar-security-light-garden-lights-parking-lot-lights-450x253.jpg 450w, https:\/\/luxmanlight.com\/wp-content\/uploads\/2019\/11\/outdoor-lights-solar-security-light-garden-lights-parking-lot-lights.jpg 1280w\" sizes=\"(max-width: 768px) 100vw, 768px\" \/>\t\t<\/div>\n\t\t\t\t<div class=\"elementor-portfolio-item__overlay\">\n\t\t\t\t<h3 class=\"elementor-portfolio-item__title\">\n\t\tSolar-Sicherheitsleuchte\t\t<\/h3>\n\t\t\t\t<\/div>\n\t\t\t\t<\/a>\n\t\t<\/article>\n\t\t\t\t<article class=\"elementor-portfolio-item elementor-post  post-3134 page type-page status-publish has-post-thumbnail hentry\" role=\"listitem\">\n\t\t\t<a class=\"elementor-post__thumbnail__link\" href=\"https:\/\/luxmanlight.com\/de\/solar-construction-site-lighting\/\">\n\t\t\t\t<div class=\"elementor-portfolio-item__img elementor-post__thumbnail\">\n\t\t\t<img decoding=\"async\" width=\"437\" height=\"437\" src=\"https:\/\/luxmanlight.com\/wp-content\/uploads\/2019\/02\/Luxman-light-home-page-desigh-application-picture-construction-site-solar-lighting-1.jpg\" class=\"attachment-medium_large size-medium_large wp-image-1056\" alt=\"Solar-Stra\u00dfenlaterne\" srcset=\"https:\/\/luxmanlight.com\/wp-content\/uploads\/2019\/02\/Luxman-light-home-page-desigh-application-picture-construction-site-solar-lighting-1.jpg 437w, https:\/\/luxmanlight.com\/wp-content\/uploads\/2019\/02\/Luxman-light-home-page-desigh-application-picture-construction-site-solar-lighting-1-80x80.jpg 80w, https:\/\/luxmanlight.com\/wp-content\/uploads\/2019\/02\/Luxman-light-home-page-desigh-application-picture-construction-site-solar-lighting-1-300x300.jpg 300w, https:\/\/luxmanlight.com\/wp-content\/uploads\/2019\/02\/Luxman-light-home-page-desigh-application-picture-construction-site-solar-lighting-1-36x36.jpg 36w, https:\/\/luxmanlight.com\/wp-content\/uploads\/2019\/02\/Luxman-light-home-page-desigh-application-picture-construction-site-solar-lighting-1-180x180.jpg 180w, https:\/\/luxmanlight.com\/wp-content\/uploads\/2019\/02\/Luxman-light-home-page-desigh-application-picture-construction-site-solar-lighting-1-120x120.jpg 120w\" sizes=\"(max-width: 437px) 100vw, 437px\" \/>\t\t<\/div>\n\t\t\t\t<div class=\"elementor-portfolio-item__overlay\">\n\t\t\t\t<h3 class=\"elementor-portfolio-item__title\">\n\t\tSOLAR-BAUSTELLENBELEUCHTUNG\t\t<\/h3>\n\t\t\t\t<\/div>\n\t\t\t\t<\/a>\n\t\t<\/article>\n\t\t\t\t<article class=\"elementor-portfolio-item elementor-post  post-3115 page type-page status-publish has-post-thumbnail hentry\" role=\"listitem\">\n\t\t\t<a class=\"elementor-post__thumbnail__link\" href=\"https:\/\/luxmanlight.com\/de\/island-remote-area-lights\/\">\n\t\t\t\t<div class=\"elementor-portfolio-item__img elementor-post__thumbnail\">\n\t\t\t<img loading=\"lazy\" decoding=\"async\" width=\"768\" height=\"768\" src=\"https:\/\/luxmanlight.com\/wp-content\/uploads\/2019\/06\/luxman-light-768x768.jpg\" class=\"attachment-medium_large size-medium_large wp-image-3074\" alt=\"Solarleuchten f\u00fcr den Au\u00dfenbereich\" srcset=\"https:\/\/luxmanlight.com\/wp-content\/uploads\/2019\/06\/luxman-light-768x768.jpg 768w, https:\/\/luxmanlight.com\/wp-content\/uploads\/2019\/06\/luxman-light-80x80.jpg 80w, https:\/\/luxmanlight.com\/wp-content\/uploads\/2019\/06\/luxman-light-300x300.jpg 300w, https:\/\/luxmanlight.com\/wp-content\/uploads\/2019\/06\/luxman-light-1030x1030.jpg 1030w, https:\/\/luxmanlight.com\/wp-content\/uploads\/2019\/06\/luxman-light-36x36.jpg 36w, https:\/\/luxmanlight.com\/wp-content\/uploads\/2019\/06\/luxman-light-180x180.jpg 180w, https:\/\/luxmanlight.com\/wp-content\/uploads\/2019\/06\/luxman-light-705x705.jpg 705w, https:\/\/luxmanlight.com\/wp-content\/uploads\/2019\/06\/luxman-light-120x120.jpg 120w, https:\/\/luxmanlight.com\/wp-content\/uploads\/2019\/06\/luxman-light-450x450.jpg 450w, https:\/\/luxmanlight.com\/wp-content\/uploads\/2019\/06\/luxman-light.jpg 1337w\" sizes=\"(max-width: 768px) 100vw, 768px\" \/>\t\t<\/div>\n\t\t\t\t<div class=\"elementor-portfolio-item__overlay\">\n\t\t\t\t<h3 class=\"elementor-portfolio-item__title\">\n\t\tBELEUCHTUNG VON SOLARINSELN F\u00dcR ABGELEGENE GEBIETE\t\t<\/h3>\n\t\t\t\t<\/div>\n\t\t\t\t<\/a>\n\t\t<\/article>\n\t\t\t\t<article class=\"elementor-portfolio-item elementor-post  post-3098 page type-page status-publish has-post-thumbnail hentry\" role=\"listitem\">\n\t\t\t<a class=\"elementor-post__thumbnail__link\" href=\"https:\/\/luxmanlight.com\/de\/solar-road-lighting\/\">\n\t\t\t\t<div class=\"elementor-portfolio-item__img elementor-post__thumbnail\">\n\t\t\t<img loading=\"lazy\" decoding=\"async\" width=\"437\" height=\"437\" src=\"https:\/\/luxmanlight.com\/wp-content\/uploads\/2019\/02\/Luxman-light-home-page-desigh-application-picture-Road-Solar-Lighting-1.jpg\" class=\"attachment-medium_large size-medium_large wp-image-1046\" alt=\"Solar-Stra\u00dfenbeleuchtung\" srcset=\"https:\/\/luxmanlight.com\/wp-content\/uploads\/2019\/02\/Luxman-light-home-page-desigh-application-picture-Road-Solar-Lighting-1.jpg 437w, https:\/\/luxmanlight.com\/wp-content\/uploads\/2019\/02\/Luxman-light-home-page-desigh-application-picture-Road-Solar-Lighting-1-80x80.jpg 80w, https:\/\/luxmanlight.com\/wp-content\/uploads\/2019\/02\/Luxman-light-home-page-desigh-application-picture-Road-Solar-Lighting-1-300x300.jpg 300w, https:\/\/luxmanlight.com\/wp-content\/uploads\/2019\/02\/Luxman-light-home-page-desigh-application-picture-Road-Solar-Lighting-1-36x36.jpg 36w, https:\/\/luxmanlight.com\/wp-content\/uploads\/2019\/02\/Luxman-light-home-page-desigh-application-picture-Road-Solar-Lighting-1-180x180.jpg 180w, https:\/\/luxmanlight.com\/wp-content\/uploads\/2019\/02\/Luxman-light-home-page-desigh-application-picture-Road-Solar-Lighting-1-120x120.jpg 120w\" sizes=\"(max-width: 437px) 100vw, 437px\" \/>\t\t<\/div>\n\t\t\t\t<div class=\"elementor-portfolio-item__overlay\">\n\t\t\t\t<h3 class=\"elementor-portfolio-item__title\">\n\t\tSOLAR-STRASSENBELEUCHTUNG\t\t<\/h3>\n\t\t\t\t<\/div>\n\t\t\t\t<\/a>\n\t\t<\/article>\n\t\t\t\t<article class=\"elementor-portfolio-item elementor-post  post-2432 page type-page status-publish has-post-thumbnail hentry\" role=\"listitem\">\n\t\t\t<a class=\"elementor-post__thumbnail__link\" href=\"https:\/\/luxmanlight.com\/de\/solar-parking-lot-lights\/\">\n\t\t\t\t<div class=\"elementor-portfolio-item__img elementor-post__thumbnail\">\n\t\t\t<img loading=\"lazy\" decoding=\"async\" width=\"765\" height=\"490\" src=\"https:\/\/luxmanlight.com\/wp-content\/uploads\/2024\/01\/parking-lot-project-lighting.webp\" class=\"attachment-medium_large size-medium_large wp-image-18923\" alt=\"Parkplatz-Projektbeleuchtung\" srcset=\"https:\/\/luxmanlight.com\/wp-content\/uploads\/2024\/01\/parking-lot-project-lighting.webp 765w, https:\/\/luxmanlight.com\/wp-content\/uploads\/2024\/01\/parking-lot-project-lighting-300x192.webp 300w, https:\/\/luxmanlight.com\/wp-content\/uploads\/2024\/01\/parking-lot-project-lighting-18x12.webp 18w, https:\/\/luxmanlight.com\/wp-content\/uploads\/2024\/01\/parking-lot-project-lighting-705x452.webp 705w\" sizes=\"(max-width: 765px) 100vw, 765px\" \/>\t\t<\/div>\n\t\t\t\t<div class=\"elementor-portfolio-item__overlay\">\n\t\t\t\t<h3 class=\"elementor-portfolio-item__title\">\n\t\tSolarparkplatzbeleuchtung\t\t<\/h3>\n\t\t\t\t<\/div>\n\t\t\t\t<\/a>\n\t\t<\/article>\n\t\t\t\t<article class=\"elementor-portfolio-item elementor-post  post-2421 page type-page status-publish has-post-thumbnail hentry\" role=\"listitem\">\n\t\t\t<a class=\"elementor-post__thumbnail__link\" href=\"https:\/\/luxmanlight.com\/de\/solar-farm-lighting\/\">\n\t\t\t\t<div class=\"elementor-portfolio-item__img elementor-post__thumbnail\">\n\t\t\t<img loading=\"lazy\" decoding=\"async\" width=\"437\" height=\"437\" src=\"https:\/\/luxmanlight.com\/wp-content\/uploads\/2019\/05\/Luxman-light-farm-solar-light-1.jpg\" class=\"attachment-medium_large size-medium_large wp-image-2423\" alt=\"Luxman-Licht-Farm-Solarlicht\" srcset=\"https:\/\/luxmanlight.com\/wp-content\/uploads\/2019\/05\/Luxman-light-farm-solar-light-1.jpg 437w, https:\/\/luxmanlight.com\/wp-content\/uploads\/2019\/05\/Luxman-light-farm-solar-light-1-80x80.jpg 80w, https:\/\/luxmanlight.com\/wp-content\/uploads\/2019\/05\/Luxman-light-farm-solar-light-1-300x300.jpg 300w, https:\/\/luxmanlight.com\/wp-content\/uploads\/2019\/05\/Luxman-light-farm-solar-light-1-36x36.jpg 36w, https:\/\/luxmanlight.com\/wp-content\/uploads\/2019\/05\/Luxman-light-farm-solar-light-1-180x180.jpg 180w, https:\/\/luxmanlight.com\/wp-content\/uploads\/2019\/05\/Luxman-light-farm-solar-light-1-120x120.jpg 120w\" sizes=\"(max-width: 437px) 100vw, 437px\" \/>\t\t<\/div>\n\t\t\t\t<div class=\"elementor-portfolio-item__overlay\">\n\t\t\t\t<h3 class=\"elementor-portfolio-item__title\">\n\t\tBELEUCHTUNG F\u00dcR SOLARFARME\t\t<\/h3>\n\t\t\t\t<\/div>\n\t\t\t\t<\/a>\n\t\t<\/article>\n\t\t\t\t<article class=\"elementor-portfolio-item elementor-post  post-1476 page type-page status-publish has-post-thumbnail hentry\" role=\"listitem\">\n\t\t\t<a class=\"elementor-post__thumbnail__link\" href=\"https:\/\/luxmanlight.com\/de\/solar-street-light-applications\/solar-powered-outdoor-lights\/\">\n\t\t\t\t<div class=\"elementor-portfolio-item__img elementor-post__thumbnail\">\n\t\t\t<img loading=\"lazy\" decoding=\"async\" width=\"437\" height=\"437\" src=\"https:\/\/luxmanlight.com\/wp-content\/uploads\/2019\/02\/Luxman-light-home-page-desigh-application-picture-Campus-Solar-Lighting.jpg\" class=\"attachment-medium_large size-medium_large wp-image-15966\" alt=\"Campus Luxman-Licht\" srcset=\"https:\/\/luxmanlight.com\/wp-content\/uploads\/2019\/02\/Luxman-light-home-page-desigh-application-picture-Campus-Solar-Lighting.jpg 437w, https:\/\/luxmanlight.com\/wp-content\/uploads\/2019\/02\/Luxman-light-home-page-desigh-application-picture-Campus-Solar-Lighting-80x80.jpg 80w, https:\/\/luxmanlight.com\/wp-content\/uploads\/2019\/02\/Luxman-light-home-page-desigh-application-picture-Campus-Solar-Lighting-300x300.jpg 300w, https:\/\/luxmanlight.com\/wp-content\/uploads\/2019\/02\/Luxman-light-home-page-desigh-application-picture-Campus-Solar-Lighting-36x36.jpg 36w, https:\/\/luxmanlight.com\/wp-content\/uploads\/2019\/02\/Luxman-light-home-page-desigh-application-picture-Campus-Solar-Lighting-180x180.jpg 180w, https:\/\/luxmanlight.com\/wp-content\/uploads\/2019\/02\/Luxman-light-home-page-desigh-application-picture-Campus-Solar-Lighting-120x120.jpg 120w\" sizes=\"(max-width: 437px) 100vw, 437px\" \/>\t\t<\/div>\n\t\t\t\t<div class=\"elementor-portfolio-item__overlay\">\n\t\t\t\t<h3 class=\"elementor-portfolio-item__title\">\n\t\tSolar-Au\u00dfenbeleuchtung auf dem Campus\t\t<\/h3>\n\t\t\t\t<\/div>\n\t\t\t\t<\/a>\n\t\t<\/article>\n\t\t\t\t<\/div>\n\t\t\t\t\t\t<\/div>\n\t\t\t\t<\/div>\n\t\t\t\t\t<\/div>\n\t\t\t\t<\/div>\n\t\t\t\t<\/div>","protected":false},"excerpt":{"rendered":"<p>Solar Street Light Applications Overview The cost of \u2018traditional grid\u2019 electricity continues to rise as the \u2018system\u2019 gouges you, the [&hellip;]<\/p>\n","protected":false},"author":8,"featured_media":0,"parent":0,"menu_order":0,"comment_status":"closed","ping_status":"closed","template":"elementor_header_footer","meta":{"site-sidebar-layout":"default","site-content-layout":"","ast-site-content-layout":"full-width-container","site-content-style":"default","site-sidebar-style":"default","ast-global-header-display":"","ast-banner-title-visibility":"","ast-main-header-display":"","ast-hfb-above-header-display":"","ast-hfb-below-header-display":"","ast-hfb-mobile-header-display":"","site-post-title":"","ast-breadcrumbs-content":"","ast-featured-img":"","footer-sml-layout":"","ast-disable-related-posts":"","theme-transparent-header-meta":"","adv-header-id-meta":"","stick-header-meta":"","header-above-stick-meta":"","header-main-stick-meta":"","header-below-stick-meta":"","astra-migrate-meta-layouts":"default","ast-page-background-enabled":"default","ast-page-background-meta":{"desktop":{"background-color":"var(--ast-global-color-5)","background-image":"","background-repeat":"repeat","background-position":"center center","background-size":"auto","background-attachment":"scroll","background-type":"","background-media":"","overlay-type":"","overlay-color":"","overlay-opacity":"","overlay-gradient":""},"tablet":{"background-color":"","background-image":"","background-repeat":"repeat","background-position":"center center","background-size":"auto","background-attachment":"scroll","background-type":"","background-media":"","overlay-type":"","overlay-color":"","overlay-opacity":"","overlay-gradient":""},"mobile":{"background-color":"","background-image":"","background-repeat":"repeat","background-position":"center center","background-size":"auto","background-attachment":"scroll","background-type":"","background-media":"","overlay-type":"","overlay-color":"","overlay-opacity":"","overlay-gradient":""}},"ast-content-background-meta":{"desktop":{"background-color":"var(--ast-global-color-4)","background-image":"","background-repeat":"repeat","background-position":"center center","background-size":"auto","background-attachment":"scroll","background-type":"","background-media":"","overlay-type":"","overlay-color":"","overlay-opacity":"","overlay-gradient":""},"tablet":{"background-color":"var(--ast-global-color-4)","background-image":"","background-repeat":"repeat","background-position":"center center","background-size":"auto","background-attachment":"scroll","background-type":"","background-media":"","overlay-type":"","overlay-color":"","overlay-opacity":"","overlay-gradient":""},"mobile":{"background-color":"var(--ast-global-color-4)","background-image":"","background-repeat":"repeat","background-position":"center center","background-size":"auto","background-attachment":"scroll","background-type":"","background-media":"","overlay-type":"","overlay-color":"","overlay-opacity":"","overlay-gradient":""}},"footnotes":""},"class_list":["post-1469","page","type-page","status-publish","hentry"],"_links":{"self":[{"href":"https:\/\/luxmanlight.com\/de\/wp-json\/wp\/v2\/pages\/1469","targetHints":{"allow":["GET"]}}],"collection":[{"href":"https:\/\/luxmanlight.com\/de\/wp-json\/wp\/v2\/pages"}],"about":[{"href":"https:\/\/luxmanlight.com\/de\/wp-json\/wp\/v2\/types\/page"}],"author":[{"embeddable":true,"href":"https:\/\/luxmanlight.com\/de\/wp-json\/wp\/v2\/users\/8"}],"replies":[{"embeddable":true,"href":"https:\/\/luxmanlight.com\/de\/wp-json\/wp\/v2\/comments?post=1469"}],"version-history":[{"count":22,"href":"https:\/\/luxmanlight.com\/de\/wp-json\/wp\/v2\/pages\/1469\/revisions"}],"predecessor-version":[{"id":70412,"href":"https:\/\/luxmanlight.com\/de\/wp-json\/wp\/v2\/pages\/1469\/revisions\/70412"}],"wp:attachment":[{"href":"https:\/\/luxmanlight.com\/de\/wp-json\/wp\/v2\/media?parent=1469"}],"curies":[{"name":"wp","href":"https:\/\/api.w.org\/{rel}","templated":true}]}}